{"id":1312,"date":"2024-07-13T15:05:06","date_gmt":"2024-07-13T13:05:06","guid":{"rendered":"https:\/\/pluh2.wordpress.com\/?page_id=1312"},"modified":"2024-07-15T13:29:01","modified_gmt":"2024-07-15T13:29:01","slug":"links","status":"publish","type":"page","link":"https:\/\/pluh.org\/index.php\/links\/","title":{"rendered":"Links"},"content":{"rendered":"\n<h2 class=\"wp-block-heading\" id=\"partners\">partners<\/h2>\n\n\n\n<figure class=\"wp-block-table is-style-stripes\"><table class=\"has-fixed-layout\"><tbody><tr><td class=\"has-text-align-center\" data-align=\"center\"><strong>Partner<\/strong><\/td><td><strong>Information<\/strong><\/td><\/tr><tr><td class=\"has-text-align-center\" data-align=\"center\"><a href=\"https:\/\/nllg.eu\/\" target=\"_blank\" rel=\"noreferrer noopener\">Patrik Ou\u0159edn\u00edk<\/a><\/td><td>Homepage of Patrik Ou\u0159edn\u00edk; biography, reviews, interviews<\/td><\/tr><tr><td class=\"has-text-align-center\" data-align=\"center\">Milo\u0161 Urban<\/td><td>Homepage of Milo\u0161 Urban; longer excerpts from his work<\/td><\/tr><tr><td class=\"has-text-align-center\" data-align=\"center\"><a href=\"https:\/\/web.archive.org\/web\/20190705062528\/http:\/\/psivojaci.rock-jazz.cz\/\" target=\"_blank\" rel=\"noreferrer noopener\">Ps\u00ed Voj\u00e1ci<\/a><\/td><td>Homepage of the band Ps\u00ed Voj\u00e1ci (Filip Topol)<\/td><\/tr><tr><td class=\"has-text-align-center\" data-align=\"center\"><a href=\"https:\/\/www.iliteratura.cz\/\" data-type=\"link\" data-id=\"https:\/\/www.iliteratura.cz\/\" target=\"_blank\" rel=\"noreferrer noopener\">iLiteratura<\/a><\/td><td>Czech site about world literature, inlcuding articles, reviews etc. of Pluh<\/td><\/tr><\/tbody><\/table><\/figure>\n\n\n\n<h2 class=\"wp-block-heading\" id=\"publishers\">Publishers<\/h2>\n\n\n\n<figure class=\"wp-block-table is-style-stripes\"><table class=\"has-fixed-layout\"><tbody><tr><td class=\"has-text-align-left\" data-align=\"left\"><strong>Name<\/strong><\/td><td><strong>Information<\/strong><\/td><\/tr><tr><td class=\"has-text-align-left\" data-align=\"left\"><\/td><td>Dutch publisher of Milo\u0161 Urban, J\u00e1chym Topol and Josef \u0160kvoreck\u00fd<\/td><\/tr><tr><td class=\"has-text-align-left\" data-align=\"left\"><a href=\"https:\/\/argo.cz\/\" target=\"_blank\" rel=\"noreferrer noopener\">Nakladatelstv\u00ed Argo, Prague<\/a><\/td><td>Czech publisher of Milo\u0161 Urban<\/td><\/tr><tr><td class=\"has-text-align-left\" data-align=\"left\"><a href=\"https:\/\/www.dtv.de\/\" data-type=\"link\" data-id=\"https:\/\/www.dtv.de\/\" target=\"_blank\" rel=\"noreferrer noopener\">Deutscher Taschenbuch Verlag, Munich<\/a><\/td><td>German publisher of Milo\u0161 Urban<\/td><\/tr><tr><td class=\"has-text-align-left\" data-align=\"left\"><a href=\"http:\/\/www.luchterhand.de\/\" data-type=\"link\" data-id=\"http:\/\/www.luchterhand.de\/\" target=\"_blank\" rel=\"noreferrer noopener\">Luchterhand Verlag, Munich<\/a><\/td><td>German publisher of Petra H\u016flov\u00e1<\/td><\/tr><tr><td class=\"has-text-align-left\" data-align=\"left\"><a href=\"https:\/\/www.rowohlt.de\/verlag\/rowohlt-berlin\" data-type=\"link\" data-id=\"https:\/\/www.rowohlt.de\/verlag\/rowohlt-berlin\" target=\"_blank\" rel=\"noreferrer noopener\">Rowolht Verlag, Berlin<\/a><\/td><td>German publisher of Milo\u0161 Urban<\/td><\/tr><tr><td class=\"has-text-align-left\" data-align=\"left\"><a href=\"https:\/\/guia.barcelona.cat\/en\/directoris\/detall\/ediciones-el-anden_99400186429.html\" target=\"_blank\" rel=\"noreferrer noopener\">Ediciones El Anden, Barcelona<\/a><\/td><td>Spanish publisher of Milo\u0161 Urban<\/td><\/tr><tr><td class=\"has-text-align-left\" data-align=\"left\"><a href=\"https:\/\/lainfo.es\/\" data-type=\"link\" data-id=\"https:\/\/lainfo.es\/\" target=\"_blank\" rel=\"noreferrer noopener\">Ediciones B, Barcelona<\/a><\/td><td>Spanish publisher of Milo\u0161 Urban<\/td><\/tr><tr><td class=\"has-text-align-left\" data-align=\"left\"><a href=\"https:\/\/nupress.northwestern.edu\/\" target=\"_blank\" rel=\"noreferrer noopener\">Northwestern University Press, Evanston, USA<\/a><\/td><td>American publisher of Petra H\u016flov\u00e1<\/td><\/tr><tr><td class=\"has-text-align-left\" data-align=\"left\">Portobello Books, London<\/td><td>English publisher of J\u00e1chym Topol<\/td><\/tr><tr><td class=\"has-text-align-left\" data-align=\"left\"><a href=\"https:\/\/www.absynt.sk\/kalligram\" target=\"_blank\" rel=\"noreferrer noopener\">Vydavatelstvo Kalligram, Bratislava &#8211; Budapest<\/a><\/td><td>Hungarian publisher of Milo\u0161 Urban, J\u00e1chym Topol and Patrik Ou\u0159edn\u00edk<\/td><\/tr><tr><td class=\"has-text-align-left\" data-align=\"left\"><a href=\"https:\/\/www.colibri.bg\/eng\/\" target=\"_blank\" rel=\"noreferrer noopener\">Colibri, Sofia<\/a><\/td><td>Bulgarian publisher of Milo\u0161 Urban<\/td><\/tr><tr><td class=\"has-text-align-left\" data-align=\"left\"><a href=\"https:\/\/uitgeverijprometheus.nl\/\" target=\"_blank\" rel=\"noreferrer noopener\">Uitgeverij Prometheus\/Bert Bakker, Amsterdam<\/a><\/td><td>Dutch publisher of Petra H\u016flov\u00e1 and Connie Palmen<\/td><\/tr><tr><td class=\"has-text-align-left\" data-align=\"left\"><a href=\"https:\/\/www.torst.cz\/czech\/index.php\" data-type=\"link\" data-id=\"https:\/\/www.torst.cz\/czech\/index.php\" target=\"_blank\" rel=\"noreferrer noopener\">Nakladatelstv\u00ed Torst, Prague<\/a><\/td><td>Czech publisher of Petra H\u016flov\u00e1, Tom\u00e1\u0161 Kolsk\u00fd, J\u00e1chym Topol, Anna Zonov\u00e1 and Magdalena Platzov\u00e1<\/td><\/tr><tr><td class=\"has-text-align-left\" data-align=\"left\"><a href=\"https:\/\/www.seuil.com\/\" target=\"_blank\" rel=\"noreferrer noopener\">\u00c9ditions du Seuil, Paris<\/a><\/td><td>French publisher of Petra H\u016flov\u00e1 and Tom\u00e1\u0161 Kolsk\u00fd<\/td><\/tr><tr><td class=\"has-text-align-left\" data-align=\"left\">Wydawnictwa W.A.B., Warsaw<\/td><td>Polish publisher of J\u00e1chym Topol and Petra H\u016flov\u00e1<\/td><\/tr><tr><td class=\"has-text-align-left\" data-align=\"left\"><a href=\"https:\/\/europakiado.hu\/\" target=\"_blank\" rel=\"noreferrer noopener\">Eur\u00f3pa K\u00f6nyvkiad\u00f3, Budapest<\/a><\/td><td>Hungarian publisher of Petra H\u016flov\u00e1<\/td><\/tr><tr><td class=\"has-text-align-left\" data-align=\"left\"><a href=\"https:\/\/www.mata.cz\/\" target=\"_blank\" rel=\"noreferrer noopener\">Ma\u0165a Publishers, Prague<\/a><\/td><td>Czech publisher of Filip Topol<\/td><\/tr><tr><td class=\"has-text-align-left\" data-align=\"left\"><a href=\"https:\/\/www.paseka.cz\/\" target=\"_blank\" rel=\"noreferrer noopener\">Nakladatelstv\u00ed Paseka, Prague<\/a><\/td><td>Czech publisher of Margriet de Moor, Arnon Grunberg and Kv\u011bta Leg\u00e1tov\u00e1<\/td><\/tr><tr><td class=\"has-text-align-left\" data-align=\"left\"><a href=\"https:\/\/www.mfknihy.cz\/\" target=\"_blank\" rel=\"noreferrer noopener\">Nakladatelstv\u00ed Mlad\u00e1 Fronta, Prague<\/a><\/td><td>Czech publisher of Margriet de Moor<\/td><\/tr><tr><td class=\"has-text-align-left\" data-align=\"left\"><a href=\"https:\/\/www.atlascontact.nl\/\" target=\"_blank\" rel=\"noreferrer noopener\">Uitgeverij Contact, Amsterdam<\/a><\/td><td>Dutch publisher of Margriet de Moor<\/td><\/tr><tr><td class=\"has-text-align-left\" data-align=\"left\"><a href=\"http:\/\/www.eaurora.cz\/aurora.htm\" data-type=\"link\" data-id=\"http:\/\/www.eaurora.cz\/aurora.htm\" target=\"_blank\" rel=\"noreferrer noopener\">Nakladatelstv\u00ed Aurora, Prague<\/a><\/td><td>Czech publisher of Connie Palmen<\/td><\/tr><tr><td class=\"has-text-align-left\" data-align=\"left\"><a href=\"https:\/\/www.singeluitgeverijen.nl\/de-geus\/\" data-type=\"link\" data-id=\"https:\/\/www.singeluitgeverijen.nl\/de-geus\/\" target=\"_blank\" rel=\"noreferrer noopener\">Uitgeverij De Geus, Breda<\/a><\/td><td>Dutch publisher of Daniela Hodrov\u00e1<\/td><\/tr><tr><td class=\"has-text-align-left\" data-align=\"left\"><a href=\"https:\/\/wereldbibliotheek.nl\/\" target=\"_blank\" rel=\"noreferrer noopener\">Uitgeverij Wereldbibliotheek, Amsterdam<\/a><\/td><td>Dutch publisher of Michal Viewegh, Zuzana Brabcov\u00e1, Karol Sidon and Kv\u011bta Leg\u00e1tov\u00e1<\/td><\/tr><tr><td class=\"has-text-align-left\" data-align=\"left\"><a href=\"https:\/\/www.lisez.com\/robert-laffont\/2\" data-type=\"link\" data-id=\"https:\/\/www.lisez.com\/robert-laffont\/2\" target=\"_blank\" rel=\"noreferrer noopener\">\u00c9ditions Robert Laffont, Paris<\/a><\/td><td>French publisher of J\u00e1chym Topol<\/td><\/tr><tr><td class=\"has-text-align-left\" data-align=\"left\"><a href=\"http:\/\/www.catbirdpress.com\/\" data-type=\"link\" data-id=\"http:\/\/www.catbirdpress.com\/\" target=\"_blank\" rel=\"noreferrer noopener\">Catbird Press, North Haven<\/a><\/td><td>American publisher of J\u00e1chym Topol<\/td><\/tr><tr><td class=\"has-text-align-left\" data-align=\"left\"><a href=\"https:\/\/ramusforlag.se\/\" data-type=\"link\" data-id=\"https:\/\/ramusforlag.se\/\" target=\"_blank\" rel=\"noreferrer noopener\">R\u00e1mus F\u00f6rlag HB, Malm\u00f6<\/a><\/td><td>Swedish publisher of J\u00e1chym Topol<\/td><\/tr><tr><td class=\"has-text-align-left\" data-align=\"left\"><\/td><td><\/td><\/tr><\/tbody><\/table><\/figure>\n\n\n\n<h2 class=\"wp-block-heading\" id=\"useful-sites\">Useful sites<\/h2>\n\n\n\n<figure class=\"wp-block-table is-style-stripes\"><table class=\"has-fixed-layout\"><tbody><tr><td class=\"has-text-align-center\" data-align=\"center\"><strong>Partner<\/strong><\/td><td><strong>Information<\/strong><\/td><\/tr><tr><td class=\"has-text-align-center\" data-align=\"center\">Blogspot, United States<\/td><td>Eastern European literature and J\u00e1chym Topol<\/td><\/tr><tr><td class=\"has-text-align-center\" data-align=\"center\"><a href=\"https:\/\/www.hostbrno.cz\/\" data-type=\"link\" data-id=\"https:\/\/www.hostbrno.cz\/\" target=\"_blank\" rel=\"noreferrer noopener\">Host, Brno<\/a><\/td><td>Czech literary magazine, including articles, reviews etc. of Pluh<\/td><\/tr><tr><td class=\"has-text-align-center\" data-align=\"center\"><a href=\"https:\/\/www.kosmas.cz\/\" data-type=\"link\" data-id=\"https:\/\/www.kosmas.cz\/\" target=\"_blank\" rel=\"noreferrer noopener\">Kosmas internet bookshop<\/a><\/td><td>Czech books on line<\/td><\/tr><tr><td class=\"has-text-align-center\" data-align=\"center\"><a href=\"https:\/\/rotterdam.czechcentres.cz\/\" target=\"_blank\" rel=\"noreferrer noopener\">Czech centre, The Hague<\/a><\/td><td>Dutch site about Czech cultural actvities in the Netherlands<\/td><\/tr><\/tbody><\/table><\/figure>\n","protected":false},"excerpt":{"rendered":"<p>partners Partner Information Patrik Ou\u0159edn\u00edk Homepage of Patrik Ou\u0159edn\u00edk; biography, reviews, interviews Milo\u0161 Urban Homepage of Milo\u0161 Urban; longer excerpts from his work Ps\u00ed Voj\u00e1ci Homepage of the band Ps\u00ed Voj\u00e1ci (Filip Topol) iLiteratura Czech site about world literature, inlcuding articles, reviews etc. of Pluh Publishers Name Information Dutch publisher of Milo\u0161 Urban, J\u00e1chym Topol [&hellip;]<\/p>\n","protected":false},"author":1,"featured_media":0,"parent":0,"menu_order":0,"comment_status":"closed","ping_status":"closed","template":"","meta":{"footnotes":""},"class_list":["post-1312","page","type-page","status-publish","hentry"],"_links":{"self":[{"href":"https:\/\/pluh.org\/index.php\/wp-json\/wp\/v2\/pages\/1312","targetHints":{"allow":["GET"]}}],"collection":[{"href":"https:\/\/pluh.org\/index.php\/wp-json\/wp\/v2\/pages"}],"about":[{"href":"https:\/\/pluh.org\/index.php\/wp-json\/wp\/v2\/types\/page"}],"author":[{"embeddable":true,"href":"https:\/\/pluh.org\/index.php\/wp-json\/wp\/v2\/users\/1"}],"replies":[{"embeddable":true,"href":"https:\/\/pluh.org\/index.php\/wp-json\/wp\/v2\/comments?post=1312"}],"version-history":[{"count":3,"href":"https:\/\/pluh.org\/index.php\/wp-json\/wp\/v2\/pages\/1312\/revisions"}],"predecessor-version":[{"id":1610,"href":"https:\/\/pluh.org\/index.php\/wp-json\/wp\/v2\/pages\/1312\/revisions\/1610"}],"wp:attachment":[{"href":"https:\/\/pluh.org\/index.php\/wp-json\/wp\/v2\/media?parent=1312"}],"curies":[{"name":"wp","href":"https:\/\/api.w.org\/{rel}","templated":true}]}}