{"id":1357,"date":"2024-07-13T23:18:57","date_gmt":"2024-07-13T21:18:57","guid":{"rendered":"https:\/\/pluh2.wordpress.com\/?page_id=1357"},"modified":"2026-02-28T13:06:29","modified_gmt":"2026-02-28T13:06:29","slug":"authors","status":"publish","type":"page","link":"https:\/\/pluh.org\/index.php\/authors\/","title":{"rendered":"Authors"},"content":{"rendered":"\n<div class=\"wp-block-group alignwide has-theme-1-color has-theme-5-background-color has-text-color has-background has-link-color wp-elements-e86bf36cd08163d4935ea06b2050b846 has-global-padding is-layout-constrained wp-block-group-is-layout-constrained\" id=\"people\" style=\"margin-top:0px;margin-bottom:0px;padding-top:var(--wp--preset--spacing--80);padding-bottom:var(--wp--preset--spacing--80)\">\n<div class=\"wp-block-group alignwide has-global-padding is-layout-constrained wp-container-core-group-is-layout-d3543a3b wp-block-group-is-layout-constrained\">\n<div class=\"wp-block-columns alignwide is-layout-flex wp-container-core-columns-is-layout-47c06fe3 wp-block-columns-is-layout-flex\">\n<div class=\"wp-block-column is-layout-flow wp-block-column-is-layout-flow\">\n<div class=\"wp-block-group alignfull has-global-padding is-content-justification-center is-layout-constrained wp-container-core-group-is-layout-df757ecc wp-block-group-is-layout-constrained\" style=\"margin-top:0;margin-bottom:0;padding-top:calc( 0.5 * var(--wp--style--root--padding-right, var(--wp--custom--gap--horizontal)));padding-right:var(--wp--style--root--padding-right, var(--wp--custom--gap--horizontal));padding-bottom:calc( 0.5 * var(--wp--style--root--padding-right, var(--wp--custom--gap--horizontal)));padding-left:var(--wp--style--root--padding-left, var(--wp--custom--gap--horizontal))\">\n<div class=\"wp-block-group alignfull has-global-padding is-content-justification-center is-layout-constrained wp-container-core-group-is-layout-df757ecc wp-block-group-is-layout-constrained\" style=\"margin-top:0;margin-bottom:0;padding-top:calc( 0.5 * var(--wp--style--root--padding-right, var(--wp--custom--gap--horizontal)));padding-right:var(--wp--style--root--padding-right, var(--wp--custom--gap--horizontal));padding-bottom:calc( 0.5 * var(--wp--style--root--padding-right, var(--wp--custom--gap--horizontal)));padding-left:var(--wp--style--root--padding-left, var(--wp--custom--gap--horizontal))\">\n<div class=\"wp-block-columns alignwide is-layout-flex wp-container-core-columns-is-layout-4935966c wp-block-columns-is-layout-flex\" style=\"padding-right:0;padding-left:0\">\n<div class=\"wp-block-column is-layout-flow wp-container-core-column-is-layout-1a0eff7f wp-block-column-is-layout-flow\" style=\"flex-basis:25%\">\n<figure class=\"wp-block-image size-large\"><a href=\"https:\/\/pluh.org\/index.php\/patrik-ourednik\/\"><img decoding=\"async\" src=\"https:\/\/pluh2.wordpress.com\/wp-content\/uploads\/2024\/07\/patrik-ourednik-daniel-faugeron-2-edited-2.jpg?w=587\" alt=\"\" class=\"wp-image-144\" style=\"aspect-ratio:2\/3;object-fit:cover\"\/><\/a><\/figure>\n\n\n\n<div class=\"wp-block-group is-layout-flow wp-container-core-group-is-layout-a77db08e wp-block-group-is-layout-flow\">\n<h3 class=\"wp-block-heading has-medium-font-size\">Patrik Ou\u0159edn\u00edk<\/h3>\n\n\n\n<p class=\"has-small-font-size\">\u00a9 Daniel Faugeron<\/p>\n<\/div>\n\n\n\n<figure class=\"wp-block-image size-full\"><a href=\"https:\/\/pluh.org\/index.php\/bianca-bellova\/\"><img loading=\"lazy\" decoding=\"async\" width=\"500\" height=\"667\" src=\"https:\/\/pluh.org\/wp-content\/uploads\/2024\/07\/Bianca-Bellova-copyright-Marta-Rezova-edited.jpg\" alt=\"\" class=\"wp-image-1622\" style=\"aspect-ratio:2\/3;object-fit:cover\" srcset=\"https:\/\/pluh.org\/wp-content\/uploads\/2024\/07\/Bianca-Bellova-copyright-Marta-Rezova-edited.jpg 500w, https:\/\/pluh.org\/wp-content\/uploads\/2024\/07\/Bianca-Bellova-copyright-Marta-Rezova-edited-225x300.jpg 225w\" sizes=\"auto, (max-width: 500px) 100vw, 500px\" \/><\/a><\/figure>\n\n\n\n<div class=\"wp-block-group is-layout-flow wp-container-core-group-is-layout-a77db08e wp-block-group-is-layout-flow\">\n<h3 class=\"wp-block-heading has-medium-font-size\">Bianca Bellov\u00e1<\/h3>\n\n\n\n<p class=\"has-small-font-size\">\u00a9 Marta Re\u017eov\u00e1<\/p>\n<\/div>\n\n\n\n<figure class=\"wp-block-image size-full\"><a href=\"https:\/\/pluh.org\/index.php\/jan-balaban-4\/\"><img loading=\"lazy\" decoding=\"async\" width=\"497\" height=\"662\" src=\"https:\/\/pluh.org\/wp-content\/uploads\/2024\/07\/Jan-Balaban-1-edited.jpg\" alt=\"\" class=\"wp-image-1596\" style=\"aspect-ratio:2\/3;object-fit:cover\" srcset=\"https:\/\/pluh.org\/wp-content\/uploads\/2024\/07\/Jan-Balaban-1-edited.jpg 497w, https:\/\/pluh.org\/wp-content\/uploads\/2024\/07\/Jan-Balaban-1-edited-225x300.jpg 225w\" sizes=\"auto, (max-width: 497px) 100vw, 497px\" \/><\/a><\/figure>\n\n\n\n<div class=\"wp-block-group is-layout-flow wp-container-core-group-is-layout-a77db08e wp-block-group-is-layout-flow\">\n<h3 class=\"wp-block-heading has-medium-font-size\">Jan Balab\u00e1n<\/h3>\n\n\n\n<p class=\"has-small-font-size\"><mark style=\"background-color:rgba(0, 0, 0, 0)\" class=\"has-inline-color has-theme-5-color\">\u00a9 owner<\/mark><\/p>\n<\/div>\n<\/div>\n\n\n\n<div class=\"wp-block-column is-layout-flow wp-container-core-column-is-layout-1a0eff7f wp-block-column-is-layout-flow\" style=\"flex-basis:25%\">\n<figure class=\"wp-block-image size-large\"><a href=\"https:\/\/pluh.org\/index.php\/jachym-topol-3\/\"><img decoding=\"async\" src=\"https:\/\/pluh2.wordpress.com\/wp-content\/uploads\/2024\/07\/jachym-topol-copyright-edgar-de-bruin-2-edited.jpg?w=473\" alt=\"\" class=\"wp-image-146\" style=\"aspect-ratio:2\/3;object-fit:cover\"\/><\/a><\/figure>\n\n\n\n<div class=\"wp-block-group is-layout-flow wp-container-core-group-is-layout-a77db08e wp-block-group-is-layout-flow\">\n<h3 class=\"wp-block-heading has-medium-font-size\">J\u00e1chym Topol<\/h3>\n\n\n\n<p class=\"has-small-font-size\">\u00a9 Edgar de Bruin<\/p>\n<\/div>\n\n\n\n<figure class=\"wp-block-image size-full\"><a href=\"https:\/\/pluh.org\/index.php\/tomas-zmeskal-3\/\"><img loading=\"lazy\" decoding=\"async\" width=\"500\" height=\"667\" src=\"https:\/\/pluh.org\/wp-content\/uploads\/2024\/07\/Tomas-Zmeskal-edited.jpg\" alt=\"\" class=\"wp-image-1626\" style=\"aspect-ratio:2\/3;object-fit:cover\" srcset=\"https:\/\/pluh.org\/wp-content\/uploads\/2024\/07\/Tomas-Zmeskal-edited.jpg 500w, https:\/\/pluh.org\/wp-content\/uploads\/2024\/07\/Tomas-Zmeskal-edited-225x300.jpg 225w\" sizes=\"auto, (max-width: 500px) 100vw, 500px\" \/><\/a><\/figure>\n\n\n\n<div class=\"wp-block-group is-layout-flow wp-container-core-group-is-layout-a77db08e wp-block-group-is-layout-flow\">\n<h3 class=\"wp-block-heading has-medium-font-size\">Tom\u00e1\u0161 Zme\u0161kal<\/h3>\n\n\n\n<p class=\"has-small-font-size\"><mark style=\"background-color:rgba(0, 0, 0, 0)\" class=\"has-inline-color has-theme-5-color\">\u00a9  owner<\/mark><\/p>\n<\/div>\n\n\n\n<figure class=\"wp-block-image size-full\"><a href=\"https:\/\/pluh.org\/index.php\/zuzana-brabcova\/\"><img loading=\"lazy\" decoding=\"async\" width=\"628\" height=\"837\" src=\"https:\/\/pluh.org\/wp-content\/uploads\/2024\/07\/Zuzana-Brabcova-copyright-Edgar-de-Bruin-edited.jpg\" alt=\"\" class=\"wp-image-1597\" style=\"aspect-ratio:2\/3;object-fit:cover\" srcset=\"https:\/\/pluh.org\/wp-content\/uploads\/2024\/07\/Zuzana-Brabcova-copyright-Edgar-de-Bruin-edited.jpg 628w, https:\/\/pluh.org\/wp-content\/uploads\/2024\/07\/Zuzana-Brabcova-copyright-Edgar-de-Bruin-edited-225x300.jpg 225w\" sizes=\"auto, (max-width: 628px) 100vw, 628px\" \/><\/a><\/figure>\n\n\n\n<div class=\"wp-block-group is-layout-flow wp-container-core-group-is-layout-a77db08e wp-block-group-is-layout-flow\">\n<h3 class=\"wp-block-heading has-medium-font-size\">Zuzana Brabcov\u00e1<\/h3>\n\n\n\n<p class=\"has-small-font-size\">\u00a9 Edgar de Bruin<\/p>\n<\/div>\n<\/div>\n\n\n\n<div class=\"wp-block-column is-layout-flow wp-container-core-column-is-layout-1a0eff7f wp-block-column-is-layout-flow\" style=\"flex-basis:25%\">\n<figure class=\"wp-block-image size-full\"><a href=\"https:\/\/pluh.org\/index.php\/authors\/marketa-pilatova\/\"><img loading=\"lazy\" decoding=\"async\" width=\"500\" height=\"667\" src=\"https:\/\/pluh.org\/wp-content\/uploads\/2024\/07\/Marketa-Pilatova-copyright-David-Konecny-edited.jpg\" alt=\"\" class=\"wp-image-1598\" style=\"aspect-ratio:2\/3;object-fit:cover\" srcset=\"https:\/\/pluh.org\/wp-content\/uploads\/2024\/07\/Marketa-Pilatova-copyright-David-Konecny-edited.jpg 500w, https:\/\/pluh.org\/wp-content\/uploads\/2024\/07\/Marketa-Pilatova-copyright-David-Konecny-edited-225x300.jpg 225w\" sizes=\"auto, (max-width: 500px) 100vw, 500px\" \/><\/a><\/figure>\n\n\n\n<div class=\"wp-block-group is-layout-flow wp-container-core-group-is-layout-a77db08e wp-block-group-is-layout-flow\">\n<h3 class=\"wp-block-heading has-medium-font-size\">Mark\u00e9ta Pil\u00e1tov\u00e1<\/h3>\n\n\n\n<p class=\"has-small-font-size\">\u00a9 David Kone\u010dn\u00fd<\/p>\n<\/div>\n\n\n\n<figure class=\"wp-block-image size-full\"><a href=\"https:\/\/pluh.org\/index.php\/authors\/klara-vlasakova\/\"><img loading=\"lazy\" decoding=\"async\" width=\"563\" height=\"750\" src=\"https:\/\/pluh.org\/wp-content\/uploads\/2024\/07\/Klara-Vlasakova-copyright-Cristina-Grosan-edited.jpg\" alt=\"\" class=\"wp-image-1617\" style=\"aspect-ratio:2\/3;object-fit:cover\" srcset=\"https:\/\/pluh.org\/wp-content\/uploads\/2024\/07\/Klara-Vlasakova-copyright-Cristina-Grosan-edited.jpg 563w, https:\/\/pluh.org\/wp-content\/uploads\/2024\/07\/Klara-Vlasakova-copyright-Cristina-Grosan-edited-225x300.jpg 225w\" sizes=\"auto, (max-width: 563px) 100vw, 563px\" \/><\/a><\/figure>\n\n\n\n<div class=\"wp-block-group is-layout-flow wp-container-core-group-is-layout-a77db08e wp-block-group-is-layout-flow\">\n<h3 class=\"wp-block-heading has-medium-font-size\">Kl\u00e1ra Vlas\u00e1kov\u00e1<\/h3>\n\n\n\n<p class=\"has-small-font-size\">\u00a9 Cristina Gro\u0219an<\/p>\n<\/div>\n\n\n\n<figure class=\"wp-block-image size-full\"><a href=\"https:\/\/pluh.org\/index.php\/filip-topol\/\"><img loading=\"lazy\" decoding=\"async\" width=\"481\" height=\"722\" src=\"https:\/\/pluh.org\/wp-content\/uploads\/2024\/07\/Fillip-Topol-Copyright-Henrik-Barendse-edited.jpg\" alt=\"\" class=\"wp-image-1585\" style=\"aspect-ratio:2\/3;object-fit:cover\" srcset=\"https:\/\/pluh.org\/wp-content\/uploads\/2024\/07\/Fillip-Topol-Copyright-Henrik-Barendse-edited.jpg 481w, https:\/\/pluh.org\/wp-content\/uploads\/2024\/07\/Fillip-Topol-Copyright-Henrik-Barendse-edited-200x300.jpg 200w\" sizes=\"auto, (max-width: 481px) 100vw, 481px\" \/><\/a><\/figure>\n\n\n\n<div class=\"wp-block-group is-layout-flow wp-container-core-group-is-layout-a77db08e wp-block-group-is-layout-flow\">\n<h3 class=\"wp-block-heading has-medium-font-size\">Filip Topol<\/h3>\n\n\n\n<p class=\"has-small-font-size\">\u00a9 Henrik Barendse<\/p>\n<\/div>\n<\/div>\n\n\n\n<div class=\"wp-block-column is-layout-flow wp-container-core-column-is-layout-1a0eff7f wp-block-column-is-layout-flow\" style=\"flex-basis:25%\">\n<figure class=\"wp-block-image size-full\"><a href=\"https:\/\/pluh.org\/index.php\/marek-sindelka\/\"><img decoding=\"async\" src=\"https:\/\/pluh2.wordpress.com\/wp-content\/uploads\/2024\/07\/marek-sindelka-copyright-vladimir-sigut.jpg\" alt=\"\" class=\"wp-image-226\" style=\"aspect-ratio:2\/3;object-fit:cover\"\/><\/a><\/figure>\n\n\n\n<div class=\"wp-block-group is-layout-flow wp-container-core-group-is-layout-a77db08e wp-block-group-is-layout-flow\">\n<h3 class=\"wp-block-heading has-medium-font-size\">Marek \u0160indelka<\/h3>\n\n\n\n<p class=\"has-small-font-size\">\u00a9 Vladim\u00edr \u0160igut<\/p>\n<\/div>\n\n\n\n<figure class=\"wp-block-image size-full\"><a href=\"https:\/\/pluh.org\/index.php\/egon-hostovsky\/\"><img loading=\"lazy\" decoding=\"async\" width=\"1000\" height=\"1241\" src=\"https:\/\/pluh.org\/wp-content\/uploads\/2024\/07\/Egon-Hostovky.jpg\" alt=\"\" class=\"wp-image-1547\" style=\"aspect-ratio:2\/3;object-fit:cover\" srcset=\"https:\/\/pluh.org\/wp-content\/uploads\/2024\/07\/Egon-Hostovky.jpg 1000w, https:\/\/pluh.org\/wp-content\/uploads\/2024\/07\/Egon-Hostovky-242x300.jpg 242w, https:\/\/pluh.org\/wp-content\/uploads\/2024\/07\/Egon-Hostovky-825x1024.jpg 825w, https:\/\/pluh.org\/wp-content\/uploads\/2024\/07\/Egon-Hostovky-768x953.jpg 768w\" sizes=\"auto, (max-width: 1000px) 100vw, 1000px\" \/><\/a><\/figure>\n\n\n\n<div class=\"wp-block-group is-layout-flow wp-container-core-group-is-layout-a77db08e wp-block-group-is-layout-flow\">\n<h3 class=\"wp-block-heading has-medium-font-size\">Egon Hostovsk\u00fd<\/h3>\n\n\n\n<p class=\"has-small-font-size\"><mark style=\"background-color:rgba(0, 0, 0, 0)\" class=\"has-inline-color has-theme-5-color\">\u00a9 owner<\/mark><\/p>\n<\/div>\n\n\n\n<figure class=\"wp-block-image size-full\"><a href=\"https:\/\/pluh.org\/index.php\/pavel-juracek-4\/\"><img loading=\"lazy\" decoding=\"async\" width=\"1404\" height=\"2156\" src=\"https:\/\/pluh.org\/wp-content\/uploads\/2024\/07\/Pavel-Juracek.jpg\" alt=\"\" class=\"wp-image-1543\" style=\"aspect-ratio:2\/3;object-fit:cover\" srcset=\"https:\/\/pluh.org\/wp-content\/uploads\/2024\/07\/Pavel-Juracek.jpg 1404w, https:\/\/pluh.org\/wp-content\/uploads\/2024\/07\/Pavel-Juracek-195x300.jpg 195w, https:\/\/pluh.org\/wp-content\/uploads\/2024\/07\/Pavel-Juracek-667x1024.jpg 667w, https:\/\/pluh.org\/wp-content\/uploads\/2024\/07\/Pavel-Juracek-768x1179.jpg 768w, https:\/\/pluh.org\/wp-content\/uploads\/2024\/07\/Pavel-Juracek-1000x1536.jpg 1000w, https:\/\/pluh.org\/wp-content\/uploads\/2024\/07\/Pavel-Juracek-1334x2048.jpg 1334w\" sizes=\"auto, (max-width: 1404px) 100vw, 1404px\" \/><\/a><\/figure>\n\n\n\n<div class=\"wp-block-group is-layout-flow wp-container-core-group-is-layout-a77db08e wp-block-group-is-layout-flow\">\n<h3 class=\"wp-block-heading has-medium-font-size\">Pavel Jur\u00e1\u010dek<\/h3>\n\n\n\n<p class=\"has-small-font-size\"><mark style=\"background-color:rgba(0, 0, 0, 0)\" class=\"has-inline-color has-theme-5-color\">   \u00a9 owner<\/mark><\/p>\n<\/div>\n<\/div>\n<\/div>\n<\/div>\n<\/div>\n<\/div>\n<\/div>\n<\/div>\n<\/div>\n","protected":false},"excerpt":{"rendered":"<p>Patrik Ou\u0159edn\u00edk \u00a9 Daniel Faugeron Bianca Bellov\u00e1 \u00a9 Marta Re\u017eov\u00e1 Jan Balab\u00e1n \u00a9 owner J\u00e1chym Topol \u00a9 Edgar de Bruin Tom\u00e1\u0161 Zme\u0161kal \u00a9 owner Zuzana Brabcov\u00e1 \u00a9 Edgar de Bruin Mark\u00e9ta Pil\u00e1tov\u00e1 \u00a9 David Kone\u010dn\u00fd Kl\u00e1ra Vlas\u00e1kov\u00e1 \u00a9 Cristina Gro\u0219an Filip Topol \u00a9 Henrik Barendse Marek \u0160indelka \u00a9 Vladim\u00edr \u0160igut Egon Hostovsk\u00fd \u00a9 owner Pavel [&hellip;]<\/p>\n","protected":false},"author":1,"featured_media":0,"parent":0,"menu_order":0,"comment_status":"closed","ping_status":"closed","template":"","meta":{"footnotes":""},"class_list":["post-1357","page","type-page","status-publish","hentry"],"_links":{"self":[{"href":"https:\/\/pluh.org\/index.php\/wp-json\/wp\/v2\/pages\/1357","targetHints":{"allow":["GET"]}}],"collection":[{"href":"https:\/\/pluh.org\/index.php\/wp-json\/wp\/v2\/pages"}],"about":[{"href":"https:\/\/pluh.org\/index.php\/wp-json\/wp\/v2\/types\/page"}],"author":[{"embeddable":true,"href":"https:\/\/pluh.org\/index.php\/wp-json\/wp\/v2\/users\/1"}],"replies":[{"embeddable":true,"href":"https:\/\/pluh.org\/index.php\/wp-json\/wp\/v2\/comments?post=1357"}],"version-history":[{"count":3,"href":"https:\/\/pluh.org\/index.php\/wp-json\/wp\/v2\/pages\/1357\/revisions"}],"predecessor-version":[{"id":1809,"href":"https:\/\/pluh.org\/index.php\/wp-json\/wp\/v2\/pages\/1357\/revisions\/1809"}],"wp:attachment":[{"href":"https:\/\/pluh.org\/index.php\/wp-json\/wp\/v2\/media?parent=1357"}],"curies":[{"name":"wp","href":"https:\/\/api.w.org\/{rel}","templated":true}]}}