{"id":1663,"date":"2024-07-15T15:54:15","date_gmt":"2024-07-15T15:54:15","guid":{"rendered":"https:\/\/pluh.org\/?page_id=1663"},"modified":"2024-07-17T11:38:18","modified_gmt":"2024-07-17T11:38:18","slug":"news","status":"publish","type":"page","link":"https:\/\/pluh.org\/index.php\/news\/","title":{"rendered":"News"},"content":{"rendered":"\n<div class=\"wp-block-columns alignwide has-theme-2-background-color has-background is-layout-flex wp-container-core-columns-is-layout-28f84493 wp-block-columns-is-layout-flex\">\n<div class=\"wp-block-column is-layout-flow wp-block-column-is-layout-flow\" style=\"flex-basis:25%\"><\/div>\n\n\n\n<div class=\"wp-block-column has-theme-2-color has-text-color has-link-color has-medium-font-size wp-elements-c9030135b3de35ef170b555d0c5c8384 is-layout-flow wp-block-column-is-layout-flow\" style=\"flex-basis:50%\"><ul class=\"wp-block-latest-posts__list has-link-color wp-elements-70a9de1426be841c6237704d7d5a1227 wp-block-latest-posts has-text-color has-theme-4-color has-medium-font-size\"><li><a class=\"wp-block-latest-posts__post-title\" href=\"https:\/\/pluh.org\/index.php\/2025\/02\/18\/1768\/\">Translation grants<\/a><div class=\"wp-block-latest-posts__post-excerpt\">Publishers can apply for translation and production grants at the Czech Ministry of Culture.There are two application deadlines each year: 15 May and 15 November. More details see: Czech ministry of Culture translation grants and Application form grants<\/div><\/li>\n<li><a class=\"wp-block-latest-posts__post-title\" href=\"https:\/\/pluh.org\/index.php\/2024\/12\/16\/jachym-topols-novel-the-devils-workshop-chladnou-zemi-is-published-in-estonian\/\">J\u00e1chym Topol&#8217;s novel &#8220;The Devil&#8217;s Workshop&#8221; (Chladnou zem\u00ed) is published in Estonian.<\/a><div class=\"wp-block-latest-posts__post-excerpt\">The book has now been translated into 23 languages.<\/div><\/li>\n<li><a class=\"wp-block-latest-posts__post-title\" href=\"https:\/\/pluh.org\/index.php\/2024\/07\/10\/we-will-attend-the-2024-frankfurt-book-fair-if-you-would-like-to-make-an-appointment-please-contact-us-perhaps-we-will-see-you-in-frankfurt\/\">Zirimiri Press  published\u00a0The Arsonist\u00a0(The Arsonist\/\u017dh\u00e1\u0159) by Egon Hostovsk\u00fd.<\/a><div class=\"wp-block-latest-posts__post-excerpt\">See more about the Dutch edition of the publication here.<\/div><\/li>\n<\/ul><\/div>\n\n\n\n<div class=\"wp-block-column is-layout-flow wp-block-column-is-layout-flow\" style=\"flex-basis:25%\"><\/div>\n<\/div>\n\n\n\n<p><\/p>\n","protected":false},"excerpt":{"rendered":"","protected":false},"author":1,"featured_media":0,"parent":0,"menu_order":0,"comment_status":"closed","ping_status":"closed","template":"","meta":{"footnotes":""},"class_list":["post-1663","page","type-page","status-publish","hentry"],"_links":{"self":[{"href":"https:\/\/pluh.org\/index.php\/wp-json\/wp\/v2\/pages\/1663","targetHints":{"allow":["GET"]}}],"collection":[{"href":"https:\/\/pluh.org\/index.php\/wp-json\/wp\/v2\/pages"}],"about":[{"href":"https:\/\/pluh.org\/index.php\/wp-json\/wp\/v2\/types\/page"}],"author":[{"embeddable":true,"href":"https:\/\/pluh.org\/index.php\/wp-json\/wp\/v2\/users\/1"}],"replies":[{"embeddable":true,"href":"https:\/\/pluh.org\/index.php\/wp-json\/wp\/v2\/comments?post=1663"}],"version-history":[{"count":3,"href":"https:\/\/pluh.org\/index.php\/wp-json\/wp\/v2\/pages\/1663\/revisions"}],"predecessor-version":[{"id":1765,"href":"https:\/\/pluh.org\/index.php\/wp-json\/wp\/v2\/pages\/1663\/revisions\/1765"}],"wp:attachment":[{"href":"https:\/\/pluh.org\/index.php\/wp-json\/wp\/v2\/media?parent=1663"}],"curies":[{"name":"wp","href":"https:\/\/api.w.org\/{rel}","templated":true}]}}