{"id":167,"date":"2024-07-09T22:39:32","date_gmt":"2024-07-09T20:39:32","guid":{"rendered":"https:\/\/pluh2.wordpress.com\/?page_id=167"},"modified":"2026-02-27T19:17:12","modified_gmt":"2026-02-27T19:17:12","slug":"marek-sindelka","status":"publish","type":"page","link":"https:\/\/pluh.org\/index.php\/authors\/marek-sindelka\/","title":{"rendered":"Marek \u0160indelka"},"content":{"rendered":"\n<div class=\"wp-block-columns alignfull are-vertically-aligned-center has-theme-2-color has-theme-5-background-color has-text-color has-background has-link-color wp-elements-94fb4d020493834074ac5531f84fff98 is-layout-flex wp-container-core-columns-is-layout-28f84493 wp-block-columns-is-layout-flex\">\n<div class=\"wp-block-column is-vertically-aligned-center is-layout-flow wp-block-column-is-layout-flow\" style=\"flex-basis:25%\">\n<p><\/p>\n<\/div>\n\n\n\n<div class=\"wp-block-column is-vertically-aligned-center is-layout-flow wp-block-column-is-layout-flow\" style=\"flex-basis:50%\">\n<div class=\"wp-block-columns is-layout-flex wp-container-core-columns-is-layout-28f84493 wp-block-columns-is-layout-flex\">\n<div class=\"wp-block-column is-layout-flow wp-block-column-is-layout-flow\" style=\"flex-basis:66.66%\">\n<div class=\"wp-block-media-text has-media-on-the-right is-stacked-on-mobile\"><div class=\"wp-block-media-text__content\">\n<blockquote class=\"wp-block-quote is-layout-flow wp-block-quote-is-layout-flow\">\n<p><em>\u201cMarek Sindelka is a Czech super-talent.\u201d<\/em><\/p>\n\n\n\n<p class=\"has-text-align-right\">\u2014 Hebban<\/p>\n<\/blockquote>\n<\/div><figure class=\"wp-block-media-text__media\"><img loading=\"lazy\" decoding=\"async\" width=\"500\" height=\"667\" src=\"https:\/\/pluh.org\/wp-content\/uploads\/2024\/07\/Marek-Sindelka-copyright-Vladimir-Sigut-edited.jpg\" alt=\"\" class=\"wp-image-1611 size-full\" srcset=\"https:\/\/pluh.org\/wp-content\/uploads\/2024\/07\/Marek-Sindelka-copyright-Vladimir-Sigut-edited.jpg 500w, https:\/\/pluh.org\/wp-content\/uploads\/2024\/07\/Marek-Sindelka-copyright-Vladimir-Sigut-edited-225x300.jpg 225w\" sizes=\"auto, (max-width: 500px) 100vw, 500px\" \/><\/figure><\/div>\n\n\n\n<p id=\"yui_3_17_2_1_1720552665019_479\">Marek \u0160indelka (1984) is a poet, novelist, playwright and screenwriter. He has won many awards and nominations: he received the Ji\u0159\u00ed Orten Prize for his debut poetry collection <em>Strychnin<\/em>. He is the only writer to have been awarded the Magnesia Litera Prize for prose twice, for his books <em>Z\u016fsta\u0148te s n\u00e1mi<\/em> (Stay Tuned)) and <em>\u00danava materi\u00e1lu <\/em>(Material Fatigue). His work has been translated into more than 15 languages.<\/p>\n\n\n\n<p>\u0160indelka excels in his precise use of language and has an eye for today&#8217;s life, for what concerns people and especially for the interrelationships between people, which he then manages to describe in a striking, revealing way He does not shy away from topical themes in his work. Whether it is the climate, climate change, the refugee crisis, he naturally incorporates them into his work without being intrusive or activistic. He leaves the verdict to the reader himself.<\/p>\n\n\n\n<p>An original writer, who has very much to offer.<\/p>\n\n\n\n<div class=\"wp-block-columns is-layout-flex wp-container-core-columns-is-layout-28f84493 wp-block-columns-is-layout-flex\">\n<div class=\"wp-block-column is-layout-flow wp-block-column-is-layout-flow\" style=\"flex-basis:25%\"><\/div>\n\n\n\n<div class=\"wp-block-column is-layout-flow wp-block-column-is-layout-flow\" style=\"flex-basis:50%\">\n<div class=\"wp-block-buttons is-content-justification-center is-layout-flex wp-container-core-buttons-is-layout-a89b3969 wp-block-buttons-is-layout-flex\">\n<div class=\"wp-block-button\"><a class=\"wp-block-button__link wp-element-button\" href=\"https:\/\/en.mareksindelka.com\/about\/\" target=\"_blank\" rel=\"noreferrer noopener\">AUTHOR WEbsite<\/a><\/div>\n<\/div>\n<\/div>\n\n\n\n<div class=\"wp-block-column is-layout-flow wp-block-column-is-layout-flow\" style=\"flex-basis:25%\"><\/div>\n<\/div>\n<\/div>\n\n\n\n<div class=\"wp-block-column is-layout-flow wp-block-column-is-layout-flow\"><\/div>\n\n\n\n<div class=\"wp-block-column is-layout-flow wp-block-column-is-layout-flow\" style=\"flex-basis:33.33%\">\n<h4 class=\"wp-block-heading\"><em><strong>Novels<\/strong><\/em><\/h4>\n\n\n\n<p><a href=\"https:\/\/pluh.org\/index.php\/chyba\/\"><strong>Chyba<\/strong><\/a><a href=\"https:\/\/pluh2.wordpress.com\/chyba\/\">\u00a0<\/a>(Climate Grief)<br><em>Pistorius &amp; Ol\u0161anska Publishers, P\u0159\u00edbram (2008)<\/em><\/p>\n\n\n\n<p><a href=\"https:\/\/pluh.org\/index.php\/chyba-graphic-novel\/\" data-type=\"link\" data-id=\"https:\/\/pluh.org\/index.php\/chyba-graphic-novel\/\"><strong>Chyba<\/strong><\/a> (Aberrant &#8211; graphic novel)<br><em>Lipn\u00ed\u00adk, Prague (2011)<\/em><\/p>\n\n\n\n<p><a href=\"https:\/\/pluh.org\/index.php\/zustante-s-nami\/\" data-type=\"link\" data-id=\"https:\/\/pluh.org\/index.php\/zustante-s-nami\/\"><strong>Z\u016fsta\u0148te s n\u00e1mi<\/strong><\/a> (Stay Tuned)<br><em>Odeon, Prague (2011)<\/em><\/p>\n\n\n\n<p><a href=\"https:\/\/pluh.org\/index.php\/mapa-anny\/\" data-type=\"link\" data-id=\"https:\/\/pluh.org\/index.php\/mapa-anny\/\"><strong>Mapa Anny<\/strong><\/a> (Map of Anna)<br><em>Odeon, Prague (2014)<\/em><\/p>\n\n\n\n<p><a href=\"https:\/\/pluh.org\/index.php\/unava-materialu\/\" data-type=\"link\" data-id=\"https:\/\/pluh.org\/index.php\/unava-materialu\/\"><strong>\u00danava materi\u00e1lu<\/strong>\u00a0<\/a>(Material Fatigue)<br><em>Odeon, Prague (2016)<\/em><\/p>\n\n\n\n<h4 class=\"wp-block-heading\"><em><strong>Poetry<\/strong><\/em><\/h4>\n\n\n\n<p><strong>Strychnin <\/strong>(Strychnine) Paseka Publishers, Prague (2005)<\/p>\n<\/div>\n<\/div>\n<\/div>\n<\/div>\n","protected":false},"excerpt":{"rendered":"<p>\u201cMarek Sindelka is a Czech super-talent.\u201d \u2014 Hebban Marek \u0160indelka (1984) is a poet, novelist, playwright and screenwriter. He has won many awards and nominations: he received the Ji\u0159\u00ed Orten Prize for his debut poetry collection Strychnin. He is the only writer to have been awarded the Magnesia Litera Prize for prose twice, for his [&hellip;]<\/p>\n","protected":false},"author":1,"featured_media":1611,"parent":1357,"menu_order":0,"comment_status":"closed","ping_status":"closed","template":"","meta":{"footnotes":""},"class_list":["post-167","page","type-page","status-publish","has-post-thumbnail","hentry"],"_links":{"self":[{"href":"https:\/\/pluh.org\/index.php\/wp-json\/wp\/v2\/pages\/167","targetHints":{"allow":["GET"]}}],"collection":[{"href":"https:\/\/pluh.org\/index.php\/wp-json\/wp\/v2\/pages"}],"about":[{"href":"https:\/\/pluh.org\/index.php\/wp-json\/wp\/v2\/types\/page"}],"author":[{"embeddable":true,"href":"https:\/\/pluh.org\/index.php\/wp-json\/wp\/v2\/users\/1"}],"replies":[{"embeddable":true,"href":"https:\/\/pluh.org\/index.php\/wp-json\/wp\/v2\/comments?post=167"}],"version-history":[{"count":2,"href":"https:\/\/pluh.org\/index.php\/wp-json\/wp\/v2\/pages\/167\/revisions"}],"predecessor-version":[{"id":1614,"href":"https:\/\/pluh.org\/index.php\/wp-json\/wp\/v2\/pages\/167\/revisions\/1614"}],"up":[{"embeddable":true,"href":"https:\/\/pluh.org\/index.php\/wp-json\/wp\/v2\/pages\/1357"}],"wp:featuredmedia":[{"embeddable":true,"href":"https:\/\/pluh.org\/index.php\/wp-json\/wp\/v2\/media\/1611"}],"wp:attachment":[{"href":"https:\/\/pluh.org\/index.php\/wp-json\/wp\/v2\/media?parent=167"}],"curies":[{"name":"wp","href":"https:\/\/api.w.org\/{rel}","templated":true}]}}