{"id":178,"date":"2024-07-09T22:59:03","date_gmt":"2024-07-09T20:59:03","guid":{"rendered":"https:\/\/pluh2.wordpress.com\/?page_id=178"},"modified":"2026-02-27T19:17:40","modified_gmt":"2026-02-27T19:17:40","slug":"patrik-ourednik","status":"publish","type":"page","link":"https:\/\/pluh.org\/index.php\/authors\/patrik-ourednik\/","title":{"rendered":"Patrik Ou\u0159edn\u00edk"},"content":{"rendered":"\n<div class=\"wp-block-columns alignfull are-vertically-aligned-center has-theme-2-color has-theme-5-background-color has-text-color has-background has-link-color wp-elements-40be4bfbd5990e73eda44781ff05bc9b is-layout-flex wp-container-core-columns-is-layout-28f84493 wp-block-columns-is-layout-flex\">\n<div class=\"wp-block-column is-vertically-aligned-center is-layout-flow wp-block-column-is-layout-flow\" style=\"flex-basis:25%\">\n<p><\/p>\n<\/div>\n\n\n\n<div class=\"wp-block-column is-vertically-aligned-center is-layout-flow wp-block-column-is-layout-flow\" style=\"flex-basis:50%\">\n<div class=\"wp-block-columns is-layout-flex wp-container-core-columns-is-layout-28f84493 wp-block-columns-is-layout-flex\">\n<div class=\"wp-block-column is-layout-flow wp-block-column-is-layout-flow\" style=\"flex-basis:66.66%\">\n<div class=\"wp-block-media-text has-media-on-the-right is-stacked-on-mobile\"><div class=\"wp-block-media-text__content\">\n<p><\/p>\n\n\n\n<blockquote class=\"wp-block-quote is-layout-flow wp-block-quote-is-layout-flow\">\n<p><em>\u201cHeir of Kafka and of the good soldier \u0160vejk.\u201d<\/em><\/p>\n\n\n\n<p>\u2014 Radio France<\/p>\n<\/blockquote>\n\n\n\n<div style=\"height:24px\" aria-hidden=\"true\" class=\"wp-block-spacer\"><\/div>\n\n\n\n<blockquote class=\"wp-block-quote is-layout-flow wp-block-quote-is-layout-flow\">\n<p><em>\u201cWith Patrik Ou\u0159edn\u00edk, you never quite know what you\u2019re dancing to, or whether you should be dancing at all.\u201d<\/em><\/p>\n\n\n\n<p class=\"has-text-align-right\">\u2014 Lire (Jean Montenot)<\/p>\n<\/blockquote>\n<\/div><figure class=\"wp-block-media-text__media\"><img loading=\"lazy\" decoding=\"async\" width=\"586\" height=\"1024\" src=\"https:\/\/pluh.org\/wp-content\/uploads\/2024\/07\/Patrik-Ourednik-Daniel-Faugeron-586x1024.jpg\" alt=\"\" class=\"wp-image-1542 size-full\" srcset=\"https:\/\/pluh.org\/wp-content\/uploads\/2024\/07\/Patrik-Ourednik-Daniel-Faugeron-586x1024.jpg 586w, https:\/\/pluh.org\/wp-content\/uploads\/2024\/07\/Patrik-Ourednik-Daniel-Faugeron-172x300.jpg 172w, https:\/\/pluh.org\/wp-content\/uploads\/2024\/07\/Patrik-Ourednik-Daniel-Faugeron-768x1341.jpg 768w, https:\/\/pluh.org\/wp-content\/uploads\/2024\/07\/Patrik-Ourednik-Daniel-Faugeron-880x1536.jpg 880w, https:\/\/pluh.org\/wp-content\/uploads\/2024\/07\/Patrik-Ourednik-Daniel-Faugeron.jpg 1000w\" sizes=\"auto, (max-width: 586px) 100vw, 586px\" \/><\/figure><\/div>\n\n\n\n<p id=\"yui_3_17_2_1_1720552665019_479\">Patrik Ou\u0159edn\u00edk (1957) is one of the best selling and most popular Czech writers of our time in the world. His book <em>Europeana<\/em> is being published in 38 languages, and is thus the most translated Czech work of the last 30 years. His books gets wide appraisal and are regularly nominated for various literary prizes. Ou\u0159edn\u00edk himself was honoured several times, for instance with the Tom Stoppard Prize 2013 and the Czech State Award for Literature 2014.<\/p>\n\n\n\n<p><em>Europeana<\/em> has been put on stage in numerous countries e.g. by the world famous director Heiner Goebbels. In 2020 the Royal Shakespeare Company prepared a stage production of <em>Europeana<\/em>, but that had to be cancelled due to covid. Recently it was succesfully put on stage in Finland, Sweden and Germany<\/p>\n\n\n\n<p id=\"yui_3_17_2_1_1720557881988_659\">Ou\u0159edn\u00edk spent his youth in Prague. In the 1970s he participated in the activities of the Jazz Section (an independent cultural organization), and in 1979 he signed a petition of VONS (Committee for the Defense of the Unjustly Prosecuted) for the release of political prisoners in Czechoslovakia, which closed his access to university studies. He held a number of different jobs, including bookstore clerk, archivist, storekeeper, orderly, mailman, and domestic worker. At the same time, he was active in chess. In 1984, he emigrated to France. From 1986 to 1998 he served as editor and head of the literature section of the quarterly L\u2019Autre Europe. In 1992 he was instrumental in founding the Free University of Nouallaguet, and he has lectured there since 1995.<\/p>\n\n\n\n<p>He is at home in many genres. From novels and poetry to essays and linguistic works, including a dictionary of Czech slang. He is famous for his precise and inventive use of language, and many of his works excel in dry humour. Besides his alternativethe 20th century in the text <em>Europeana<\/em> (in a &#8220;novel without a narrator&#8221;), Ou\u0159edn\u00edk also tackles ideological stereotypes and conventions in <em>P\u0159\u00edhodn\u00e1 chv\u00edle, 1855<\/em> (An Opportune Moment, 1855<em>)<\/em> (2006), whose theme is the founding of settlements on the American continent by Europeans eager to create free communities independent of the European context. He returns to the Czech Republic in <em>Ad acta<\/em> (Case Closed) (2006), a &#8220;metaphysical thriller&#8221;, an apparent detective story with retired characters, but in reality mainly a sarcastic account of Czech post-communist society. In his essay on literary utopias across Western history, <em>Utopus to byl, kdo u\u010dinil m\u011b ostrovem<\/em> (Utopus It Was Who Made Me an Island<em>)<\/em> (2010), Ou\u0159edn\u00edk traces the history of thinking about society from Homer to 19th-century social utopias and contemporary dystopias.<\/p>\n<\/div>\n\n\n\n<div class=\"wp-block-column is-layout-flow wp-block-column-is-layout-flow\"><\/div>\n\n\n\n<div class=\"wp-block-column is-layout-flow wp-block-column-is-layout-flow\" style=\"flex-basis:33.33%\">\n<h4 class=\"wp-block-heading\"><em><strong>Novels<\/strong><\/em><\/h4>\n\n\n\n<p><strong><a href=\"https:\/\/pluh.org\/index.php\/rok-ctyriadvacet\/\" data-type=\"page\" data-id=\"630\">Rok \u010dty\u0159iadvacet<\/a><\/strong><a href=\"https:\/\/pluh2.wordpress.com\/rok-ctyriadvacet\/\">&nbsp;<\/a>(Year Twenty-Four)<br><em>Volvox Globator, Prague (1995)<\/em><\/p>\n\n\n\n<p><a href=\"https:\/\/pluh.org\/index.php\/europeana-strucne-dejiny-dvacateho-veku\/\" data-type=\"link\" data-id=\"https:\/\/pluh.org\/index.php\/europeana-strucne-dejiny-dvacateho-veku\/\"><strong>Europeana &#8211; Stru\u010dn\u00e9 d\u011bjiny dvac\u00e1t\u00e9ho v\u011bku<\/strong><\/a><a href=\"https:\/\/caribou-lemon-nchb.squarespace.com\/europeana\" target=\"_blank\" rel=\"noreferrer noopener\">&nbsp;<\/a>(Europeana &#8211; A Brief History of the Twentieth Century)<br><em>Paseka, Prague (2001)<\/em><\/p>\n\n\n\n<p><a href=\"https:\/\/pluh.org\/index.php\/prihodna-chvile-1855\/\" data-type=\"link\" data-id=\"https:\/\/pluh.org\/index.php\/prihodna-chvile-1855\/\"><strong>P\u0159\u00edhodn\u00e1 chv\u00edle, 1855<\/strong><\/a><a href=\"https:\/\/caribou-lemon-nchb.squarespace.com\/prihodna-chvile-1855\" target=\"_blank\" rel=\"noreferrer noopener\">\u00a0<\/a>(The Opportune Moment, 1855)<br><em>Torst, Prague (2006)<\/em><\/p>\n\n\n\n<p><a href=\"https:\/\/pluh.org\/index.php\/ad-acta\/\" data-type=\"link\" data-id=\"https:\/\/pluh.org\/index.php\/ad-acta\/\"><strong>Ad acta<\/strong><\/a> (Case Closed)<br><em>Torst, Prague (2006)<\/em><\/p>\n\n\n\n<p><a href=\"https:\/\/pluh.org\/index.php\/la-fin-du-monde-naurait-pas-eu-lieu\/\" data-type=\"link\" data-id=\"https:\/\/pluh.org\/index.php\/la-fin-du-monde-naurait-pas-eu-lieu\/\"><strong>La fin du monde n\u2019aurait pas eu lieu \/ Konec sv\u011bta se pr\u00fd nekonal<\/strong><\/a><a href=\"https:\/\/caribou-lemon-nchb.squarespace.com\/la-fin-du-monde-naurait-pas-eu-lieu\" target=\"_blank\" rel=\"noreferrer noopener\">\u00a0<\/a>(The End of the World Might Not Have Taken Place)<br><em>Allia, Paris (2017)<\/em><\/p>\n\n\n\n<p><strong>Histoire de France \u2020 \u00c0 notre ch\u00e8re disparue <\/strong>(A History of France &#8211; For Our Dearly Departed)<br><em>Allia, Paris (2014)<\/em><\/p>\n\n\n\n<h4 class=\"wp-block-heading\"><em><strong>Poetry<\/strong><\/em><\/h4>\n\n\n\n<p><strong>Anebo <\/strong>(Either)<br><em>Volvox Globator Publishers, Prague (1992)<\/em><\/p>\n\n\n\n<p><strong>Ne\u0159kuli<\/strong> (Let Alone)<br><em>Mlad\u00e1 fronta Publishers, Prague (1996)<\/em><\/p>\n\n\n\n<p><strong>D\u016fm bos\u00e9ho<\/strong> (The house of barefoot)<br><em>Paseka Publishers, Prague (2004)<\/em><\/p>\n\n\n\n<h4 class=\"wp-block-heading\"><em>Essays<\/em><\/h4>\n\n\n\n<p><strong>Utopus to byl, kdo u\u010dinil m\u011b ostrovem<\/strong> (It Was Utopus Who Made Me an Island)<br><em>Torst, Prague (2010)<\/em><\/p>\n\n\n\n<p><strong>Hled\u00e1n\u00ed ztracen\u00e9ho jazyka<\/strong><strong> <\/strong>(In Search of the Lost Language)<br><em>Zden\u011bk Susa (1997)<\/em><\/p>\n\n\n\n<p><strong>Svobodn\u00fd prostor jazyka<\/strong><strong> <\/strong>(On the Free Exercise of Language)<br><em>Torst, Prague (2013)<\/em><\/p>\n\n\n\n<p><strong>Correspondances \/ Correspondencias &#8211; Angel Erro &amp; Patrik Ou\u0159edn\u00edk<\/strong><strong><br><\/strong><em>Erein, San Sebastian (2016)<\/em><\/p>\n\n\n\n<p><strong>Antialkoran<\/strong><br><em>Volvox Globator, Prague (2017)<\/em><\/p>\n\n\n\n<h4 class=\"wp-block-heading\"><em>Linguistic works<\/em><\/h4>\n\n\n\n<p><strong>\u0160m\u00edrbuch jazyka \u010desk\u00e9ho. Slovn\u00edk nekonven\u010dn\u00ed \u010de\u0161tiny<\/strong> <br>(Rough-book of the Czech Language: A Dictionary of Unconventional Czech)<br><em>Edice K, Paris (1988)<\/em><\/p>\n\n\n\n<p><strong>Ani\u017e jest co nov\u00e9ho pod sluncem. Slova, r\u010den\u00ed a \u00faslov\u00ed biblick\u00e9ho p\u016fvodu <\/strong><br>(And There Is Nothing New Under the Sun: A Dictionary of Words, Idioms and Phrases from Biblical Origin)<br><em>Mlad\u00e1 fronta, Prague (1994)<\/em><\/p>\n\n\n\n<p><strong>Kl\u00ed\u010d je ve v\u00fd\u010depu. Z folkl\u00f3ru WC<\/strong> (The Key Is At The Bar. WC Folklore)<br><em>Volvox Globator, Prague (2000)<\/em><\/p>\n\n\n\n<h4 class=\"wp-block-heading\"><em>French<\/em><\/h4>\n\n\n\n<p><strong>Des 112 fa\u00e7ons desquelles on peut faire rouler un tonneau \u00e0 huile <\/strong>(co-author Ji\u0159\u00ed Pel\u00e1n)<br><em>Conf\u00e9d\u00e9ration du travail syndicaliste, Limoges (1999)<\/em><\/p>\n\n\n\n<p><strong>Des 55 esp\u00e8ces de brodequins dont on peut s&#8217;entourer les pieds en hiver<\/strong><strong> <\/strong>(co-author Ji\u0159\u00ed Pel\u00e1n)<br><em>Assembl\u00e9e r\u00e9gionale des m\u00e9tiers, Limoges (2001)<\/em><\/p>\n\n\n\n<h4 class=\"wp-block-heading\" id=\"yui_3_17_2_1_1720557881988_636\"><em>Various<\/em><\/h4>\n\n\n\n<p><strong>Pojedn\u00e1n\u00ed o p\u0159\u00edpadn\u00e9m pit\u00ed v\u00edna, toti\u017e velik\u00e9m a ustavi\u010dn\u00e9m<\/strong> (A Discourse on Possible Wine Drinking, Namely Grandiose and Continuous)<br><em>Volvox Globator, Prague (1995)<\/em><\/p>\n\n\n\n<p id=\"yui_3_17_2_1_1720557881988_615\"><strong>O princi \u010cekankovi, jak putoval za princeznou, a o v\u0161elijak\u00fdch dobrodru\u017estv\u00edch, kter\u00e1 se mu p\u0159i tom p\u0159ihodila <\/strong>(On Prince Chicory, His Journey to the Princess, and All Kinds of Adventures That Happened to Him Along the Way)<br><em>Volvox Globator, Prague (1997)<\/em><\/p>\n\n\n\n<div style=\"height:25px\" aria-hidden=\"true\" class=\"wp-block-spacer\"><\/div>\n<\/div>\n<\/div>\n<\/div>\n<\/div>\n","protected":false},"excerpt":{"rendered":"<p>\u201cHeir of Kafka and of the good soldier \u0160vejk.\u201d \u2014 Radio France \u201cWith Patrik Ou\u0159edn\u00edk, you never quite know what you\u2019re dancing to, or whether you should be dancing at all.\u201d \u2014 Lire (Jean Montenot) Patrik Ou\u0159edn\u00edk (1957) is one of the best selling and most popular Czech writers of our time in the world. [&hellip;]<\/p>\n","protected":false},"author":1,"featured_media":1542,"parent":1357,"menu_order":0,"comment_status":"closed","ping_status":"closed","template":"","meta":{"footnotes":""},"class_list":["post-178","page","type-page","status-publish","has-post-thumbnail","hentry"],"_links":{"self":[{"href":"https:\/\/pluh.org\/index.php\/wp-json\/wp\/v2\/pages\/178","targetHints":{"allow":["GET"]}}],"collection":[{"href":"https:\/\/pluh.org\/index.php\/wp-json\/wp\/v2\/pages"}],"about":[{"href":"https:\/\/pluh.org\/index.php\/wp-json\/wp\/v2\/types\/page"}],"author":[{"embeddable":true,"href":"https:\/\/pluh.org\/index.php\/wp-json\/wp\/v2\/users\/1"}],"replies":[{"embeddable":true,"href":"https:\/\/pluh.org\/index.php\/wp-json\/wp\/v2\/comments?post=178"}],"version-history":[{"count":4,"href":"https:\/\/pluh.org\/index.php\/wp-json\/wp\/v2\/pages\/178\/revisions"}],"predecessor-version":[{"id":1685,"href":"https:\/\/pluh.org\/index.php\/wp-json\/wp\/v2\/pages\/178\/revisions\/1685"}],"up":[{"embeddable":true,"href":"https:\/\/pluh.org\/index.php\/wp-json\/wp\/v2\/pages\/1357"}],"wp:featuredmedia":[{"embeddable":true,"href":"https:\/\/pluh.org\/index.php\/wp-json\/wp\/v2\/media\/1542"}],"wp:attachment":[{"href":"https:\/\/pluh.org\/index.php\/wp-json\/wp\/v2\/media?parent=178"}],"curies":[{"name":"wp","href":"https:\/\/api.w.org\/{rel}","templated":true}]}}