{"id":190,"date":"2024-07-09T23:15:25","date_gmt":"2024-07-09T21:15:25","guid":{"rendered":"https:\/\/pluh2.wordpress.com\/?page_id=190"},"modified":"2026-02-27T19:15:46","modified_gmt":"2026-02-27T19:15:46","slug":"klara-vlasakova","status":"publish","type":"page","link":"https:\/\/pluh.org\/index.php\/authors\/klara-vlasakova\/","title":{"rendered":"Kl\u00e1ra Vlas\u00e1kov\u00e1"},"content":{"rendered":"\n<div class=\"wp-block-columns alignfull are-vertically-aligned-center has-theme-2-color has-theme-5-background-color has-text-color has-background has-link-color wp-elements-7a61956b148c8a7ed6cd4f9736e671ca is-layout-flex wp-container-core-columns-is-layout-28f84493 wp-block-columns-is-layout-flex\">\n<div class=\"wp-block-column is-vertically-aligned-center is-layout-flow wp-block-column-is-layout-flow\" style=\"flex-basis:25%\">\n<p><\/p>\n<\/div>\n\n\n\n<div class=\"wp-block-column is-vertically-aligned-center is-layout-flow wp-block-column-is-layout-flow\" style=\"flex-basis:50%\">\n<div class=\"wp-block-columns is-layout-flex wp-container-core-columns-is-layout-28f84493 wp-block-columns-is-layout-flex\">\n<div class=\"wp-block-column is-layout-flow wp-block-column-is-layout-flow\" style=\"flex-basis:66.66%\">\n<div class=\"wp-block-media-text has-media-on-the-right is-stacked-on-mobile\"><div class=\"wp-block-media-text__content\">\n<p><\/p>\n\n\n\n<blockquote class=\"wp-block-quote is-layout-flow wp-block-quote-is-layout-flow\">\n<p><em>\u201cI recently read a book by an author I didn\u2019t know until now, her name is Kl\u00e1ra Vlas\u00e1kov\u00e1, the book is called \u2018Cracks\u2019, and actually after a long time it was something that excited me.\u201d<\/em><\/p>\n\n\n\n<p class=\"has-text-align-right\">\u2014 J\u00e1chym Topol<\/p>\n<\/blockquote>\n<\/div><figure class=\"wp-block-media-text__media\"><img loading=\"lazy\" decoding=\"async\" width=\"563\" height=\"750\" src=\"https:\/\/pluh.org\/wp-content\/uploads\/2024\/07\/Klara-Vlasakova-copyright-Cristina-Grosan-edited.jpg\" alt=\"\" class=\"wp-image-1617 size-full\" srcset=\"https:\/\/pluh.org\/wp-content\/uploads\/2024\/07\/Klara-Vlasakova-copyright-Cristina-Grosan-edited.jpg 563w, https:\/\/pluh.org\/wp-content\/uploads\/2024\/07\/Klara-Vlasakova-copyright-Cristina-Grosan-edited-225x300.jpg 225w\" sizes=\"auto, (max-width: 563px) 100vw, 563px\" \/><\/figure><\/div>\n\n\n\n<p id=\"yui_3_17_2_1_1720552665019_479\">Kl\u00e1ra Vlas\u00e1kov\u00e1 (1990) is a screenwriter and journalist who writes screenplays for film, comics as well as radio plays. She works regularly with several media organizations \u2013 Czech Television, Czech Radio and the cultural section of the newspaper <em>Pr\u00e1vo.<\/em><\/p>\n\n\n\n<p>She made her debut in 2021 with the novel <em>Praskliny<\/em> (Cracks), which for instance sparked great enthusiasm amid translators of Czech literature. Two years later in 2023, she published her second novel <em>T\u011bla<\/em> (Bodies), which was voted Book of the Year in a poll among leading figures from the Czech literary world.<\/p>\n\n\n\n<p>The narration\/stories in her books are propelled by the author\u2019s precise and excellent use of language, on full display, for example, in the expression of people\u2019s feelings, or the clever and credible way in which she presents the clich\u00e9s of corporate jargon and cults. Vlas\u00e1kov\u00e1 has written what is not your average book, but a unique and supremely intriguing novels.<\/p>\n\n\n\n<p>Vlasakov\u00e1 is rightly considered one of the greatest talents in Czech literature.<\/p>\n\n\n\n<div class=\"wp-block-columns is-layout-flex wp-container-core-columns-is-layout-28f84493 wp-block-columns-is-layout-flex\">\n<div class=\"wp-block-column is-layout-flow wp-block-column-is-layout-flow\"><\/div>\n\n\n\n<div class=\"wp-block-column is-layout-flow wp-block-column-is-layout-flow\">\n<div class=\"wp-block-buttons is-layout-flex wp-block-buttons-is-layout-flex\">\n<div class=\"wp-block-button\"><a class=\"wp-block-button__link wp-element-button\" href=\"https:\/\/www.marketapilatova.cz\/english\" target=\"_blank\" rel=\"noreferrer noopener\">author website<\/a><\/div>\n<\/div>\n<\/div>\n\n\n\n<div class=\"wp-block-column is-layout-flow wp-block-column-is-layout-flow\"><\/div>\n<\/div>\n<\/div>\n\n\n\n<div class=\"wp-block-column is-layout-flow wp-block-column-is-layout-flow\"><\/div>\n\n\n\n<div class=\"wp-block-column is-layout-flow wp-block-column-is-layout-flow\" style=\"flex-basis:33.33%\">\n<div style=\"height:13px\" aria-hidden=\"true\" class=\"wp-block-spacer\"><\/div>\n\n\n\n<h4 class=\"wp-block-heading\"><em><strong>Novels<\/strong><\/em><\/h4>\n\n\n\n<p><a href=\"https:\/\/pluh.org\/index.php\/praskliny\/\" data-type=\"link\" data-id=\"https:\/\/pluh.org\/index.php\/praskliny\/\"><strong>Praskliny<\/strong>\u00a0<\/a>Cracks)<br><em>Listen, Prague (2021)<\/em><\/p>\n\n\n\n<p><a href=\"https:\/\/pluh.org\/index.php\/tela\/\" data-type=\"link\" data-id=\"https:\/\/pluh.org\/index.php\/tela\/\"><strong>T\u011bla<\/strong>\u00a0<\/a>(Bodies)<br><em>Listen, Prague (2023)<\/em><\/p>\n<\/div>\n<\/div>\n<\/div>\n<\/div>\n","protected":false},"excerpt":{"rendered":"<p>\u201cI recently read a book by an author I didn\u2019t know until now, her name is Kl\u00e1ra Vlas\u00e1kov\u00e1, the book is called \u2018Cracks\u2019, and actually after a long time it was something that excited me.\u201d \u2014 J\u00e1chym Topol Kl\u00e1ra Vlas\u00e1kov\u00e1 (1990) is a screenwriter and journalist who writes screenplays for film, comics as well as [&hellip;]<\/p>\n","protected":false},"author":1,"featured_media":1617,"parent":1357,"menu_order":0,"comment_status":"closed","ping_status":"closed","template":"","meta":{"footnotes":""},"class_list":["post-190","page","type-page","status-publish","has-post-thumbnail","hentry"],"_links":{"self":[{"href":"https:\/\/pluh.org\/index.php\/wp-json\/wp\/v2\/pages\/190","targetHints":{"allow":["GET"]}}],"collection":[{"href":"https:\/\/pluh.org\/index.php\/wp-json\/wp\/v2\/pages"}],"about":[{"href":"https:\/\/pluh.org\/index.php\/wp-json\/wp\/v2\/types\/page"}],"author":[{"embeddable":true,"href":"https:\/\/pluh.org\/index.php\/wp-json\/wp\/v2\/users\/1"}],"replies":[{"embeddable":true,"href":"https:\/\/pluh.org\/index.php\/wp-json\/wp\/v2\/comments?post=190"}],"version-history":[{"count":1,"href":"https:\/\/pluh.org\/index.php\/wp-json\/wp\/v2\/pages\/190\/revisions"}],"predecessor-version":[{"id":1620,"href":"https:\/\/pluh.org\/index.php\/wp-json\/wp\/v2\/pages\/190\/revisions\/1620"}],"up":[{"embeddable":true,"href":"https:\/\/pluh.org\/index.php\/wp-json\/wp\/v2\/pages\/1357"}],"wp:featuredmedia":[{"embeddable":true,"href":"https:\/\/pluh.org\/index.php\/wp-json\/wp\/v2\/media\/1617"}],"wp:attachment":[{"href":"https:\/\/pluh.org\/index.php\/wp-json\/wp\/v2\/media?parent=190"}],"curies":[{"name":"wp","href":"https:\/\/api.w.org\/{rel}","templated":true}]}}