{"id":192,"date":"2024-07-09T23:16:35","date_gmt":"2024-07-09T21:16:35","guid":{"rendered":"https:\/\/pluh2.wordpress.com\/?page_id=192"},"modified":"2026-02-27T19:16:46","modified_gmt":"2026-02-27T19:16:46","slug":"bianca-bellova","status":"publish","type":"page","link":"https:\/\/pluh.org\/index.php\/authors\/bianca-bellova\/","title":{"rendered":"Bianca Bellov\u00e1"},"content":{"rendered":"\n<div class=\"wp-block-columns alignfull are-vertically-aligned-center has-theme-2-color has-theme-5-background-color has-text-color has-background has-link-color wp-elements-f88e85cda1e6a3a15f44edbd4f199676 is-layout-flex wp-container-core-columns-is-layout-28f84493 wp-block-columns-is-layout-flex\">\n<div class=\"wp-block-column is-vertically-aligned-center is-layout-flow wp-block-column-is-layout-flow\" style=\"flex-basis:25%\"><\/div>\n\n\n\n<div class=\"wp-block-column is-vertically-aligned-center is-layout-flow wp-block-column-is-layout-flow\" style=\"flex-basis:50%\">\n<div class=\"wp-block-columns is-layout-flex wp-container-core-columns-is-layout-28f84493 wp-block-columns-is-layout-flex\">\n<div class=\"wp-block-column is-layout-flow wp-block-column-is-layout-flow\" style=\"flex-basis:66.66%\">\n<div class=\"wp-block-media-text has-media-on-the-right is-stacked-on-mobile\"><div class=\"wp-block-media-text__content\">\n<p><\/p>\n\n\n\n<blockquote class=\"wp-block-quote is-layout-flow wp-block-quote-is-layout-flow\">\n<p><em>\u201cBianca Bellov\u00e1 is recognized as one of the most successful and widely read contemporary Czech writers.\u201d<\/em><\/p>\n\n\n\n<p class=\"has-text-align-right\">\u2014 Radio Bulgaria<\/p>\n<\/blockquote>\n<\/div><figure class=\"wp-block-media-text__media\"><img loading=\"lazy\" decoding=\"async\" width=\"500\" height=\"667\" src=\"https:\/\/pluh.org\/wp-content\/uploads\/2024\/07\/Bianca-Bellova-copyright-Marta-Rezova-edited.jpg\" alt=\"\" class=\"wp-image-1622 size-full\" srcset=\"https:\/\/pluh.org\/wp-content\/uploads\/2024\/07\/Bianca-Bellova-copyright-Marta-Rezova-edited.jpg 500w, https:\/\/pluh.org\/wp-content\/uploads\/2024\/07\/Bianca-Bellova-copyright-Marta-Rezova-edited-225x300.jpg 225w\" sizes=\"auto, (max-width: 500px) 100vw, 500px\" \/><\/figure><\/div>\n\n\n\n<p id=\"yui_3_17_2_1_1720552665019_479\">Bianca Bellov\u00e1 (1970) achieved her international breakthrough with the book <em>Jezero<\/em> (The Lake), which was honored with the ERBD Prize (awarded to the year&#8217;s best work of literary fiction translated into English). In her work Bellov\u00e1 has a keen eye for the interactions between people and she is not shy of raising unsettling questions and to touch on the grand themes of our times. Compared with a great narrative talent, her books are a joy to read and will entice any reader.<\/p>\n\n\n\n<p>After studying at the University of Economics she worked as a translator and interpreter of English. Following a trip across India, she wrote the unpublished novel <em>Green Curry. <\/em>She struggled to find a publisher for her next book <em>Sentiment\u00e1ln\u00ed rom\u00e1n<\/em> (A Sentimental Novel), but eventually succeeded. And the rest is history, culminating in the great success of her multi-award-winning book <em>The Lake<\/em>.<\/p>\n\n\n\n<p>Her work has been translated into more than twenty languages. Bellov\u00e1 has earned her place more than ever in the international literary world.<\/p>\n<\/div>\n\n\n\n<div class=\"wp-block-column is-layout-flow wp-block-column-is-layout-flow\"><\/div>\n\n\n\n<div class=\"wp-block-column is-layout-flow wp-block-column-is-layout-flow\" style=\"flex-basis:33.33%\">\n<h4 class=\"wp-block-heading\"><em><strong>Novels<\/strong><\/em><\/h4>\n\n\n\n<p><strong><a href=\"https:\/\/pluh.org\/index.php\/neviditelny-muz\/\" data-type=\"page\" data-id=\"1726\">Neviditeln\u00fd mu\u017e<\/a><\/strong>\u00a0(The Invisible Man)<br><em>2024, Host Publishers, Brno<\/em><\/p>\n\n\n\n<p><a href=\"https:\/\/pluh.org\/index.php\/sentimentalni-roman\/\" data-type=\"link\" data-id=\"https:\/\/pluh.org\/index.php\/sentimentalni-roman\/\"><strong>Sentiment\u00e1ln\u00ed rom\u00e1n<\/strong>&nbsp;<\/a>(A Sentimental Novel)<br><em>2009, IFP Publishers, Prague<\/em><\/p>\n\n\n\n<p><a href=\"https:\/\/pluh.org\/index.php\/mrtvy-muz\/\" data-type=\"link\" data-id=\"https:\/\/pluh.org\/index.php\/mrtvy-muz\/\"><strong>Mrtv\u00fd mu\u017e<\/strong><\/a> (Dead Man)<br><em>2011, Host Publishers, Brno<\/em><\/p>\n\n\n\n<p><a href=\"https:\/\/pluh2.wordpress.com\/cely-den-se-nic-nestane\/\"><strong>Cel\u00fd den se nic nestane<\/strong><\/a> (Nothing Happens All Day)<br><em>2014, Host Publishers, Brno<\/em><\/p>\n\n\n\n<p><a href=\"https:\/\/pluh.org\/index.php\/jezero\/\" data-type=\"link\" data-id=\"https:\/\/pluh.org\/index.php\/jezero\/\"><strong>Jezero<\/strong>&nbsp;<\/a>(The Lake)<br><em>2016, Host Publishers, Brno<\/em><\/p>\n\n\n\n<p><a href=\"https:\/\/pluh.org\/index.php\/mona\/\" data-type=\"link\" data-id=\"https:\/\/pluh.org\/index.php\/mona\/\"><strong>Mona<\/strong><\/a><strong><em><br><\/em><\/strong><em>2019, Host Publishers, Brno<\/em><\/p>\n\n\n\n<p><a href=\"https:\/\/pluh.org\/index.php\/tyhle-fragmenty\/\"><strong>Tyhle fragmenty<\/strong><\/a> (These Fragments)<strong><br><\/strong><em>2021, Host Publishers, Brno<\/em><\/p>\n\n\n\n<p><a href=\"https:\/\/pluh.org\/index.php\/transfer\/\" data-type=\"link\" data-id=\"https:\/\/pluh.org\/index.php\/transfer\/\"><strong>Transfer<\/strong><br><\/a><em>2023, Host Publishers, Brno<\/em><\/p>\n\n\n\n<p><strong><a href=\"https:\/\/pluh.org\/index.php\/ostrov\/\" data-type=\"link\" data-id=\"https:\/\/pluh.org\/index.php\/ostrov\/\">Ostrov<\/a><\/strong><a href=\"https:\/\/caribou-lemon-nchb.squarespace.com\/ostrov\" target=\"_blank\" rel=\"noreferrer noopener\">&nbsp;<\/a>(The Island)<strong><br><\/strong><em>2022, Host Publishers, Brno<\/em><\/p>\n<\/div>\n<\/div>\n<\/div>\n<\/div>\n","protected":false},"excerpt":{"rendered":"<p>\u201cBianca Bellov\u00e1 is recognized as one of the most successful and widely read contemporary Czech writers.\u201d \u2014 Radio Bulgaria Bianca Bellov\u00e1 (1970) achieved her international breakthrough with the book Jezero (The Lake), which was honored with the ERBD Prize (awarded to the year&#8217;s best work of literary fiction translated into English). In her work Bellov\u00e1 [&hellip;]<\/p>\n","protected":false},"author":1,"featured_media":1622,"parent":1357,"menu_order":0,"comment_status":"closed","ping_status":"closed","template":"","meta":{"footnotes":""},"class_list":["post-192","page","type-page","status-publish","has-post-thumbnail","hentry"],"_links":{"self":[{"href":"https:\/\/pluh.org\/index.php\/wp-json\/wp\/v2\/pages\/192","targetHints":{"allow":["GET"]}}],"collection":[{"href":"https:\/\/pluh.org\/index.php\/wp-json\/wp\/v2\/pages"}],"about":[{"href":"https:\/\/pluh.org\/index.php\/wp-json\/wp\/v2\/types\/page"}],"author":[{"embeddable":true,"href":"https:\/\/pluh.org\/index.php\/wp-json\/wp\/v2\/users\/1"}],"replies":[{"embeddable":true,"href":"https:\/\/pluh.org\/index.php\/wp-json\/wp\/v2\/comments?post=192"}],"version-history":[{"count":5,"href":"https:\/\/pluh.org\/index.php\/wp-json\/wp\/v2\/pages\/192\/revisions"}],"predecessor-version":[{"id":1738,"href":"https:\/\/pluh.org\/index.php\/wp-json\/wp\/v2\/pages\/192\/revisions\/1738"}],"up":[{"embeddable":true,"href":"https:\/\/pluh.org\/index.php\/wp-json\/wp\/v2\/pages\/1357"}],"wp:featuredmedia":[{"embeddable":true,"href":"https:\/\/pluh.org\/index.php\/wp-json\/wp\/v2\/media\/1622"}],"wp:attachment":[{"href":"https:\/\/pluh.org\/index.php\/wp-json\/wp\/v2\/media?parent=192"}],"curies":[{"name":"wp","href":"https:\/\/api.w.org\/{rel}","templated":true}]}}