{"id":194,"date":"2024-07-09T23:18:05","date_gmt":"2024-07-09T21:18:05","guid":{"rendered":"https:\/\/pluh2.wordpress.com\/?page_id=194"},"modified":"2026-02-27T19:16:04","modified_gmt":"2026-02-27T19:16:04","slug":"tomas-zmeskal-3","status":"publish","type":"page","link":"https:\/\/pluh.org\/index.php\/authors\/tomas-zmeskal-3\/","title":{"rendered":"Tom\u00e1\u0161 Zme\u0161kal"},"content":{"rendered":"\n<div class=\"wp-block-columns alignfull are-vertically-aligned-center has-theme-2-color has-theme-5-background-color has-text-color has-background has-link-color wp-elements-537cef370222e2f566077f4cac51741e is-layout-flex wp-container-core-columns-is-layout-28f84493 wp-block-columns-is-layout-flex\">\n<div class=\"wp-block-column is-vertically-aligned-center is-layout-flow wp-block-column-is-layout-flow\" style=\"flex-basis:25%\">\n<p><\/p>\n<\/div>\n\n\n\n<div class=\"wp-block-column is-vertically-aligned-center is-layout-flow wp-block-column-is-layout-flow\" style=\"flex-basis:50%\">\n<div class=\"wp-block-columns is-layout-flex wp-container-core-columns-is-layout-28f84493 wp-block-columns-is-layout-flex\">\n<div class=\"wp-block-column is-layout-flow wp-block-column-is-layout-flow\" style=\"flex-basis:66.66%\">\n<div class=\"wp-block-media-text has-media-on-the-right is-stacked-on-mobile\"><div class=\"wp-block-media-text__content\">\n<p><\/p>\n\n\n\n<blockquote class=\"wp-block-quote is-layout-flow wp-block-quote-is-layout-flow\">\n<p><em>\u201cA remarkable author\u201d<\/em><\/p>\n\n\n\n<p class=\"has-text-align-right\">\u2014 Lidov\u00e9 noviny<\/p>\n<\/blockquote>\n<\/div><figure class=\"wp-block-media-text__media\"><img loading=\"lazy\" decoding=\"async\" width=\"500\" height=\"667\" src=\"https:\/\/pluh.org\/wp-content\/uploads\/2024\/07\/Tomas-Zmeskal-edited.jpg\" alt=\"\" class=\"wp-image-1626 size-full\" srcset=\"https:\/\/pluh.org\/wp-content\/uploads\/2024\/07\/Tomas-Zmeskal-edited.jpg 500w, https:\/\/pluh.org\/wp-content\/uploads\/2024\/07\/Tomas-Zmeskal-edited-225x300.jpg 225w\" sizes=\"auto, (max-width: 500px) 100vw, 500px\" \/><\/figure><\/div>\n\n\n\n<p id=\"yui_3_17_2_1_1720552665019_479\">Tom\u00e1\u0161 Zme\u0161kal (1966) studied English and Literature in London where he lived in exile. His debut novel In 2008 <em>Milostn\u00fd dopis kl\u00ednov\u00fdm p\u00edsmem<\/em> (Love Letter in Cuneiform Script) was nothing less than a sensation. According to critics and readers he is a writer in the league of famous colleagues like J\u00e1chym Topol and Bohumil Hrabal.<\/p>\n\n\n\n<p id=\"yui_3_17_2_1_1720559821338_499\">His second novel <em>\u017divotopis \u010dernob\u00edl\u00e9ho jehn\u011bte<\/em> (Biography of a Black and White Lamb) from 2009 can be characterized as: Black Lives Matter behind the Iron Curtain.<\/p>\n\n\n\n<p>In 2013 he published the long-awaited non-ficton novel <em>Sokrates na rovn\u00edku<\/em> (Socrates at the Equator) about the search of his father in the Congo.<br><br>Zme\u0161kal has been honoured with the Josef \u0160kvoreck\u00fd Award and the EU Prize for Literature, and his work has been tarnslated in over a dozen languages.<\/p>\n\n\n\n<div class=\"wp-block-columns is-layout-flex wp-container-core-columns-is-layout-28f84493 wp-block-columns-is-layout-flex\">\n<div class=\"wp-block-column is-layout-flow wp-block-column-is-layout-flow\"><\/div>\n\n\n\n<div class=\"wp-block-column is-layout-flow wp-block-column-is-layout-flow\">\n<div class=\"wp-block-buttons is-layout-flex wp-block-buttons-is-layout-flex\">\n<div class=\"wp-block-button\"><a class=\"wp-block-button__link wp-element-button\" href=\"https:\/\/www.tomaszmeskal.cz\/english\/\" target=\"_blank\" rel=\"noreferrer noopener\">author website<\/a><\/div>\n<\/div>\n<\/div>\n\n\n\n<div class=\"wp-block-column is-layout-flow wp-block-column-is-layout-flow\"><\/div>\n<\/div>\n<\/div>\n\n\n\n<div class=\"wp-block-column is-layout-flow wp-block-column-is-layout-flow\"><\/div>\n\n\n\n<div class=\"wp-block-column is-layout-flow wp-block-column-is-layout-flow\" style=\"flex-basis:33.33%\">\n<div style=\"height:4px\" aria-hidden=\"true\" class=\"wp-block-spacer\"><\/div>\n\n\n\n<h4 class=\"wp-block-heading\"><em><strong>Novels<\/strong><\/em><\/h4>\n\n\n\n<p><a href=\"https:\/\/pluh.org\/index.php\/milostny-dopis-klinovym-pismem\/\" data-type=\"link\" data-id=\"https:\/\/pluh.org\/index.php\/milostny-dopis-klinovym-pismem\/\"><strong>Milostn\u00fd dopis kl\u00ednov\u00fdm p\u00edsmem<\/strong><\/a> (Love Letter in Cuneiform)<br><em>Torst, Prague (2008)<\/em><\/p>\n\n\n\n<p><a href=\"https:\/\/pluh.org\/index.php\/zivotopis-cernobileho-jehnete\/\" data-type=\"link\" data-id=\"https:\/\/pluh.org\/index.php\/zivotopis-cernobileho-jehnete\/\"><strong>\u017divotopis \u010dernob\u00edl\u00e9ho jehn\u011bte<\/strong><\/a> (Biography of a Black and White Lamb)<br><em>Torst, Prague (2008)<\/em><\/p>\n\n\n\n<h4 class=\"wp-block-heading\"><em>Non fiction<\/em><\/h4>\n\n\n\n<p><a href=\"https:\/\/pluh.org\/index.php\/sokrates-na-rovniku\/\"><strong>Sokrates na rovn\u00edku<\/strong><\/a> (Socrates at the Equator)<br><em>Mishkezy, Prague (2013)<\/em><\/p>\n<\/div>\n<\/div>\n<\/div>\n<\/div>\n","protected":false},"excerpt":{"rendered":"<p>\u201cA remarkable author\u201d \u2014 Lidov\u00e9 noviny Tom\u00e1\u0161 Zme\u0161kal (1966) studied English and Literature in London where he lived in exile. His debut novel In 2008 Milostn\u00fd dopis kl\u00ednov\u00fdm p\u00edsmem (Love Letter in Cuneiform Script) was nothing less than a sensation. According to critics and readers he is a writer in the league of famous colleagues [&hellip;]<\/p>\n","protected":false},"author":1,"featured_media":1626,"parent":1357,"menu_order":0,"comment_status":"closed","ping_status":"closed","template":"","meta":{"footnotes":""},"class_list":["post-194","page","type-page","status-publish","has-post-thumbnail","hentry"],"_links":{"self":[{"href":"https:\/\/pluh.org\/index.php\/wp-json\/wp\/v2\/pages\/194","targetHints":{"allow":["GET"]}}],"collection":[{"href":"https:\/\/pluh.org\/index.php\/wp-json\/wp\/v2\/pages"}],"about":[{"href":"https:\/\/pluh.org\/index.php\/wp-json\/wp\/v2\/types\/page"}],"author":[{"embeddable":true,"href":"https:\/\/pluh.org\/index.php\/wp-json\/wp\/v2\/users\/1"}],"replies":[{"embeddable":true,"href":"https:\/\/pluh.org\/index.php\/wp-json\/wp\/v2\/comments?post=194"}],"version-history":[{"count":2,"href":"https:\/\/pluh.org\/index.php\/wp-json\/wp\/v2\/pages\/194\/revisions"}],"predecessor-version":[{"id":1628,"href":"https:\/\/pluh.org\/index.php\/wp-json\/wp\/v2\/pages\/194\/revisions\/1628"}],"up":[{"embeddable":true,"href":"https:\/\/pluh.org\/index.php\/wp-json\/wp\/v2\/pages\/1357"}],"wp:featuredmedia":[{"embeddable":true,"href":"https:\/\/pluh.org\/index.php\/wp-json\/wp\/v2\/media\/1626"}],"wp:attachment":[{"href":"https:\/\/pluh.org\/index.php\/wp-json\/wp\/v2\/media?parent=194"}],"curies":[{"name":"wp","href":"https:\/\/api.w.org\/{rel}","templated":true}]}}