{"id":196,"date":"2024-07-09T23:20:32","date_gmt":"2024-07-09T21:20:32","guid":{"rendered":"https:\/\/pluh2.wordpress.com\/?page_id=196"},"modified":"2026-02-27T19:17:01","modified_gmt":"2026-02-27T19:17:01","slug":"egon-hostovsky","status":"publish","type":"page","link":"https:\/\/pluh.org\/index.php\/authors\/egon-hostovsky\/","title":{"rendered":"Egon Hostovsk\u00fd"},"content":{"rendered":"\n<div class=\"wp-block-columns alignfull are-vertically-aligned-center has-theme-2-color has-theme-5-background-color has-text-color has-background has-link-color wp-elements-f08da39f614aa3f4ab39a0f5a6ad2d0b is-layout-flex wp-container-core-columns-is-layout-28f84493 wp-block-columns-is-layout-flex\">\n<div class=\"wp-block-column is-vertically-aligned-center is-layout-flow wp-block-column-is-layout-flow\" style=\"flex-basis:25%\">\n<p><\/p>\n<\/div>\n\n\n\n<div class=\"wp-block-column is-vertically-aligned-center is-layout-flow wp-block-column-is-layout-flow\" style=\"flex-basis:50%\">\n<div class=\"wp-block-columns is-layout-flex wp-container-core-columns-is-layout-28f84493 wp-block-columns-is-layout-flex\">\n<div class=\"wp-block-column is-layout-flow wp-block-column-is-layout-flow\" style=\"flex-basis:66.66%\">\n<div class=\"wp-block-media-text has-media-on-the-right is-stacked-on-mobile\"><div class=\"wp-block-media-text__content\">\n<p><\/p>\n\n\n\n<blockquote class=\"wp-block-quote is-layout-flow wp-block-quote-is-layout-flow\">\n<p><em>\u201cUne \u00e9crivain excellent.\u201d<\/em><\/p>\n\n\n\n<p class=\"has-text-align-right\">\u2014 Milan Kundera<\/p>\n<\/blockquote>\n<\/div><figure class=\"wp-block-media-text__media\"><img loading=\"lazy\" decoding=\"async\" width=\"825\" height=\"1024\" src=\"https:\/\/pluh.org\/wp-content\/uploads\/2024\/07\/Egon-Hostovky-825x1024.jpg\" alt=\"\" class=\"wp-image-1547 size-full\" srcset=\"https:\/\/pluh.org\/wp-content\/uploads\/2024\/07\/Egon-Hostovky-825x1024.jpg 825w, https:\/\/pluh.org\/wp-content\/uploads\/2024\/07\/Egon-Hostovky-242x300.jpg 242w, https:\/\/pluh.org\/wp-content\/uploads\/2024\/07\/Egon-Hostovky-768x953.jpg 768w, https:\/\/pluh.org\/wp-content\/uploads\/2024\/07\/Egon-Hostovky.jpg 1000w\" sizes=\"auto, (max-width: 825px) 100vw, 825px\" \/><\/figure><\/div>\n\n\n\n<p id=\"yui_3_17_2_1_1720552665019_479\">Egon Hostovsk\u00fd (1908-1973) is one of the authors who shaped Czech literature during the interwar period and helped shape Central European literature, represented by writers such as Franz Kafka, Joseph Roth and Stefan Zweig etc. (Hostovsk\u00fd and Zweig were cousins). Despite having success with his work in the United States in the 1940s and 1950s &#8211; about 9 of his books were published in English and a few in German and French &#8211; he fell into oblivion as an author.<\/p>\n\n\n\n<p>Hostovsk\u00fd made his debut in the late 1920s and his books are labelled as psychological novels. But at the same time, he was praised for his ability to tell stories. He was hailed as a great talent and in 1935 he made a name for himself as a major author with the novel <em>\u017dh\u00e1\u0159<\/em> (The Arsonist). For this book, he received the Czechoslovak State Award for Literature.Yet another important novel from the pre-war period is the 1937 psychological family drama <em>D\u016fm bez p\u00e1na<\/em> (A House Without a Master).<\/p>\n\n\n\n<p>In the late 1930s, Hostovsk\u00fd began working in the diplomatic service. He was warned by a bigoted Catholic friend, who told him that although he hated Jews and blamed them for everything, he considered Hostovsk\u00fd a decent man and advised him to flee the country from the Nazis. Hostovsk\u00fd went to Paris and ended up in New York via Portugal. There he worked for the Czech government in exile and became friends with Jan Masaryk, son of the former president T. G. Masaryk, who later became foreign minister. During these war years, he published perhaps one of his most remarkable novels, <em>\u00dakryt<\/em> (The Hideout, 1943).<\/p>\n\n\n\n<p>Once the war was over, Hostovsk\u00fd returned to Prague where he published one of his most impressive novels: <em>Cizinec hled\u00e1 byt<\/em> (Stranger Seeks Apartment, 1947). After the communist coup in 1948, Hostovsk\u00fd again flees his country, but this time permanently. Via Denmark and Norway, he ended up back in the United States. In 1951, <em>Nezv\u011bstn\u00fd<\/em> (Missing) was published. Graham Greene, a great admirer of Hostovsk\u00fd&#8217;s work, recalls meeting him in connection with his novel <em>Missing<\/em>: &#8220;My first meeting with Egon Hostovsk\u00fd was akin to his own work,&#8221; Graham Greene wrote in 1958, &#8220;a complex flavour of black humour, melodrama and despair. It was in Prague during the week of the communist revolution. Hostovsk\u00fd entered my hotel room immediately after a final meeting at his foreign ministry with his beloved chief Masaryk &#8211; who would be dissolved a few days later. We sat on the bed drinking my bottle of Scotch and outside the streets were noisy with parades of trade unionists shouting their freedom.&#8221;<\/p>\n\n\n\n<p>After <em>Missing<\/em>, Hostovsk\u00fd published several other novels in the United States. Of these, one should certainly mention <em>P\u016flno\u010dn\u00ed pacient<\/em> (The Midnight Patient). Graham Greene said of this book: &#8220;On one level, <em>The Midnight Patient<\/em> is a topical thriller about the world of the cold war, with scenes of suspense and nightmare humour that would have attracted Hitchcock in his great days. But on a second level, it is literature &#8211; a beautiful and original novel that takes a sombre stand for the values of trust in a world dominated by fear of the neighbour.&#8221;<\/p>\n\n\n\n<p><em>The Midnight Patient<\/em> was also adapted for a film. Unfortunately, however, it became a screwball comedy with Peter Ustinov in one of the leading roles.<\/p>\n\n\n\n<p>On his own work, Hostovsk\u00fd said: &#8220;During my life, I have witnessed activities of great personalities and been touched by great historical events. I am able to talk about Joseph Stalin and Billy Graham; I saw in person Nikita Kruschev shoulder to shoulder with President Eisenhower, and I even saw and heard Elvis Presley; I can talk about the astronauts and the Beatles, about war in South Asia and the remarriage of Elizabeth Taylor. Haunted by all these experiences, I have tried, independent of psychiatrists, to find a key to our difficult times and to build in my literature a place of spiritual safety for myself and my readers.&#8221;<\/p>\n\n\n\n<div class=\"wp-block-columns is-layout-flex wp-container-core-columns-is-layout-28f84493 wp-block-columns-is-layout-flex\">\n<div class=\"wp-block-column is-layout-flow wp-block-column-is-layout-flow\"><\/div>\n<\/div>\n<\/div>\n\n\n\n<div class=\"wp-block-column is-layout-flow wp-block-column-is-layout-flow\"><\/div>\n\n\n\n<div class=\"wp-block-column is-layout-flow wp-block-column-is-layout-flow\" style=\"flex-basis:33.33%\">\n<h4 class=\"wp-block-heading\"><em><strong>Novels<\/strong><\/em> (selection)<\/h4>\n\n\n\n<p><a href=\"https:\/\/pluh.org\/index.php\/zhar\/\" data-type=\"link\" data-id=\"https:\/\/pluh.org\/index.php\/zhar\/\"><strong>\u017dh\u00e1\u0159<\/strong>\u00a0<\/a>(The Arsonist)<br><em>Melantrich, Prague (1935)<\/em><\/p>\n\n\n\n<p><a href=\"https:\/\/pluh2.wordpress.com\/ukryt\/\"><strong>\u00da<\/strong><\/a><strong><a href=\"https:\/\/pluh.org\/index.php\/ukryt\/\" data-type=\"link\" data-id=\"https:\/\/pluh.org\/index.php\/ukryt\/\">k<\/a><\/strong><a href=\"https:\/\/pluh2.wordpress.com\/ukryt\/\"><strong>ryt<\/strong>\u00a0<\/a>(The Hideout)<br><em>Random House, New York (1945) \/ Melantrich, Prague (1946)<\/em><\/p>\n\n\n\n<p><a href=\"https:\/\/pluh.org\/index.php\/cizinec-hleda-byt\/\" data-type=\"link\" data-id=\"https:\/\/pluh.org\/index.php\/cizinec-hleda-byt\/\"><strong>Cizinec hled\u00e1 byt<\/strong><\/a> (Stranger Seeks Apartment)<br><em>Melantrich, Prague (1947)<\/em><\/p>\n\n\n\n<p><a href=\"https:\/\/pluh.org\/index.php\/nezvestny\/\"><strong>Nezv\u011bstn\u00fd\u00a0<\/strong><\/a>(Missing)<br><em>The Viking Press, New York (1952) \/ Nov\u00fd domov. Toronto (1955)<\/em><\/p>\n\n\n\n<h4 class=\"wp-block-heading\"><em><strong>Novels<\/strong><\/em> (other)<\/h4>\n\n\n\n<p><strong>P\u0159\u00edpad profesora Kornera<\/strong><strong> <\/strong>(The Case of Profesor Korner)<br><em>Melantrich, Prague (1932)<\/em><\/p>\n\n\n\n<p><strong>D\u016fm bez p\u00e1na <\/strong>(A House Without a Master)<br><em>Melantrich, Prague (1937)<\/em><\/p>\n\n\n\n<p><strong>P\u016flno\u010dn\u00ed pacient<\/strong> (The Midnight Patient)<br><em>The Viking Press, New York (1955) \/<\/em> <em>Universum Press, New York (1959)<\/em><\/p>\n\n\n\n<p><strong>Dobro\u010dinn\u00fd ve\u010d\u00edrek<\/strong><strong> <\/strong>(The Charity Ball)<br><em>Heinemann, London (1957) \/ Sixty-Eight Publishers. Toronto (1985)<\/em><\/p>\n\n\n\n<p><strong>V\u0161eobecn\u00e9 spiknut\u00ed <\/strong>(The Plot)<br><em>Doubleday, New York (1961) \/Sixty-Eight Publishers. Toronto (1973)<\/em><\/p>\n<\/div>\n<\/div>\n<\/div>\n<\/div>\n","protected":false},"excerpt":{"rendered":"<p>\u201cUne \u00e9crivain excellent.\u201d \u2014 Milan Kundera Egon Hostovsk\u00fd (1908-1973) is one of the authors who shaped Czech literature during the interwar period and helped shape Central European literature, represented by writers such as Franz Kafka, Joseph Roth and Stefan Zweig etc. (Hostovsk\u00fd and Zweig were cousins). Despite having success with his work in the United [&hellip;]<\/p>\n","protected":false},"author":1,"featured_media":1547,"parent":1357,"menu_order":0,"comment_status":"closed","ping_status":"closed","template":"","meta":{"footnotes":""},"class_list":["post-196","page","type-page","status-publish","has-post-thumbnail","hentry"],"_links":{"self":[{"href":"https:\/\/pluh.org\/index.php\/wp-json\/wp\/v2\/pages\/196","targetHints":{"allow":["GET"]}}],"collection":[{"href":"https:\/\/pluh.org\/index.php\/wp-json\/wp\/v2\/pages"}],"about":[{"href":"https:\/\/pluh.org\/index.php\/wp-json\/wp\/v2\/types\/page"}],"author":[{"embeddable":true,"href":"https:\/\/pluh.org\/index.php\/wp-json\/wp\/v2\/users\/1"}],"replies":[{"embeddable":true,"href":"https:\/\/pluh.org\/index.php\/wp-json\/wp\/v2\/comments?post=196"}],"version-history":[{"count":1,"href":"https:\/\/pluh.org\/index.php\/wp-json\/wp\/v2\/pages\/196\/revisions"}],"predecessor-version":[{"id":1630,"href":"https:\/\/pluh.org\/index.php\/wp-json\/wp\/v2\/pages\/196\/revisions\/1630"}],"up":[{"embeddable":true,"href":"https:\/\/pluh.org\/index.php\/wp-json\/wp\/v2\/pages\/1357"}],"wp:featuredmedia":[{"embeddable":true,"href":"https:\/\/pluh.org\/index.php\/wp-json\/wp\/v2\/media\/1547"}],"wp:attachment":[{"href":"https:\/\/pluh.org\/index.php\/wp-json\/wp\/v2\/media?parent=196"}],"curies":[{"name":"wp","href":"https:\/\/api.w.org\/{rel}","templated":true}]}}