{"id":200,"date":"2024-07-09T23:24:21","date_gmt":"2024-07-09T21:24:21","guid":{"rendered":"https:\/\/pluh2.wordpress.com\/?page_id=200"},"modified":"2026-02-27T19:18:18","modified_gmt":"2026-02-27T19:18:18","slug":"zuzana-brabcova","status":"publish","type":"page","link":"https:\/\/pluh.org\/index.php\/authors\/zuzana-brabcova\/","title":{"rendered":"Zuzana Brabcov\u00e1"},"content":{"rendered":"\n<div class=\"wp-block-columns alignfull are-vertically-aligned-center has-theme-2-color has-theme-5-background-color has-text-color has-background has-link-color wp-elements-ff692e577e1d830baaecb90c4d589d3e is-layout-flex wp-container-core-columns-is-layout-28f84493 wp-block-columns-is-layout-flex\">\n<div class=\"wp-block-column is-vertically-aligned-center is-layout-flow wp-block-column-is-layout-flow\" style=\"flex-basis:25%\">\n<p><\/p>\n<\/div>\n\n\n\n<div class=\"wp-block-column is-vertically-aligned-center is-layout-flow wp-block-column-is-layout-flow\" style=\"flex-basis:50%\">\n<div class=\"wp-block-columns is-layout-flex wp-container-core-columns-is-layout-28f84493 wp-block-columns-is-layout-flex\">\n<div class=\"wp-block-column is-layout-flow wp-block-column-is-layout-flow\" style=\"flex-basis:66.66%\">\n<div class=\"wp-block-media-text has-media-on-the-right is-stacked-on-mobile\"><div class=\"wp-block-media-text__content\">\n<p><\/p>\n\n\n\n<blockquote class=\"wp-block-quote is-layout-flow wp-block-quote-is-layout-flow\">\n<p><em>\u201cZuzana Brabcov\u00e1 was one of the most important Czech authors after November 1989.\u201d<\/em><\/p>\n\n\n\n<p class=\"has-text-align-right\">\u2014 Martin Reiner<em> | Chief Editor Druh\u00e9 m\u011bsto publishers<\/em><\/p>\n<\/blockquote>\n<\/div><figure class=\"wp-block-media-text__media\"><img loading=\"lazy\" decoding=\"async\" width=\"628\" height=\"837\" src=\"https:\/\/pluh.org\/wp-content\/uploads\/2024\/07\/Zuzana-Brabcova-copyright-Edgar-de-Bruin-edited.jpg\" alt=\"\" class=\"wp-image-1597 size-full\" srcset=\"https:\/\/pluh.org\/wp-content\/uploads\/2024\/07\/Zuzana-Brabcova-copyright-Edgar-de-Bruin-edited.jpg 628w, https:\/\/pluh.org\/wp-content\/uploads\/2024\/07\/Zuzana-Brabcova-copyright-Edgar-de-Bruin-edited-225x300.jpg 225w\" sizes=\"auto, (max-width: 628px) 100vw, 628px\" \/><\/figure><\/div>\n\n\n\n<p id=\"yui_3_17_2_1_1720552665019_479\">Zuzana Brabcov\u00e1 (1959-2015) is one of the most remarkable Czech authors of recent decades. Her first novel <em>Daleko od stromu<\/em> (Far From the Tree)) from 1984, when Czechoslovakia was still under communist rule, could only be published underground and later abroad by the Czech exile publishing house Index. Because of this remarkable book, the Jiri Orten Award (for young writers) was founded and Brabcov\u00e1 was the first laureate in 1987. When the novel was later, after 1989, officially published it made a big impression.<\/p>\n\n\n\n<p>In the years that followed, she wrote several other novels, including <em>Rok perel<\/em> (The Year of Pearls) in 2000 about a lesbian relationship. She received the Magnesia Litera for her novel <em>Stropy<\/em> (Ceilings) and her latest novel <em>Voli\u00e9ry<\/em> (Aviaries) was awarded the Josef Skvorecky Award. All her books excel for their beautiful and inventive use of language and for their high literary quality. A profoundly original author who was not content with writing superfluous stories. She always dug deep and did not shy away from tackling life&#8217;s big themes and drawing on her own experiences, including psychiatric rehabs. And always she poured her stories into the most exquisite form of poetic language. Real literature.<\/p>\n\n\n\n<p><em>The Midnight Patient<\/em> was also adapted for a film. Unfortunately, however, it became a screwball comedy with Peter Ustinov in one of the leading roles.<\/p>\n\n\n\n<p>On his own work, Hostovsk\u00fd said: &#8220;During my life, I have witnessed activities of great personalities and been touched by great historical events. I am able to talk about Joseph Stalin and Billy Graham; I saw in person Nikita Kruschev shoulder to shoulder with President Eisenhower, and I even saw and heard Elvis Presley; I can talk about the astronauts and the Beatles, about war in South Asia and the remarriage of Elizabeth Taylor. Haunted by all these experiences, I have tried, independent of psychiatrists, to find a key to our difficult times and to build in my literature a place of spiritual safety for myself and my readers.&#8221;<\/p>\n\n\n\n<div class=\"wp-block-columns is-layout-flex wp-container-core-columns-is-layout-28f84493 wp-block-columns-is-layout-flex\">\n<div class=\"wp-block-column is-layout-flow wp-block-column-is-layout-flow\"><\/div>\n<\/div>\n<\/div>\n\n\n\n<div class=\"wp-block-column is-layout-flow wp-block-column-is-layout-flow\"><\/div>\n\n\n\n<div class=\"wp-block-column is-layout-flow wp-block-column-is-layout-flow\" style=\"flex-basis:33.33%\">\n<h4 class=\"wp-block-heading\"><em><strong>Novels<\/strong><\/em> <\/h4>\n\n\n\n<p><a href=\"https:\/\/pluh.org\/index.php\/daleko-od-stromu\/\" data-type=\"link\" data-id=\"https:\/\/pluh.org\/index.php\/daleko-od-stromu\/\"><strong>Daleko od stromu<\/strong><\/a> (Far From the Tree)<br><em>Index, K\u00f6ln &#8211; \u010ceskoslovensk\u00fd spisovatel, Prague (1984\/1991)<\/em><\/p>\n\n\n\n<p><a href=\"https:\/\/pluh.org\/index.php\/zlodejina\/\" data-type=\"link\" data-id=\"https:\/\/pluh.org\/index.php\/zlodejina\/\"><strong>Zlod\u011bjina<\/strong><\/a> (Mishistory)<br><em>\u010ceskoslovensk\u00fd spisovatel, Prague (1995)<\/em><\/p>\n\n\n\n<p><a href=\"https:\/\/pluh.org\/index.php\/rok-perel\/\" data-type=\"link\" data-id=\"https:\/\/pluh.org\/index.php\/rok-perel\/\"><strong>Rok perel<\/strong>\u00a0<\/a>(The Year of the Pearls)<br><em>Garamond, Prague &#8211; Druh\u00e9 m\u011bsto, Brno (2000\/2012)<\/em><\/p>\n\n\n\n<p><a href=\"https:\/\/pluh.org\/index.php\/stropy\/\" data-type=\"link\" data-id=\"https:\/\/pluh.org\/index.php\/stropy\/\"><strong>Stropy<\/strong>\u00a0<\/a>(Ceilings)<br><em>Druh\u00e9 m\u011bsto, Brno (2012)<\/em><\/p>\n\n\n\n<p><a href=\"https:\/\/pluh.org\/index.php\/voliery\/\" data-type=\"link\" data-id=\"https:\/\/pluh.org\/index.php\/voliery\/\"><strong>Voli\u00e9ry<\/strong>\u00a0<\/a>(Aviaries)<br><em>Druh\u00e9 m\u011bsto, Brno (2012\/2016)<\/em><\/p>\n<\/div>\n<\/div>\n<\/div>\n<\/div>\n","protected":false},"excerpt":{"rendered":"<p>\u201cZuzana Brabcov\u00e1 was one of the most important Czech authors after November 1989.\u201d \u2014 Martin Reiner | Chief Editor Druh\u00e9 m\u011bsto publishers Zuzana Brabcov\u00e1 (1959-2015) is one of the most remarkable Czech authors of recent decades. Her first novel Daleko od stromu (Far From the Tree)) from 1984, when Czechoslovakia was still under communist rule, [&hellip;]<\/p>\n","protected":false},"author":1,"featured_media":1597,"parent":1357,"menu_order":0,"comment_status":"closed","ping_status":"closed","template":"","meta":{"footnotes":""},"class_list":["post-200","page","type-page","status-publish","has-post-thumbnail","hentry"],"_links":{"self":[{"href":"https:\/\/pluh.org\/index.php\/wp-json\/wp\/v2\/pages\/200","targetHints":{"allow":["GET"]}}],"collection":[{"href":"https:\/\/pluh.org\/index.php\/wp-json\/wp\/v2\/pages"}],"about":[{"href":"https:\/\/pluh.org\/index.php\/wp-json\/wp\/v2\/types\/page"}],"author":[{"embeddable":true,"href":"https:\/\/pluh.org\/index.php\/wp-json\/wp\/v2\/users\/1"}],"replies":[{"embeddable":true,"href":"https:\/\/pluh.org\/index.php\/wp-json\/wp\/v2\/comments?post=200"}],"version-history":[{"count":1,"href":"https:\/\/pluh.org\/index.php\/wp-json\/wp\/v2\/pages\/200\/revisions"}],"predecessor-version":[{"id":1633,"href":"https:\/\/pluh.org\/index.php\/wp-json\/wp\/v2\/pages\/200\/revisions\/1633"}],"up":[{"embeddable":true,"href":"https:\/\/pluh.org\/index.php\/wp-json\/wp\/v2\/pages\/1357"}],"wp:featuredmedia":[{"embeddable":true,"href":"https:\/\/pluh.org\/index.php\/wp-json\/wp\/v2\/media\/1597"}],"wp:attachment":[{"href":"https:\/\/pluh.org\/index.php\/wp-json\/wp\/v2\/media?parent=200"}],"curies":[{"name":"wp","href":"https:\/\/api.w.org\/{rel}","templated":true}]}}