{"id":203,"date":"2024-07-09T23:27:14","date_gmt":"2024-07-09T21:27:14","guid":{"rendered":"https:\/\/pluh2.wordpress.com\/?page_id=203"},"modified":"2026-02-27T19:17:46","modified_gmt":"2026-02-27T19:17:46","slug":"pavel-juracek-4","status":"publish","type":"page","link":"https:\/\/pluh.org\/index.php\/authors\/pavel-juracek-4\/","title":{"rendered":"Pavel Jur\u00e1\u010dek"},"content":{"rendered":"\n<div class=\"wp-block-columns alignfull are-vertically-aligned-center has-theme-2-color has-theme-5-background-color has-text-color has-background has-link-color wp-elements-bef7a1b8df5de96e1846e0b0017bc0cb is-layout-flex wp-container-core-columns-is-layout-28f84493 wp-block-columns-is-layout-flex\">\n<div class=\"wp-block-column is-vertically-aligned-center is-layout-flow wp-block-column-is-layout-flow\" style=\"flex-basis:25%\">\n<p><\/p>\n<\/div>\n\n\n\n<div class=\"wp-block-column is-vertically-aligned-center is-layout-flow wp-block-column-is-layout-flow\" style=\"flex-basis:50%\">\n<div class=\"wp-block-columns is-layout-flex wp-container-core-columns-is-layout-28f84493 wp-block-columns-is-layout-flex\">\n<div class=\"wp-block-column is-layout-flow wp-block-column-is-layout-flow\" style=\"flex-basis:66.66%\">\n<div class=\"wp-block-media-text has-media-on-the-right is-stacked-on-mobile\"><div class=\"wp-block-media-text__content\">\n<p><\/p>\n\n\n\n<blockquote class=\"wp-block-quote is-layout-flow wp-block-quote-is-layout-flow\">\n<p><em>\u201cHe was one of the most gentle and sensitive people I knew, so I cannot write more about him.\u201d<\/em><\/p>\n\n\n\n<p class=\"has-text-align-right\">\u2014 V\u00e1clav Havel<\/p>\n<\/blockquote>\n<\/div><figure class=\"wp-block-media-text__media\"><img loading=\"lazy\" decoding=\"async\" width=\"667\" height=\"1024\" src=\"https:\/\/pluh.org\/wp-content\/uploads\/2024\/07\/Pavel-Juracek-667x1024.jpg\" alt=\"\" class=\"wp-image-1543 size-full\" srcset=\"https:\/\/pluh.org\/wp-content\/uploads\/2024\/07\/Pavel-Juracek-667x1024.jpg 667w, https:\/\/pluh.org\/wp-content\/uploads\/2024\/07\/Pavel-Juracek-195x300.jpg 195w, https:\/\/pluh.org\/wp-content\/uploads\/2024\/07\/Pavel-Juracek-768x1179.jpg 768w, https:\/\/pluh.org\/wp-content\/uploads\/2024\/07\/Pavel-Juracek-1000x1536.jpg 1000w, https:\/\/pluh.org\/wp-content\/uploads\/2024\/07\/Pavel-Juracek-1334x2048.jpg 1334w, https:\/\/pluh.org\/wp-content\/uploads\/2024\/07\/Pavel-Juracek.jpg 1404w\" sizes=\"auto, (max-width: 667px) 100vw, 667px\" \/><\/figure><\/div>\n\n\n\n<p id=\"yui_3_17_2_1_1720552665019_479\">Pavel Jur\u00e1\u010dek (1935-1989) is best known as a screenwriter and dramatist. He was a key figure in the famous nouvelle vague in Czechoslovak film of the 1960s (the later famous director Milo\u0161 Forman was also part of this). During his study at the Prague Film School FAMU, he started collaborating with fellow students. He wrote scripts for their films, including the short film <em>The Ceiling<\/em> by V\u011bra Chytilov\u00e1 (one of the greatest Czech film directors of the 20th century). Officially, Jur\u00e1\u010dek never finished his studiy at the FAMU, but in 1962 he did start working at the Barrandov studio, the country&#8217;s largest film studio. Until 1970 he would be active there as a screenwriter, dramaturg, but above all as head of one of the creative groups, which made possible some of the most remarkable films of the Czechoslovak nouvelle vague. Jur\u00e1\u010dek wrote screenplays for films by directors such as Karel Zeman, V\u011bra Chytilov\u00e1 and Ji\u0159\u00ed Menzel, and turned stories by Milan Kundera and Bohumil into scenarios. He worked most closely with the director Jan Schmidt, for whose films he wrote the screenplays, including <em>Konec srpna v hotelu Oz\u00f3n<\/em> (Late August in Hotel Ozon &#8211; 1966), based on a short story by Jur\u00e1\u010dek, and <em>Postava k podp\u00edr\u00e1n\u00ed<\/em> (Joseph Kilian &#8211; 1963), also based on an idea by Jur\u00e1\u010dek.<\/p>\n\n\n\n<p>After the Prague Spring ended violently in 1968, Jur\u00e1\u010dek lost his job at the Barrandov studio in the early 1970s. He was later one of the signatories of Charta 77 and was forced by the authorities to emigrate to West Germany. But even in West Germany, where he stayed for six years, he failed to work in film and returned to Czechoslovakia in the mid-1980s. He died in 1989 before the fall of the Berlin Wall.<\/p>\n\n\n\n<p>In 2004, his diaries <em>Den\u00edky Pavla Jur\u00e1\u010dka z let 1959-1974<\/em> (The diaries of Pavel Jur\u00e1\u010dek from the years 1959-1974) were published. In this more than a thousand-page work, Jur\u00e1\u010dek&#8217;s incredible writing talent was revealed to the general public for the first time. The diaries were named Book of the Year 2004.<\/p>\n\n\n\n<p>Although Jur\u00e1\u010dek is rightly counted among the best filmmakers of the 1960s (retrospectives of his work regularly take place abroad), writer Milo\u0161 Fikejz made it clear as early as 2001 in his publication <em>Pavel Jur\u00e1\u010dek. Joseph Kilian<\/em> that Jur\u00e1\u010dek was not only an outstanding filmmaker, but above all a great writer. An artist with an exceptional sense of language and the rhythm of stories. Someone for whom writing was not a matter of social standing, but a way of life. Driven by an inner need, writing was for him an essential tool for &#8216;reading&#8217; the world.<\/p>\n\n\n\n<div class=\"wp-block-columns is-layout-flex wp-container-core-columns-is-layout-28f84493 wp-block-columns-is-layout-flex\">\n<div class=\"wp-block-column is-layout-flow wp-block-column-is-layout-flow\"><\/div>\n<\/div>\n<\/div>\n\n\n\n<div class=\"wp-block-column is-layout-flow wp-block-column-is-layout-flow\"><\/div>\n\n\n\n<div class=\"wp-block-column is-layout-flow wp-block-column-is-layout-flow\" style=\"flex-basis:33.33%\">\n<h4 class=\"wp-block-heading\"><em><strong>works<\/strong><\/em><\/h4>\n\n\n\n<p><strong>Den\u00edky Pavla Jur\u00e1\u010dka z let 1959-1974<\/strong> (The Diaries of Pavel Jur\u00e1\u010dek)<br><em>N\u00e1rodn\u00ed filmov\u00fd archiv, Prague (2003)<\/em><\/p>\n\n\n\n<p><a href=\"https:\/\/pluh.org\/index.php\/prostrednictvim-kocky\/\" data-type=\"link\" data-id=\"https:\/\/pluh.org\/index.php\/prostrednictvim-kocky\/\"><strong>Prost\u0159ednictv\u00edm ko\u010dky<\/strong><\/a><a href=\"https:\/\/pro\/\" target=\"_blank\" rel=\"noreferrer noopener\">\u00a0<\/a>(By Means of the Cat)<br><em>Knihovna V\u00e1clava Havla, Prague (2014)<\/em><\/p>\n\n\n\n<p><strong>Situace vlka<\/strong> (The Case of the Wolf)<br><em>Knihovna V\u00e1clava Havla, Prague (2015)<\/em><\/p>\n\n\n\n<p><strong>Postava k podp\u00edr\u00e1n\u00ed \/ groteska 1962-1963<\/strong> (Joseph Kilian)<br><em>Knihovna V\u00e1clava Havla, Prague (2016)<\/em><\/p>\n<\/div>\n<\/div>\n<\/div>\n<\/div>\n","protected":false},"excerpt":{"rendered":"<p>\u201cHe was one of the most gentle and sensitive people I knew, so I cannot write more about him.\u201d \u2014 V\u00e1clav Havel Pavel Jur\u00e1\u010dek (1935-1989) is best known as a screenwriter and dramatist. He was a key figure in the famous nouvelle vague in Czechoslovak film of the 1960s (the later famous director Milo\u0161 Forman [&hellip;]<\/p>\n","protected":false},"author":1,"featured_media":1543,"parent":1357,"menu_order":0,"comment_status":"closed","ping_status":"closed","template":"","meta":{"footnotes":""},"class_list":["post-203","page","type-page","status-publish","has-post-thumbnail","hentry"],"_links":{"self":[{"href":"https:\/\/pluh.org\/index.php\/wp-json\/wp\/v2\/pages\/203","targetHints":{"allow":["GET"]}}],"collection":[{"href":"https:\/\/pluh.org\/index.php\/wp-json\/wp\/v2\/pages"}],"about":[{"href":"https:\/\/pluh.org\/index.php\/wp-json\/wp\/v2\/types\/page"}],"author":[{"embeddable":true,"href":"https:\/\/pluh.org\/index.php\/wp-json\/wp\/v2\/users\/1"}],"replies":[{"embeddable":true,"href":"https:\/\/pluh.org\/index.php\/wp-json\/wp\/v2\/comments?post=203"}],"version-history":[{"count":1,"href":"https:\/\/pluh.org\/index.php\/wp-json\/wp\/v2\/pages\/203\/revisions"}],"predecessor-version":[{"id":1634,"href":"https:\/\/pluh.org\/index.php\/wp-json\/wp\/v2\/pages\/203\/revisions\/1634"}],"up":[{"embeddable":true,"href":"https:\/\/pluh.org\/index.php\/wp-json\/wp\/v2\/pages\/1357"}],"wp:featuredmedia":[{"embeddable":true,"href":"https:\/\/pluh.org\/index.php\/wp-json\/wp\/v2\/media\/1543"}],"wp:attachment":[{"href":"https:\/\/pluh.org\/index.php\/wp-json\/wp\/v2\/media?parent=203"}],"curies":[{"name":"wp","href":"https:\/\/api.w.org\/{rel}","templated":true}]}}