{"id":205,"date":"2024-07-09T23:29:04","date_gmt":"2024-07-09T21:29:04","guid":{"rendered":"https:\/\/pluh2.wordpress.com\/?page_id=205"},"modified":"2026-02-27T19:13:58","modified_gmt":"2026-02-27T19:13:58","slug":"jachym-topol","status":"publish","type":"page","link":"https:\/\/pluh.org\/index.php\/authors\/jachym-topol\/","title":{"rendered":"J\u00e1chym Topol"},"content":{"rendered":"\n<div class=\"wp-block-columns alignfull are-vertically-aligned-center has-theme-2-color has-theme-5-background-color has-text-color has-background has-link-color wp-elements-f3382cd05ba4ef84fe0e00a686ee5206 is-layout-flex wp-container-core-columns-is-layout-28f84493 wp-block-columns-is-layout-flex\">\n<div class=\"wp-block-column is-vertically-aligned-center is-layout-flow wp-block-column-is-layout-flow\" style=\"flex-basis:25%\">\n<p><\/p>\n<\/div>\n\n\n\n<div class=\"wp-block-column is-vertically-aligned-center is-layout-flow wp-block-column-is-layout-flow\" style=\"flex-basis:50%\">\n<div class=\"wp-block-columns is-layout-flex wp-container-core-columns-is-layout-28f84493 wp-block-columns-is-layout-flex\">\n<div class=\"wp-block-column is-layout-flow wp-block-column-is-layout-flow\" style=\"flex-basis:66.66%\">\n<div class=\"wp-block-media-text has-media-on-the-right is-stacked-on-mobile\"><div class=\"wp-block-media-text__content\">\n<p><\/p>\n\n\n\n<blockquote class=\"wp-block-quote is-layout-flow wp-block-quote-is-layout-flow\">\n<p><em>\u201cTopol writes sincerely, passionately. And I love that.\u201d<\/em><\/p>\n\n\n\n<p class=\"has-text-align-right\">\u2014 Cees Nooteboom<\/p>\n<\/blockquote>\n<\/div><figure class=\"wp-block-media-text__media\"><img loading=\"lazy\" decoding=\"async\" width=\"473\" height=\"1024\" src=\"https:\/\/pluh.org\/wp-content\/uploads\/2024\/07\/Jachym-Topol-Copyright-Edgar-de-Bruin-473x1024.jpg\" alt=\"\" class=\"wp-image-1549 size-full\" srcset=\"https:\/\/pluh.org\/wp-content\/uploads\/2024\/07\/Jachym-Topol-Copyright-Edgar-de-Bruin-473x1024.jpg 473w, https:\/\/pluh.org\/wp-content\/uploads\/2024\/07\/Jachym-Topol-Copyright-Edgar-de-Bruin-139x300.jpg 139w, https:\/\/pluh.org\/wp-content\/uploads\/2024\/07\/Jachym-Topol-Copyright-Edgar-de-Bruin-768x1663.jpg 768w, https:\/\/pluh.org\/wp-content\/uploads\/2024\/07\/Jachym-Topol-Copyright-Edgar-de-Bruin-709x1536.jpg 709w, https:\/\/pluh.org\/wp-content\/uploads\/2024\/07\/Jachym-Topol-Copyright-Edgar-de-Bruin-946x2048.jpg 946w, https:\/\/pluh.org\/wp-content\/uploads\/2024\/07\/Jachym-Topol-Copyright-Edgar-de-Bruin-scaled.jpg 1182w\" sizes=\"auto, (max-width: 473px) 100vw, 473px\" \/><\/figure><\/div>\n\n\n\n<p id=\"yui_3_17_2_1_1720552665019_479\">J\u00e1chym Topol (1962) is often referred to as true modern European classic. He is rooted in the Czech cultural underground of the seventies and eighties and was a key figure in this movement. He founded several cultural magazines, worked as a journalist and meanwhile made his first steps in literature by writing poetry. It was in 1994 when he made a devastating entrance with his first novel <em>Sestra<\/em> (City Sister Sliver), which quickly gained the status of a cult book and Topol was compared to Jack Kerouac and William Burroughs. With this novel he displayed his own unparalleled style, a mixture of colloquial and poetic language.<\/p>\n\n\n\n<p>Since then he has published several other novels in which he touches on both historical (e.g the crushing of the 1968 Prague Spring by Warsaw Pact troops, World War II) and current themes (e.g. the Russian threat, modern Europe, old age). Family, and the special relationship between brothers, are a recurring element in his work. His books are populated by people on the fringes of society. Ordinary people with extraordinary stories.<\/p>\n\n\n\n<p>But in fact, all his books are essentially, as Topol himself says, love stories.<\/p>\n\n\n\n<p>Topol has great success abroad, He established his name as being one of the most important Czech, or more precise, European contemporary authors. His work is being translated in over 20 languages. He has been awarded with several literary prizes; including the Czech State Prize for Literature in 2017 , and in Slovenia in 2015 with the Vilenica Award for his entire oeuvre. Among several other awards, he was made a Knight of Czech Culture in 2018.<\/p>\n\n\n\n<p>Currently, Topol holds the position of programme director at the V\u00e1clav Havel Library.<\/p>\n\n\n\n<div class=\"wp-block-columns is-layout-flex wp-container-core-columns-is-layout-28f84493 wp-block-columns-is-layout-flex\">\n<div class=\"wp-block-column is-layout-flow wp-block-column-is-layout-flow\">\n<div class=\"wp-block-buttons is-content-justification-center is-layout-flex wp-container-core-buttons-is-layout-a89b3969 wp-block-buttons-is-layout-flex\">\n<div class=\"wp-block-button\"><a class=\"wp-block-button__link wp-element-button\" href=\"https:\/\/jachymtopol.cz\/\" target=\"_blank\" rel=\"noreferrer noopener\">AUTHOR WEBSITE<\/a><\/div>\n<\/div>\n<\/div>\n<\/div>\n<\/div>\n\n\n\n<div class=\"wp-block-column is-layout-flow wp-block-column-is-layout-flow\"><\/div>\n\n\n\n<div class=\"wp-block-column is-layout-flow wp-block-column-is-layout-flow\" style=\"flex-basis:33.33%\">\n<div style=\"height:13px\" aria-hidden=\"true\" class=\"wp-block-spacer\"><\/div>\n\n\n\n<h4 class=\"wp-block-heading\"><em><strong>Novels<\/strong><\/em><\/h4>\n\n\n\n<p><a href=\"https:\/\/pluh.org\/index.php\/sestra\/\" data-type=\"link\" data-id=\"https:\/\/pluh.org\/index.php\/sestra\/\"><strong>Sestra<\/strong><\/a> (City Sister Silver)<br><em>Atlantis, Brno (1994)<\/em><\/p>\n\n\n\n<p><a href=\"https:\/\/pluh.org\/index.php\/vylet-k-nadrazni-hale\/\" data-type=\"link\" data-id=\"https:\/\/pluh.org\/index.php\/vylet-k-nadrazni-hale\/\"><strong>V\u00fdlet k n\u00e1dra\u017en\u00ed hale<\/strong><\/a> (A Trip to The Train Station)<br><em>Petrov, Brno<\/em> <em>(1994)<\/em><\/p>\n\n\n\n<p><a href=\"https:\/\/pluh.org\/index.php\/andel\/\" data-type=\"link\" data-id=\"https:\/\/pluh.org\/index.php\/andel\/\"><strong>And\u011bl<\/strong>&nbsp;<\/a>(Exit Angel)<br><em>Hynek, Prague<\/em> <em>(1995)<\/em><\/p>\n\n\n\n<p><a href=\"https:\/\/pluh.org\/index.php\/nocni-prace\/\" data-type=\"link\" data-id=\"https:\/\/pluh.org\/index.php\/nocni-prace\/\"><strong>No\u010dn\u00ed pr\u00e1ce<\/strong><\/a> (Night Work)<br><em>Torst\/Hynek, Prague (2001)<\/em><\/p>\n\n\n\n<p><a href=\"https:\/\/pluh.org\/index.php\/kloktat-dehet\/\" data-type=\"link\" data-id=\"https:\/\/pluh.org\/index.php\/kloktat-dehet\/\"><strong>Kloktat dehet<\/strong><\/a><a href=\"https:\/\/caribou-lemon-nchb.squarespace.com\/kloktat-dehet\">&nbsp;<\/a>(Gargling With Tar)<br><em>Torst, Prague (2005)<\/em><\/p>\n\n\n\n<p><a href=\"https:\/\/pluh.org\/index.php\/chladnou-zemi\/\" data-type=\"link\" data-id=\"https:\/\/pluh.org\/index.php\/chladnou-zemi\/\"><strong>Chladnou zem\u00ed<\/strong>&nbsp;<\/a>(The Devil\u2019s Workshop)<br><em>Torst, Prague (2009)<\/em><\/p>\n\n\n\n<p><a href=\"https:\/\/pluh.org\/index.php\/citlivy-clovek\/\" data-type=\"link\" data-id=\"https:\/\/pluh.org\/index.php\/citlivy-clovek\/\"><strong>Citliv\u00fd \u010dlov\u011bk<\/strong><\/a> (A Sensitive Person)<br><em>Torst, Prague (2017)<\/em><\/p>\n\n\n\n<p><a href=\"https:\/\/pluh.org\/index.php\/peklo-neexistuje\/\" data-type=\"link\" data-id=\"https:\/\/pluh.org\/index.php\/citlivy-clovek\/\">Peklo neexistuje<\/a> (There Is No Hell)<br><em>Torst, Prague (2026)<\/em><\/p>\n\n\n\n<h4 class=\"wp-block-heading\"><em>short novels<\/em><\/h4>\n\n\n\n<p><a href=\"https:\/\/pluh.org\/index.php\/zlata-hlava\/\" data-type=\"link\" data-id=\"https:\/\/pluh.org\/index.php\/zlata-hlava\/\"><strong>Zlat\u00e1 hlava<\/strong><\/a> (The Golden Head)<br><em>In \u017divot, Prague (2005)<\/em><\/p>\n\n\n\n<p><a href=\"https:\/\/pluh.org\/index.php\/supermarket-sovetskych-hrdinu\" data-type=\"link\" data-id=\"https:\/\/pluh.org\/index.php\/supermarket-sovetskych-hrdinu\"><strong>Supermarket sov\u011btsk\u00fdch hrdin\u016f<\/strong><\/a> (The Supermarket of Soviet Heroes)<br><em>Torst, Prague (2007)<\/em><\/p>\n\n\n\n<h4 class=\"wp-block-heading\"><em>Poetry<\/em><\/h4>\n\n\n\n<p><a href=\"https:\/\/pluh.org\/index.php\/miluju-te-k-zblazneni\" data-type=\"link\" data-id=\"https:\/\/pluh.org\/index.php\/miluju-te-k-zblazneni\"><strong>Miluju t\u011b k zbl\u00e1zn\u011bn\u00ed<\/strong><\/a> (I Love You Madly)<br><em>Revolver Revbue, Prague (1988)<\/em><\/p>\n\n\n\n<p><strong>V \u00fater\u00fd bude v\u00e1lka<\/strong> (The War Will Be on Tuesday)<br><em>Vokno, Prague; Atlantis, Brno (1992)<\/em><\/p>\n\n\n\n<h4 class=\"wp-block-heading\"><em>Plays<\/em><\/h4>\n\n\n\n<p><a href=\"https:\/\/pluh.org\/index.php\/cesta-do-bugulmy\"><strong>Cesta do Bugulmy<\/strong><\/a> (The Journey to Bugulma)<br><em>Torst, Prague (2007)<\/em><\/p>\n\n\n\n<div style=\"height:59px\" aria-hidden=\"true\" class=\"wp-block-spacer\"><\/div>\n<\/div>\n<\/div>\n<\/div>\n<\/div>\n","protected":false},"excerpt":{"rendered":"<p>\u201cTopol writes sincerely, passionately. And I love that.\u201d \u2014 Cees Nooteboom J\u00e1chym Topol (1962) is often referred to as true modern European classic. He is rooted in the Czech cultural underground of the seventies and eighties and was a key figure in this movement. He founded several cultural magazines, worked as a journalist and meanwhile [&hellip;]<\/p>\n","protected":false},"author":1,"featured_media":1549,"parent":1357,"menu_order":0,"comment_status":"closed","ping_status":"closed","template":"","meta":{"footnotes":""},"class_list":["post-205","page","type-page","status-publish","has-post-thumbnail","hentry"],"_links":{"self":[{"href":"https:\/\/pluh.org\/index.php\/wp-json\/wp\/v2\/pages\/205","targetHints":{"allow":["GET"]}}],"collection":[{"href":"https:\/\/pluh.org\/index.php\/wp-json\/wp\/v2\/pages"}],"about":[{"href":"https:\/\/pluh.org\/index.php\/wp-json\/wp\/v2\/types\/page"}],"author":[{"embeddable":true,"href":"https:\/\/pluh.org\/index.php\/wp-json\/wp\/v2\/users\/1"}],"replies":[{"embeddable":true,"href":"https:\/\/pluh.org\/index.php\/wp-json\/wp\/v2\/comments?post=205"}],"version-history":[{"count":5,"href":"https:\/\/pluh.org\/index.php\/wp-json\/wp\/v2\/pages\/205\/revisions"}],"predecessor-version":[{"id":1807,"href":"https:\/\/pluh.org\/index.php\/wp-json\/wp\/v2\/pages\/205\/revisions\/1807"}],"up":[{"embeddable":true,"href":"https:\/\/pluh.org\/index.php\/wp-json\/wp\/v2\/pages\/1357"}],"wp:featuredmedia":[{"embeddable":true,"href":"https:\/\/pluh.org\/index.php\/wp-json\/wp\/v2\/media\/1549"}],"wp:attachment":[{"href":"https:\/\/pluh.org\/index.php\/wp-json\/wp\/v2\/media?parent=205"}],"curies":[{"name":"wp","href":"https:\/\/api.w.org\/{rel}","templated":true}]}}