{"id":213,"date":"2024-07-10T00:24:34","date_gmt":"2024-07-09T22:24:34","guid":{"rendered":"https:\/\/pluh2.wordpress.com\/?page_id=213"},"modified":"2024-07-10T00:24:34","modified_gmt":"2024-07-09T22:24:34","slug":"ma-nejmilejsi-kniha","status":"publish","type":"page","link":"https:\/\/pluh.org\/index.php\/ma-nejmilejsi-kniha\/","title":{"rendered":"M\u00e1 nejmilej\u0161\u00ed kniha"},"content":{"rendered":"\n<h2 class=\"wp-block-heading\">(My Most Beloved Book)<\/h2>\n\n\n\n<div class=\"wp-block-columns alignwide is-layout-flex wp-container-core-columns-is-layout-28f84493 wp-block-columns-is-layout-flex\">\n<div class=\"wp-block-column is-layout-flow wp-block-column-is-layout-flow\">\n<div class=\"wp-block-columns is-layout-flex wp-container-core-columns-is-layout-28f84493 wp-block-columns-is-layout-flex\">\n<div class=\"wp-block-column is-layout-flow wp-block-column-is-layout-flow\">\n<div class=\"wp-block-columns is-layout-flex wp-container-core-columns-is-layout-28f84493 wp-block-columns-is-layout-flex\">\n<div class=\"wp-block-column is-layout-flow wp-block-column-is-layout-flow\"><\/div>\n\n\n\n<div class=\"wp-block-column is-layout-flow wp-block-column-is-layout-flow\">\n<div style=\"height:1px\" aria-hidden=\"true\" class=\"wp-block-spacer\"><\/div>\n\n\n\n<blockquote class=\"wp-block-quote is-layout-flow wp-block-quote-is-layout-flow\">\n<p><em>\u201cA great parable about life and death, about the suffering of creatures.\u201d<\/em><\/p>\n\n\n\n<p class=\"has-text-align-right\">\u2014 Buchkultur<\/p>\n<\/blockquote>\n<\/div>\n\n\n\n<div class=\"wp-block-column is-layout-flow wp-block-column-is-layout-flow\">\n<figure class=\"wp-block-image aligncenter size-large is-resized\"><img decoding=\"async\" src=\"https:\/\/pluh2.wordpress.com\/wp-content\/uploads\/2024\/07\/czech-cover-ma-nejmilejsi-kniha.jpg?w=284\" alt=\"\" class=\"wp-image-239\" style=\"width:268px;height:auto\" \/><\/figure>\n<\/div>\n<\/div>\n<\/div>\n\n\n\n<div class=\"wp-block-column is-layout-flow wp-block-column-is-layout-flow\">\n<div class=\"wp-block-columns is-layout-flex wp-container-core-columns-is-layout-28f84493 wp-block-columns-is-layout-flex\">\n<div class=\"wp-block-column is-layout-flow wp-block-column-is-layout-flow\" style=\"flex-basis:66.66%\">\n<div style=\"height:0px\" aria-hidden=\"true\" class=\"wp-block-spacer\"><\/div>\n\n\n\n<details class=\"wp-block-details is-layout-flow wp-block-details-is-layout-flow\"><summary>About the Book<\/summary>\n<figure class=\"wp-block-table\"><table class=\"has-fixed-layout\"><tbody><tr><td class=\"has-text-align-center\" data-align=\"center\"><strong>Original Title<\/strong><\/td><td>M\u00e1 nejmilej\u0161\u00ed kniha<\/td><\/tr><tr><td class=\"has-text-align-center\" data-align=\"center\"><strong>First Published<\/strong><\/td><td>2009<\/td><\/tr><tr><td class=\"has-text-align-center\" data-align=\"center\"><strong>Publisher<\/strong><\/td><td>Torst Publishers, Prague<\/td><\/tr><tr><td class=\"has-text-align-center\" data-align=\"center\"><strong>Pages<\/strong><\/td><td>273<\/td><\/tr><\/tbody><\/table><\/figure>\n<\/details>\n\n\n\n<details class=\"wp-block-details is-layout-flow wp-block-details-is-layout-flow\"><summary>Rights Sold<\/summary>\n<figure class=\"wp-block-table is-style-stripes\"><table class=\"has-fixed-layout\"><tbody><tr><td class=\"has-text-align-center\" data-align=\"center\"><strong>Austria<\/strong><\/td><td>Braum\u00fcller &#8211; Vienna<\/td><\/tr><tr><td class=\"has-text-align-center\" data-align=\"center\"><strong>Poland<\/strong><\/td><td>Good Books Publishers &#8211; Krakow<\/td><\/tr><tr><td class=\"has-text-align-center\" data-align=\"center\"><strong>Spain<\/strong><\/td><td>Baile del Sol &#8211; Tenerife<\/td><\/tr><tr><td class=\"has-text-align-center\" data-align=\"center\"><strong>The Netherlands<\/strong><\/td><td>De Geus &#8211; Breda<\/td><\/tr><tr><td class=\"has-text-align-center\" data-align=\"center\"><strong>Bulgaria<\/strong><\/td><td>Perseus<\/td><\/tr><\/tbody><\/table><\/figure>\n<\/details>\n<\/div>\n\n\n\n<div class=\"wp-block-column is-layout-flow wp-block-column-is-layout-flow\" style=\"flex-basis:33.33%\"><\/div>\n<\/div>\n<\/div>\n<\/div>\n<\/div>\n<\/div>\n\n\n\n<div class=\"wp-block-columns alignwide is-layout-flex wp-container-core-columns-is-layout-28f84493 wp-block-columns-is-layout-flex\">\n<div class=\"wp-block-column is-layout-flow wp-block-column-is-layout-flow\">\n<p id=\"yui_3_17_2_1_1720562313329_602\">It is a novel about finding the essence of human evil, in which the world of Slavonic myths and the reality of Latin America is mixed in, a world of dreams, people and animals. The complex composed story is told by two narrators. The first one an animal, the snake Har\u00e9, as a symbol of Slavonic myths about living and dead water. <\/p>\n\n\n\n<p id=\"yui_3_17_2_1_1720562313329_602\">The venom of a snake can bring forth life in the form of new biomedical test \u2013 biomedicine makes abundant use of snake venom in manufacturing strong analgesics and cures for cancer -, but can also bring death when bitten by a snake. Snakes play a different role in different cultures: in Latin American myths the snake symbolizes wisdom that can help humans to understand evil, which is in the book named \u201cthe cold layer of the world\u201d. <\/p>\n\n\n\n<p id=\"yui_3_17_2_1_1720562313329_602\">In the snake Har\u00e9 is however also reflected the Slavonic myths about snakes, in which man thanks to snakes, can understand the language of the animals. The second narrator is the mysterious Tattooist, a man who like Scheherazade tells stories to his customers, the narco bosses who are impatience during the tattooing and to whom he has to tell stories so he won\u2019t be killed.<\/p>\n\n\n\n<p id=\"yui_3_17_2_1_1720562313329_602\">The novel was shortlisted for the Magnesia Litera Award 2010.<\/p>\n<\/div>\n\n\n\n<div class=\"wp-block-column is-layout-flow wp-block-column-is-layout-flow\">\n<blockquote class=\"wp-block-quote is-layout-flow wp-block-quote-is-layout-flow\">\n<p><em>\u201cMark\u00e9ta Pil\u00e1tov\u00e1, whose first novel Yellow Eyes Will Lead You Home met with a great response from literary critics, undoubtedly cultivates a strong, sometimes surprising language and a skillful feel for details that a skillful eye for detail that guarantees entertaining reading. \u201d<\/em><\/p>\n\n\n\n<p class=\"has-text-align-right\">\u2014 Literatur\/Wien\/Kritik<\/p>\n<\/blockquote>\n\n\n\n<blockquote class=\"wp-block-quote is-layout-flow wp-block-quote-is-layout-flow\">\n<p><em>\u201cAll layers and motives, characters and stories refer to one junction: that of a big city that has spread out over the whole world and has touched everyone\u2019s life. \u201d<\/em><\/p>\n\n\n\n<p class=\"has-text-align-right\">\u2014 Lidov\u00e9 noviny<\/p>\n<\/blockquote>\n\n\n\n<blockquote class=\"wp-block-quote is-layout-flow wp-block-quote-is-layout-flow\">\n<p><em>\u201cMy Most Beloved Book does not idealize the world, neither condemns it. With a snake-like refinement, and powerful at the same time, it penetrates both into the public world as in the personal life of individuals, into their past and contemporary corners of their life. This is done in such a way that on many occasions it leaves the reader breathless.\u201d<\/em><\/p>\n\n\n\n<p class=\"has-text-align-right\">\u2014 iLiteratura<\/p>\n<\/blockquote>\n<\/div>\n<\/div>\n\n\n\n<div style=\"height:31px\" aria-hidden=\"true\" class=\"wp-block-spacer\"><\/div>\n\n\n\n<div class=\"wp-block-columns alignwide is-layout-flex wp-container-core-columns-is-layout-28f84493 wp-block-columns-is-layout-flex\">\n<div class=\"wp-block-column is-layout-flow wp-block-column-is-layout-flow\">\n<h2 class=\"wp-block-heading has-text-align-center\">Translations<\/h2>\n<\/div>\n<\/div>\n\n\n\n<div class=\"wp-block-columns alignwide has-theme-2-color has-theme-5-background-color has-text-color has-background has-link-color wp-elements-5f704d63a45572c0ea944ad2464aae2c is-layout-flex wp-container-core-columns-is-layout-28f84493 wp-block-columns-is-layout-flex\">\n<div class=\"wp-block-column is-layout-flow wp-block-column-is-layout-flow\">\n<div class=\"wp-block-group alignfull has-global-padding is-content-justification-center is-layout-constrained wp-container-core-group-is-layout-df757ecc wp-block-group-is-layout-constrained\" style=\"margin-top:0;margin-bottom:0;padding-top:calc( 0.5 * var(--wp--style--root--padding-right, var(--wp--custom--gap--horizontal)));padding-right:var(--wp--style--root--padding-right, var(--wp--custom--gap--horizontal));padding-bottom:calc( 0.5 * var(--wp--style--root--padding-right, var(--wp--custom--gap--horizontal)));padding-left:var(--wp--style--root--padding-left, var(--wp--custom--gap--horizontal))\">\n<div class=\"wp-block-group alignwide has-global-padding is-layout-constrained wp-block-group-is-layout-constrained\">\n<div class=\"wp-block-group alignfull has-global-padding is-content-justification-center is-layout-constrained wp-container-core-group-is-layout-df757ecc wp-block-group-is-layout-constrained\" style=\"margin-top:0;margin-bottom:0;padding-top:calc( 0.5 * var(--wp--style--root--padding-right, var(--wp--custom--gap--horizontal)));padding-right:var(--wp--style--root--padding-right, var(--wp--custom--gap--horizontal));padding-bottom:calc( 0.5 * var(--wp--style--root--padding-right, var(--wp--custom--gap--horizontal)));padding-left:var(--wp--style--root--padding-left, var(--wp--custom--gap--horizontal))\">\n<div class=\"wp-block-columns alignwide is-layout-flex wp-container-core-columns-is-layout-4935966c wp-block-columns-is-layout-flex\" style=\"padding-right:0;padding-left:0\">\n<div class=\"wp-block-column is-layout-flow wp-container-core-column-is-layout-1a0eff7f wp-block-column-is-layout-flow\" style=\"flex-basis:25%\"><\/div>\n\n\n\n<div class=\"wp-block-column is-layout-flow wp-container-core-column-is-layout-1a0eff7f wp-block-column-is-layout-flow\" style=\"flex-basis:25%\">\n<figure data-wp-context=\"{&quot;imageId&quot;:&quot;69e0259c2b8f1&quot;}\" data-wp-interactive=\"core\/image\" data-wp-key=\"69e0259c2b8f1\" class=\"wp-block-image size-large wp-lightbox-container\"><img decoding=\"async\" data-wp-class--hide=\"state.isContentHidden\" data-wp-class--show=\"state.isContentVisible\" data-wp-init=\"callbacks.setButtonStyles\" data-wp-on--click=\"actions.showLightbox\" data-wp-on--load=\"callbacks.setButtonStyles\" data-wp-on-window--resize=\"callbacks.setButtonStyles\" src=\"https:\/\/pluh2.wordpress.com\/wp-content\/uploads\/2024\/07\/cover-german-ma-nejmilejsi-kniha-edited.jpg\" alt=\"\" class=\"wp-image-941\" style=\"aspect-ratio:2\/3;object-fit:cover\" \/><button\n\t\t\tclass=\"lightbox-trigger\"\n\t\t\ttype=\"button\"\n\t\t\taria-haspopup=\"dialog\"\n\t\t\taria-label=\"Vergroten\"\n\t\t\tdata-wp-init=\"callbacks.initTriggerButton\"\n\t\t\tdata-wp-on--click=\"actions.showLightbox\"\n\t\t\tdata-wp-style--right=\"state.imageButtonRight\"\n\t\t\tdata-wp-style--top=\"state.imageButtonTop\"\n\t\t>\n\t\t\t<svg xmlns=\"http:\/\/www.w3.org\/2000\/svg\" width=\"12\" height=\"12\" fill=\"none\" viewBox=\"0 0 12 12\">\n\t\t\t\t<path fill=\"#fff\" d=\"M2 0a2 2 0 0 0-2 2v2h1.5V2a.5.5 0 0 1 .5-.5h2V0H2Zm2 10.5H2a.5.5 0 0 1-.5-.5V8H0v2a2 2 0 0 0 2 2h2v-1.5ZM8 12v-1.5h2a.5.5 0 0 0 .5-.5V8H12v2a2 2 0 0 1-2 2H8Zm2-12a2 2 0 0 1 2 2v2h-1.5V2a.5.5 0 0 0-.5-.5H8V0h2Z\" \/>\n\t\t\t<\/svg>\n\t\t<\/button><\/figure>\n<\/div>\n\n\n\n<div class=\"wp-block-column is-layout-flow wp-container-core-column-is-layout-1a0eff7f wp-block-column-is-layout-flow\" style=\"flex-basis:25%\">\n<figure data-wp-context=\"{&quot;imageId&quot;:&quot;69e0259c2c6fb&quot;}\" data-wp-interactive=\"core\/image\" data-wp-key=\"69e0259c2c6fb\" class=\"wp-block-image size-large wp-lightbox-container\"><img decoding=\"async\" data-wp-class--hide=\"state.isContentHidden\" data-wp-class--show=\"state.isContentVisible\" data-wp-init=\"callbacks.setButtonStyles\" data-wp-on--click=\"actions.showLightbox\" data-wp-on--load=\"callbacks.setButtonStyles\" data-wp-on-window--resize=\"callbacks.setButtonStyles\" src=\"https:\/\/pluh2.wordpress.com\/wp-content\/uploads\/2024\/07\/cover-dutch-ma-nejmilejsi-kniha-edited.jpg\" alt=\"\" class=\"wp-image-942\" style=\"aspect-ratio:2\/3;object-fit:cover\" \/><button\n\t\t\tclass=\"lightbox-trigger\"\n\t\t\ttype=\"button\"\n\t\t\taria-haspopup=\"dialog\"\n\t\t\taria-label=\"Vergroten\"\n\t\t\tdata-wp-init=\"callbacks.initTriggerButton\"\n\t\t\tdata-wp-on--click=\"actions.showLightbox\"\n\t\t\tdata-wp-style--right=\"state.imageButtonRight\"\n\t\t\tdata-wp-style--top=\"state.imageButtonTop\"\n\t\t>\n\t\t\t<svg xmlns=\"http:\/\/www.w3.org\/2000\/svg\" width=\"12\" height=\"12\" fill=\"none\" viewBox=\"0 0 12 12\">\n\t\t\t\t<path fill=\"#fff\" d=\"M2 0a2 2 0 0 0-2 2v2h1.5V2a.5.5 0 0 1 .5-.5h2V0H2Zm2 10.5H2a.5.5 0 0 1-.5-.5V8H0v2a2 2 0 0 0 2 2h2v-1.5ZM8 12v-1.5h2a.5.5 0 0 0 .5-.5V8H12v2a2 2 0 0 1-2 2H8Zm2-12a2 2 0 0 1 2 2v2h-1.5V2a.5.5 0 0 0-.5-.5H8V0h2Z\" \/>\n\t\t\t<\/svg>\n\t\t<\/button><\/figure>\n<\/div>\n\n\n\n<div class=\"wp-block-column is-layout-flow wp-container-core-column-is-layout-1a0eff7f wp-block-column-is-layout-flow\" style=\"flex-basis:25%\">\n<figure data-wp-context=\"{&quot;imageId&quot;:&quot;69e0259c2d211&quot;}\" data-wp-interactive=\"core\/image\" data-wp-key=\"69e0259c2d211\" class=\"wp-block-image size-large wp-lightbox-container\"><img decoding=\"async\" data-wp-class--hide=\"state.isContentHidden\" data-wp-class--show=\"state.isContentVisible\" data-wp-init=\"callbacks.setButtonStyles\" data-wp-on--click=\"actions.showLightbox\" data-wp-on--load=\"callbacks.setButtonStyles\" data-wp-on-window--resize=\"callbacks.setButtonStyles\" src=\"https:\/\/pluh2.wordpress.com\/wp-content\/uploads\/2024\/07\/cover-bulgarian-ma-nejmilejsi-kniha-edited.jpg\" alt=\"\" class=\"wp-image-943\" style=\"aspect-ratio:2\/3;object-fit:cover\" \/><button\n\t\t\tclass=\"lightbox-trigger\"\n\t\t\ttype=\"button\"\n\t\t\taria-haspopup=\"dialog\"\n\t\t\taria-label=\"Vergroten\"\n\t\t\tdata-wp-init=\"callbacks.initTriggerButton\"\n\t\t\tdata-wp-on--click=\"actions.showLightbox\"\n\t\t\tdata-wp-style--right=\"state.imageButtonRight\"\n\t\t\tdata-wp-style--top=\"state.imageButtonTop\"\n\t\t>\n\t\t\t<svg xmlns=\"http:\/\/www.w3.org\/2000\/svg\" width=\"12\" height=\"12\" fill=\"none\" viewBox=\"0 0 12 12\">\n\t\t\t\t<path fill=\"#fff\" d=\"M2 0a2 2 0 0 0-2 2v2h1.5V2a.5.5 0 0 1 .5-.5h2V0H2Zm2 10.5H2a.5.5 0 0 1-.5-.5V8H0v2a2 2 0 0 0 2 2h2v-1.5ZM8 12v-1.5h2a.5.5 0 0 0 .5-.5V8H12v2a2 2 0 0 1-2 2H8Zm2-12a2 2 0 0 1 2 2v2h-1.5V2a.5.5 0 0 0-.5-.5H8V0h2Z\" \/>\n\t\t\t<\/svg>\n\t\t<\/button><\/figure>\n<\/div>\n<\/div>\n<\/div>\n<\/div>\n<\/div>\n<\/div>\n\n\n\n<div class=\"wp-block-column is-layout-flow wp-block-column-is-layout-flow\">\n<div style=\"height:33px\" aria-hidden=\"true\" class=\"wp-block-spacer\"><\/div>\n\n\n\n<details class=\"wp-block-details is-layout-flow wp-block-details-is-layout-flow\"><summary>Mein Lieblingsbuch<\/summary>\n<p>Braum\u00fcller, Vienna, 2012<\/p>\n\n\n\n<p>Translated by Julia Koudela-Hansen-L\u00f6ve and Christa Rothmeie<\/p>\n<\/details>\n\n\n\n<details class=\"wp-block-details is-layout-flow wp-block-details-is-layout-flow\"><summary>Mijn lievelingsboek<\/summary>\n<p>De Geus, Breda, 2014<\/p>\n\n\n\n<p>Translated by Edgar de Bruin<\/p>\n<\/details>\n\n\n\n<details class=\"wp-block-details is-layout-flow wp-block-details-is-layout-flow\"><summary>\u041c\u043e\u044f\u0442\u0430 \u043d\u0430\u0439-\u043b\u044e\u0431\u0438\u043c\u0430 \u043a\u043d\u0438\u0433\u0430<\/summary>\n<p>Perseus, Sofia, 2016<\/p>\n\n\n\n<p>Translaged by Denica Dabizheva<\/p>\n<\/details>\n\n\n\n<div style=\"height:92px\" aria-hidden=\"true\" class=\"wp-block-spacer\"><\/div>\n<\/div>\n<\/div>\n","protected":false},"excerpt":{"rendered":"<p>(My Most Beloved Book) \u201cA great parable about life and death, about the suffering of creatures.\u201d \u2014 Buchkultur It is a novel about finding the essence of human evil, in which the world of Slavonic myths and the reality of Latin America is mixed in, a world of dreams, people and animals. The complex composed [&hellip;]<\/p>\n","protected":false},"author":1,"featured_media":239,"parent":0,"menu_order":0,"comment_status":"closed","ping_status":"closed","template":"","meta":{"footnotes":""},"class_list":["post-213","page","type-page","status-publish","has-post-thumbnail","hentry"],"_links":{"self":[{"href":"https:\/\/pluh.org\/index.php\/wp-json\/wp\/v2\/pages\/213","targetHints":{"allow":["GET"]}}],"collection":[{"href":"https:\/\/pluh.org\/index.php\/wp-json\/wp\/v2\/pages"}],"about":[{"href":"https:\/\/pluh.org\/index.php\/wp-json\/wp\/v2\/types\/page"}],"author":[{"embeddable":true,"href":"https:\/\/pluh.org\/index.php\/wp-json\/wp\/v2\/users\/1"}],"replies":[{"embeddable":true,"href":"https:\/\/pluh.org\/index.php\/wp-json\/wp\/v2\/comments?post=213"}],"version-history":[{"count":0,"href":"https:\/\/pluh.org\/index.php\/wp-json\/wp\/v2\/pages\/213\/revisions"}],"wp:featuredmedia":[{"embeddable":true,"href":"https:\/\/pluh.org\/index.php\/wp-json\/"}],"wp:attachment":[{"href":"https:\/\/pluh.org\/index.php\/wp-json\/wp\/v2\/media?parent=213"}],"curies":[{"name":"wp","href":"https:\/\/api.w.org\/{rel}","templated":true}]}}