{"id":267,"date":"2024-07-10T16:05:08","date_gmt":"2024-07-10T14:05:08","guid":{"rendered":"https:\/\/pluh2.wordpress.com\/?page_id=267"},"modified":"2026-02-25T09:59:22","modified_gmt":"2026-02-25T09:59:22","slug":"s-batou-v-dzungli","status":"publish","type":"page","link":"https:\/\/pluh.org\/index.php\/s-batou-v-dzungli\/","title":{"rendered":"S Ba\u0165ou v d\u017eungli"},"content":{"rendered":"\n<h2 class=\"wp-block-heading\">(With Bata in the Jungle)<\/h2>\n\n\n\n<div class=\"wp-block-columns alignwide is-layout-flex wp-container-core-columns-is-layout-28f84493 wp-block-columns-is-layout-flex\">\n<div class=\"wp-block-column is-layout-flow wp-block-column-is-layout-flow\">\n<div class=\"wp-block-columns is-layout-flex wp-container-core-columns-is-layout-28f84493 wp-block-columns-is-layout-flex\">\n<div class=\"wp-block-column is-layout-flow wp-block-column-is-layout-flow\">\n<div class=\"wp-block-columns is-layout-flex wp-container-core-columns-is-layout-28f84493 wp-block-columns-is-layout-flex\">\n<div class=\"wp-block-column is-layout-flow wp-block-column-is-layout-flow\"><\/div>\n\n\n\n<div class=\"wp-block-column is-layout-flow wp-block-column-is-layout-flow\">\n<div style=\"height:2px\" aria-hidden=\"true\" class=\"wp-block-spacer\"><\/div>\n\n\n\n<blockquote class=\"wp-block-quote is-layout-flow wp-block-quote-is-layout-flow\">\n<p><em>\u201cA great parable about life and death, about the suffering of creatures.\u201d<\/em><\/p>\n\n\n\n<p class=\"has-text-align-right\">\u2014 Buchkultur<\/p>\n<\/blockquote>\n<\/div>\n\n\n\n<div class=\"wp-block-column is-layout-flow wp-block-column-is-layout-flow\">\n<figure class=\"wp-block-image aligncenter size-large is-resized\"><img decoding=\"async\" src=\"https:\/\/pluh2.wordpress.com\/wp-content\/uploads\/2024\/07\/czech-cover-bata.jpg?w=250\" alt=\"\" class=\"wp-image-272\" style=\"width:268px;height:auto\"\/><\/figure>\n<\/div>\n<\/div>\n<\/div>\n\n\n\n<div class=\"wp-block-column is-layout-flow wp-block-column-is-layout-flow\">\n<div class=\"wp-block-columns is-layout-flex wp-container-core-columns-is-layout-28f84493 wp-block-columns-is-layout-flex\">\n<div class=\"wp-block-column is-layout-flow wp-block-column-is-layout-flow\" style=\"flex-basis:66.66%\">\n<div style=\"height:0px\" aria-hidden=\"true\" class=\"wp-block-spacer\"><\/div>\n\n\n\n<details class=\"wp-block-details is-layout-flow wp-block-details-is-layout-flow\"><summary>About the Book<\/summary>\n<figure class=\"wp-block-table is-style-stripes\"><table class=\"has-fixed-layout\"><tbody><tr><td class=\"has-text-align-center\" data-align=\"center\"><strong>Original Title<\/strong><\/td><td>S Ba\u0165ou v d\u017eungli<\/td><\/tr><tr><td class=\"has-text-align-center\" data-align=\"center\"><strong>First Published<\/strong><\/td><td>2017<\/td><\/tr><tr><td class=\"has-text-align-center\" data-align=\"center\"><strong>Publisher<\/strong><\/td><td>Torst Publishers, Prague<\/td><\/tr><tr><td class=\"has-text-align-center\" data-align=\"center\"><strong>Pages<\/strong><\/td><td>264<\/td><\/tr><\/tbody><\/table><\/figure>\n<\/details>\n\n\n\n<details class=\"wp-block-details is-layout-flow wp-block-details-is-layout-flow\"><summary>Rights Sold<\/summary>\n<figure class=\"wp-block-table is-style-stripes\"><table class=\"has-fixed-layout\"><tbody><tr><td class=\"has-text-align-center\" data-align=\"center\"><strong>Austria<\/strong><\/td><td>Wieser &#8211; Klagenfurt<\/td><\/tr><tr><td class=\"has-text-align-center\" data-align=\"center\"><strong>Poland<\/strong><\/td><td>Ksi\u0105\u017ckowe Klimaty &#8211; Krakow<\/td><\/tr><tr><td class=\"has-text-align-center\" data-align=\"center\"><strong>Spain<\/strong><\/td><td>Baile del Sol &#8211; Tenerife<\/td><\/tr><tr><td class=\"has-text-align-center\" data-align=\"center\"><strong>Italy<\/strong><\/td><td>Miraggi &#8211; Borgomanero<\/td><\/tr><tr><td class=\"has-text-align-center\" data-align=\"center\"><strong>Serbia<\/strong><\/td><td>IPC Media &#8211; Belgrade<\/td><\/tr><tr><td class=\"has-text-align-center\" data-align=\"center\"><strong>Romania<\/strong><\/td><td>Casa C\u0103r\u021bii de \u0218tiin\u021b\u0103 &#8211; Cluj<\/td><\/tr><tr><td class=\"has-text-align-center\" data-align=\"center\"><strong>Egypt<\/strong><\/td><td>Sefsafa &#8211; Giza<\/td><\/tr><\/tbody><\/table><\/figure>\n<\/details>\n<\/div>\n\n\n\n<div class=\"wp-block-column is-layout-flow wp-block-column-is-layout-flow\" style=\"flex-basis:33.33%\"><\/div>\n<\/div>\n<\/div>\n<\/div>\n<\/div>\n<\/div>\n\n\n\n<div class=\"wp-block-columns alignwide is-layout-flex wp-container-core-columns-is-layout-28f84493 wp-block-columns-is-layout-flex\">\n<div class=\"wp-block-column is-layout-flow wp-block-column-is-layout-flow\">\n<p id=\"yui_3_17_2_1_1720562313329_602\">Conceived as a mosaic in which different narrators take the floor in turn the story evolves around Jan Anton\u00edn Ba\u0165a, the \u2018shoemaker from Zl\u00edn\u2019, who conquered the world. Bata fled from the Nazis to Brazil where he rebuilt his shoe empire. .As a whole it gives a picture of one of the most remarkable and influential Czech families of the 20th century &#8211; small, intimate stories against the background of grand events that shook the world, that shook Czechoslovakia, and in itself shook the family Bata.<\/p>\n\n\n\n<p id=\"yui_3_17_2_1_1720562313329_602\">.<\/p>\n<\/div>\n\n\n\n<div class=\"wp-block-column is-layout-flow wp-block-column-is-layout-flow\">\n<blockquote class=\"wp-block-quote is-layout-flow wp-block-quote-is-layout-flow\">\n<p><em>\u201cAnyone expecting a novel about shoes will be disappointed, but those who want to experience an extraordinary life story will be in for a treat.\u201d<\/em><\/p>\n\n\n\n<p class=\"has-text-align-right\">\u2014 ORF Steiermark<\/p>\n<\/blockquote>\n\n\n\n<blockquote class=\"wp-block-quote is-layout-flow wp-block-quote-is-layout-flow\">\n<p><em>\u201cAll layers and motives, characters and stories refer to one junction: that of a big city that has spread out over the whole world&nbsp; and has touched everyone\u2019s life.\u201d<\/em><\/p>\n\n\n\n<p class=\"has-text-align-right\">\u2014 Lidov\u00e9 noviny<\/p>\n<\/blockquote>\n<\/div>\n<\/div>\n\n\n\n<div class=\"wp-block-columns alignwide is-layout-flex wp-container-core-columns-is-layout-28f84493 wp-block-columns-is-layout-flex\">\n<div class=\"wp-block-column is-layout-flow wp-block-column-is-layout-flow\">\n<h2 class=\"wp-block-heading has-text-align-center\">Translations<\/h2>\n<\/div>\n<\/div>\n\n\n\n<div class=\"wp-block-columns alignwide has-theme-2-color has-theme-5-background-color has-text-color has-background has-link-color wp-elements-6914dd9d549ed91eeaad46f029bae8c9 is-layout-flex wp-container-core-columns-is-layout-28f84493 wp-block-columns-is-layout-flex\">\n<div class=\"wp-block-column is-layout-flow wp-block-column-is-layout-flow\">\n<div class=\"wp-block-group alignfull has-global-padding is-content-justification-center is-layout-constrained wp-container-core-group-is-layout-df757ecc wp-block-group-is-layout-constrained\" style=\"margin-top:0;margin-bottom:0;padding-top:calc( 0.5 * var(--wp--style--root--padding-right, var(--wp--custom--gap--horizontal)));padding-right:var(--wp--style--root--padding-right, var(--wp--custom--gap--horizontal));padding-bottom:calc( 0.5 * var(--wp--style--root--padding-right, var(--wp--custom--gap--horizontal)));padding-left:var(--wp--style--root--padding-left, var(--wp--custom--gap--horizontal))\">\n<div class=\"wp-block-group alignwide has-global-padding is-layout-constrained wp-block-group-is-layout-constrained\">\n<div class=\"wp-block-group alignfull has-global-padding is-content-justification-center is-layout-constrained wp-container-core-group-is-layout-df757ecc wp-block-group-is-layout-constrained\" style=\"margin-top:0;margin-bottom:0;padding-top:calc( 0.5 * var(--wp--style--root--padding-right, var(--wp--custom--gap--horizontal)));padding-right:var(--wp--style--root--padding-right, var(--wp--custom--gap--horizontal));padding-bottom:calc( 0.5 * var(--wp--style--root--padding-right, var(--wp--custom--gap--horizontal)));padding-left:var(--wp--style--root--padding-left, var(--wp--custom--gap--horizontal))\">\n<div class=\"wp-block-columns alignwide is-layout-flex wp-container-core-columns-is-layout-4935966c wp-block-columns-is-layout-flex\" style=\"padding-right:0;padding-left:0\">\n<div class=\"wp-block-column is-layout-flow wp-container-core-column-is-layout-1a0eff7f wp-block-column-is-layout-flow\" style=\"flex-basis:25%\">\n<figure class=\"wp-block-image size-large\"><img decoding=\"async\" src=\"https:\/\/pluh2.wordpress.com\/wp-content\/uploads\/2024\/07\/cover-serbia-bata-edited.jpg\" alt=\"\" class=\"wp-image-951\"\/><\/figure>\n<\/div>\n\n\n\n<div class=\"wp-block-column is-layout-flow wp-container-core-column-is-layout-1a0eff7f wp-block-column-is-layout-flow\" style=\"flex-basis:25%\">\n<figure data-wp-context=\"{&quot;imageId&quot;:&quot;69e02588b912f&quot;}\" data-wp-interactive=\"core\/image\" data-wp-key=\"69e02588b912f\" class=\"wp-block-image size-large wp-lightbox-container\"><img decoding=\"async\" data-wp-class--hide=\"state.isContentHidden\" data-wp-class--show=\"state.isContentVisible\" data-wp-init=\"callbacks.setButtonStyles\" data-wp-on--click=\"actions.showLightbox\" data-wp-on--load=\"callbacks.setButtonStyles\" data-wp-on-window--resize=\"callbacks.setButtonStyles\" src=\"https:\/\/pluh2.wordpress.com\/wp-content\/uploads\/2024\/07\/cover-poland-bata-edited.jpg\" alt=\"\" class=\"wp-image-952\" style=\"aspect-ratio:2\/3;object-fit:cover\"\/><button\n\t\t\tclass=\"lightbox-trigger\"\n\t\t\ttype=\"button\"\n\t\t\taria-haspopup=\"dialog\"\n\t\t\taria-label=\"Vergroten\"\n\t\t\tdata-wp-init=\"callbacks.initTriggerButton\"\n\t\t\tdata-wp-on--click=\"actions.showLightbox\"\n\t\t\tdata-wp-style--right=\"state.imageButtonRight\"\n\t\t\tdata-wp-style--top=\"state.imageButtonTop\"\n\t\t>\n\t\t\t<svg xmlns=\"http:\/\/www.w3.org\/2000\/svg\" width=\"12\" height=\"12\" fill=\"none\" viewBox=\"0 0 12 12\">\n\t\t\t\t<path fill=\"#fff\" d=\"M2 0a2 2 0 0 0-2 2v2h1.5V2a.5.5 0 0 1 .5-.5h2V0H2Zm2 10.5H2a.5.5 0 0 1-.5-.5V8H0v2a2 2 0 0 0 2 2h2v-1.5ZM8 12v-1.5h2a.5.5 0 0 0 .5-.5V8H12v2a2 2 0 0 1-2 2H8Zm2-12a2 2 0 0 1 2 2v2h-1.5V2a.5.5 0 0 0-.5-.5H8V0h2Z\" \/>\n\t\t\t<\/svg>\n\t\t<\/button><\/figure>\n<\/div>\n\n\n\n<div class=\"wp-block-column is-layout-flow wp-container-core-column-is-layout-1a0eff7f wp-block-column-is-layout-flow\" style=\"flex-basis:25%\">\n<figure data-wp-context=\"{&quot;imageId&quot;:&quot;69e02588b9d14&quot;}\" data-wp-interactive=\"core\/image\" data-wp-key=\"69e02588b9d14\" class=\"wp-block-image size-large wp-lightbox-container\"><img decoding=\"async\" data-wp-class--hide=\"state.isContentHidden\" data-wp-class--show=\"state.isContentVisible\" data-wp-init=\"callbacks.setButtonStyles\" data-wp-on--click=\"actions.showLightbox\" data-wp-on--load=\"callbacks.setButtonStyles\" data-wp-on-window--resize=\"callbacks.setButtonStyles\" src=\"https:\/\/pluh2.wordpress.com\/wp-content\/uploads\/2024\/07\/cover-italy-bata-edited.jpg\" alt=\"\" class=\"wp-image-953\" style=\"aspect-ratio:2\/3;object-fit:cover\"\/><button\n\t\t\tclass=\"lightbox-trigger\"\n\t\t\ttype=\"button\"\n\t\t\taria-haspopup=\"dialog\"\n\t\t\taria-label=\"Vergroten\"\n\t\t\tdata-wp-init=\"callbacks.initTriggerButton\"\n\t\t\tdata-wp-on--click=\"actions.showLightbox\"\n\t\t\tdata-wp-style--right=\"state.imageButtonRight\"\n\t\t\tdata-wp-style--top=\"state.imageButtonTop\"\n\t\t>\n\t\t\t<svg xmlns=\"http:\/\/www.w3.org\/2000\/svg\" width=\"12\" height=\"12\" fill=\"none\" viewBox=\"0 0 12 12\">\n\t\t\t\t<path fill=\"#fff\" d=\"M2 0a2 2 0 0 0-2 2v2h1.5V2a.5.5 0 0 1 .5-.5h2V0H2Zm2 10.5H2a.5.5 0 0 1-.5-.5V8H0v2a2 2 0 0 0 2 2h2v-1.5ZM8 12v-1.5h2a.5.5 0 0 0 .5-.5V8H12v2a2 2 0 0 1-2 2H8Zm2-12a2 2 0 0 1 2 2v2h-1.5V2a.5.5 0 0 0-.5-.5H8V0h2Z\" \/>\n\t\t\t<\/svg>\n\t\t<\/button><\/figure>\n<\/div>\n\n\n\n<div class=\"wp-block-column is-layout-flow wp-container-core-column-is-layout-1a0eff7f wp-block-column-is-layout-flow\" style=\"flex-basis:25%\">\n<figure data-wp-context=\"{&quot;imageId&quot;:&quot;69e02588ba92e&quot;}\" data-wp-interactive=\"core\/image\" data-wp-key=\"69e02588ba92e\" class=\"wp-block-image size-large wp-lightbox-container\"><img decoding=\"async\" data-wp-class--hide=\"state.isContentHidden\" data-wp-class--show=\"state.isContentVisible\" data-wp-init=\"callbacks.setButtonStyles\" data-wp-on--click=\"actions.showLightbox\" data-wp-on--load=\"callbacks.setButtonStyles\" data-wp-on-window--resize=\"callbacks.setButtonStyles\" src=\"https:\/\/pluh2.wordpress.com\/wp-content\/uploads\/2024\/07\/cover-germany-bata-edited.jpg\" alt=\"\" class=\"wp-image-954\" style=\"aspect-ratio:2\/3;object-fit:cover\"\/><button\n\t\t\tclass=\"lightbox-trigger\"\n\t\t\ttype=\"button\"\n\t\t\taria-haspopup=\"dialog\"\n\t\t\taria-label=\"Vergroten\"\n\t\t\tdata-wp-init=\"callbacks.initTriggerButton\"\n\t\t\tdata-wp-on--click=\"actions.showLightbox\"\n\t\t\tdata-wp-style--right=\"state.imageButtonRight\"\n\t\t\tdata-wp-style--top=\"state.imageButtonTop\"\n\t\t>\n\t\t\t<svg xmlns=\"http:\/\/www.w3.org\/2000\/svg\" width=\"12\" height=\"12\" fill=\"none\" viewBox=\"0 0 12 12\">\n\t\t\t\t<path fill=\"#fff\" d=\"M2 0a2 2 0 0 0-2 2v2h1.5V2a.5.5 0 0 1 .5-.5h2V0H2Zm2 10.5H2a.5.5 0 0 1-.5-.5V8H0v2a2 2 0 0 0 2 2h2v-1.5ZM8 12v-1.5h2a.5.5 0 0 0 .5-.5V8H12v2a2 2 0 0 1-2 2H8Zm2-12a2 2 0 0 1 2 2v2h-1.5V2a.5.5 0 0 0-.5-.5H8V0h2Z\" \/>\n\t\t\t<\/svg>\n\t\t<\/button><\/figure>\n<\/div>\n<\/div>\n<\/div>\n<\/div>\n<\/div>\n<\/div>\n\n\n\n<div class=\"wp-block-column is-layout-flow wp-block-column-is-layout-flow\">\n<div style=\"height:19px\" aria-hidden=\"true\" class=\"wp-block-spacer\"><\/div>\n\n\n\n<div style=\"height:0px\" aria-hidden=\"true\" class=\"wp-block-spacer\"><\/div>\n\n\n\n<details class=\"wp-block-details is-layout-flow wp-block-details-is-layout-flow\"><summary>Sa Batom u d\u017eungli<\/summary>\n<p>IPC Media, Belgrade, 2017<\/p>\n\n\n\n<p>Translated by Uro\u0161 Nikoli\u0107<\/p>\n<\/details>\n\n\n\n<details class=\"wp-block-details is-layout-flow wp-block-details-is-layout-flow\"><summary>Z Ba\u0165\u0105 w d\u017cungli<\/summary>\n<p>Ksi\u0105\u017ckowe Klimaty,Krakow, 2019<\/p>\n\n\n\n<p>Translated by Agata Wr\u00f3bel<\/p>\n<\/details>\n\n\n\n<details class=\"wp-block-details is-layout-flow wp-block-details-is-layout-flow\"><summary>Con Bata nella giungla<\/summary>\n<p>Miraggi, Borgomanero, 2020<\/p>\n\n\n\n<p>Translated by Alessandro De Vito<\/p>\n<\/details>\n\n\n\n<details class=\"wp-block-details is-layout-flow wp-block-details-is-layout-flow\"><summary>Mit Ba\u0165a im Dschungel<\/summary>\n<p>Wieser, Klagenfurt, 2020<\/p>\n\n\n\n<p>Translated by Sophia Marzolff<\/p>\n<\/details>\n\n\n\n<div style=\"height:66px\" aria-hidden=\"true\" class=\"wp-block-spacer\"><\/div>\n<\/div>\n<\/div>\n","protected":false},"excerpt":{"rendered":"<p>(With Bata in the Jungle) \u201cA great parable about life and death, about the suffering of creatures.\u201d \u2014 Buchkultur Conceived as a mosaic in which different narrators take the floor in turn the story evolves around Jan Anton\u00edn Ba\u0165a, the \u2018shoemaker from Zl\u00edn\u2019, who conquered the world. Bata fled from the Nazis to Brazil where [&hellip;]<\/p>\n","protected":false},"author":1,"featured_media":272,"parent":0,"menu_order":0,"comment_status":"closed","ping_status":"closed","template":"","meta":{"footnotes":""},"class_list":["post-267","page","type-page","status-publish","has-post-thumbnail","hentry"],"_links":{"self":[{"href":"https:\/\/pluh.org\/index.php\/wp-json\/wp\/v2\/pages\/267","targetHints":{"allow":["GET"]}}],"collection":[{"href":"https:\/\/pluh.org\/index.php\/wp-json\/wp\/v2\/pages"}],"about":[{"href":"https:\/\/pluh.org\/index.php\/wp-json\/wp\/v2\/types\/page"}],"author":[{"embeddable":true,"href":"https:\/\/pluh.org\/index.php\/wp-json\/wp\/v2\/users\/1"}],"replies":[{"embeddable":true,"href":"https:\/\/pluh.org\/index.php\/wp-json\/wp\/v2\/comments?post=267"}],"version-history":[{"count":1,"href":"https:\/\/pluh.org\/index.php\/wp-json\/wp\/v2\/pages\/267\/revisions"}],"predecessor-version":[{"id":1802,"href":"https:\/\/pluh.org\/index.php\/wp-json\/wp\/v2\/pages\/267\/revisions\/1802"}],"wp:featuredmedia":[{"embeddable":true,"href":"https:\/\/pluh.org\/index.php\/wp-json\/"}],"wp:attachment":[{"href":"https:\/\/pluh.org\/index.php\/wp-json\/wp\/v2\/media?parent=267"}],"curies":[{"name":"wp","href":"https:\/\/api.w.org\/{rel}","templated":true}]}}