{"id":637,"date":"2024-07-12T15:14:14","date_gmt":"2024-07-12T13:14:14","guid":{"rendered":"https:\/\/pluh2.wordpress.com\/?page_id=637"},"modified":"2026-02-25T09:46:31","modified_gmt":"2026-02-25T09:46:31","slug":"la-fin-du-monde-naurait-pas-eu-lieu","status":"publish","type":"page","link":"https:\/\/pluh.org\/index.php\/la-fin-du-monde-naurait-pas-eu-lieu\/","title":{"rendered":"La fin du monde n\u2019aurait pas eu lieu"},"content":{"rendered":"\n<h2 class=\"wp-block-heading\">Konec sv\u011bta se pr\u00fd nekonal (The End of the World Might Not Have Taken Place)<\/h2>\n\n\n\n<div class=\"wp-block-columns alignwide is-layout-flex wp-container-core-columns-is-layout-28f84493 wp-block-columns-is-layout-flex\">\n<div class=\"wp-block-column is-layout-flow wp-block-column-is-layout-flow\">\n<div class=\"wp-block-columns is-layout-flex wp-container-core-columns-is-layout-28f84493 wp-block-columns-is-layout-flex\">\n<div class=\"wp-block-column is-layout-flow wp-block-column-is-layout-flow\">\n<div class=\"wp-block-columns is-layout-flex wp-container-core-columns-is-layout-28f84493 wp-block-columns-is-layout-flex\">\n<div class=\"wp-block-column is-layout-flow wp-block-column-is-layout-flow\"><\/div>\n\n\n\n<div class=\"wp-block-column is-layout-flow wp-block-column-is-layout-flow\">\n<div style=\"height:0px\" aria-hidden=\"true\" class=\"wp-block-spacer\"><\/div>\n\n\n\n<blockquote class=\"wp-block-quote is-layout-flow wp-block-quote-is-layout-flow\">\n<p class=\"has-text-align-left\">\u201cA gritty anti-novel, a veritable comedy festival of incorrect thoughts.\u201d<\/p>\n\n\n\n<p class=\"has-text-align-right\">\u2014 Lire<br><\/p>\n<\/blockquote>\n<\/div>\n\n\n\n<div class=\"wp-block-column is-layout-flow wp-block-column-is-layout-flow\">\n<figure class=\"wp-block-image aligncenter size-full is-resized\"><img decoding=\"async\" src=\"https:\/\/pluh2.wordpress.com\/wp-content\/uploads\/2024\/07\/cover-french-fin-du-monde.jpg\" alt=\"\" class=\"wp-image-646\" style=\"width:267px;height:auto\"\/><\/figure>\n<\/div>\n<\/div>\n<\/div>\n\n\n\n<div class=\"wp-block-column is-layout-flow wp-block-column-is-layout-flow\">\n<div class=\"wp-block-columns is-layout-flex wp-container-core-columns-is-layout-28f84493 wp-block-columns-is-layout-flex\">\n<div class=\"wp-block-column is-layout-flow wp-block-column-is-layout-flow\" style=\"flex-basis:33.33%\">\n<figure class=\"wp-block-image aligncenter size-large is-resized\"><img decoding=\"async\" src=\"https:\/\/pluh2.wordpress.com\/wp-content\/uploads\/2024\/07\/cover-czech-fin-du-monde.jpg?w=279\" alt=\"\" class=\"wp-image-647\" style=\"width:248px;height:auto\"\/><\/figure>\n<\/div>\n\n\n\n<div class=\"wp-block-column is-layout-flow wp-block-column-is-layout-flow\" style=\"flex-basis:66.66%\">\n<div style=\"height:0px\" aria-hidden=\"true\" class=\"wp-block-spacer\"><\/div>\n\n\n\n<details class=\"wp-block-details is-layout-flow wp-block-details-is-layout-flow\"><summary>About the Book<\/summary>\n<figure class=\"wp-block-table is-style-stripes\"><table class=\"has-fixed-layout\"><tbody><tr><td class=\"has-text-align-center\" data-align=\"center\"><strong>Original Title<\/strong><\/td><td>Le fin du monde n&#8217;aurait pas eu lieu<\/td><\/tr><tr><td class=\"has-text-align-center\" data-align=\"center\"><strong>First Published<\/strong><\/td><td>2017<\/td><\/tr><tr><td class=\"has-text-align-center\" data-align=\"center\"><strong>Publisher<\/strong><\/td><td>Allia, Paris Globator,<\/td><\/tr><tr><td class=\"has-text-align-center\" data-align=\"center\"><strong>Czech Title<\/strong><\/td><td>Konec sv\u011bta se pr\u00fd nekonal<\/td><\/tr><tr><td class=\"has-text-align-center\" data-align=\"center\"><strong>Publisher<\/strong><\/td><td>Paseka, Torst , Prague<\/td><\/tr><tr><td class=\"has-text-align-center\" data-align=\"center\"><strong>Released<\/strong><\/td><td>2018<\/td><\/tr><tr><td class=\"has-text-align-center\" data-align=\"center\"><strong>Pages<\/strong><\/td><td>184<\/td><\/tr><\/tbody><\/table><\/figure>\n<\/details>\n\n\n\n<details class=\"wp-block-details is-layout-flow wp-block-details-is-layout-flow\"><summary>Rights Sold<\/summary>\n<figure class=\"wp-block-table is-style-stripes\"><table class=\"has-fixed-layout\"><tbody><tr><td class=\"has-text-align-center\" data-align=\"center\"><strong>Italy<\/strong><\/td><td>Quodlibet &#8211; Macerata<\/td><\/tr><tr><td class=\"has-text-align-center\" data-align=\"center\"><strong>USA<\/strong><\/td><td>Dalkey Archive &#8211; Chicago<\/td><\/tr><tr><td class=\"has-text-align-center\" data-align=\"center\"><strong>Portugal<\/strong><\/td><td>Antigona &#8211; Lisboa<\/td><\/tr><tr><td class=\"has-text-align-center\" data-align=\"center\"><strong>North Macedonia&nbsp;<\/strong><\/td><td>Slavika Libris &#8211; Skopje<\/td><\/tr><tr><td class=\"has-text-align-center\" data-align=\"center\"><strong>Greece&nbsp;<\/strong><\/td><td>World Books &#8211; Athens<\/td><\/tr><tr><td class=\"has-text-align-center\" data-align=\"center\"><strong>German<\/strong>y<\/td><td>edition.fotoTAPETA &#8211; Berlin<\/td><\/tr><tr><td class=\"has-text-align-center\" data-align=\"center\"><strong>Poland<\/strong><\/td><td>Fundacja Pogranicze &#8211; Sejny<\/td><\/tr><\/tbody><\/table><\/figure>\n<\/details>\n<\/div>\n<\/div>\n<\/div>\n<\/div>\n<\/div>\n<\/div>\n\n\n\n<div class=\"wp-block-columns alignwide is-layout-flex wp-container-core-columns-is-layout-28f84493 wp-block-columns-is-layout-flex\">\n<div class=\"wp-block-column is-layout-flow wp-block-column-is-layout-flow\">\n<p id=\"yui_3_17_2_1_1720562313329_602\">In 2017, Ou\u0159edn\u00edk&#8217;s seventh title was published by Parisian publishing house \u00c9ditions Allia, also his first book written directly in French: <em>La fin du monde n&#8217;aurait pas eu lieu<\/em>. Both thematically and stylistically, it can be considered a sequel to <em>Europeana<\/em>. Ostensibly, this new book revolves around the life and thoughts of Gaspard Boisvert, ex-advisor to the dumbest US president of all time and advertising executive for the Pernod-Ricard company. Boisvert is obsessed with the end of the world, which may have already happened without us noticing, at least the &#8211; wafer-thin &#8211; plot suggests. But although at times it presents itself as a realistic novel, it soon becomes clear that the author is taking a run at all novel conventions. This book also deals with the limits of democracy, Adolf Hitler&#8217;s missing testicle, the comical nature of politically-correct language, religions, vegetarianism, Viagra and a whole lot more. Or is the author just kidding his reader?<\/p>\n\n\n\n<p id=\"yui_3_17_2_1_1720562313329_602\">In any case, <em>La fin du monde n&#8217;aurait pas eu lieu<\/em> is a fascinating, highly topical reading experience &#8211; and once again it all sounds curiously detached, mildly cynical and irresistibly funny. The book contains around 25,000 words, is divided into 111 chapters and 170 pages, has 12 diagrams or charts and one photograph, and has translations in several languages. In 2019 it made it through to the shortlist of the International Jan Michalski Prize for Literature.<\/p>\n<\/div>\n\n\n\n<div class=\"wp-block-column is-layout-flow wp-block-column-is-layout-flow\">\n<blockquote class=\"wp-block-quote is-layout-flow wp-block-quote-is-layout-flow\">\n<p><em>\u201cHis \u2018Europeana. Une br\u00e8ve histoire du XXe si\u00e8cle\u2019 (Allia, 2004), still widely read today, already took the form of an ironic and critical assessment of the most recent human adventures. He does it again, with the same brio and a very sure sense of effect. We see him patiently sharpening his arrows, bending his bow &#8211; and suddenly the line goes off and into the heart of the target. Jarry, Beckett, Michaux and Queneau, the four authors he has translated, mark out his own writing territory<\/em><\/p>\n\n\n\n<p><em>In this book, the opposite is true. Has the author really written a farce, a satire? Yes, but no. Because he\u2019s not joking.\u201d<\/em><\/p>\n\n\n\n<p class=\"has-text-align-right\">\u2014 Le Monde<\/p>\n<\/blockquote>\n\n\n\n<blockquote class=\"wp-block-quote is-layout-flow wp-block-quote-is-layout-flow\">\n<p><em>\u201cFrom these premises, Ou\u0159edn\u00edk brilliantly links examples taken from the Bible and other myths, fanciful statistics, caf\u00e9 du commerce dialogue and lame jokes. He compares the respective evils of Prozac and Viagra or the performances of the bloodthirsty dictators of the twentieth century.<\/em><\/p>\n\n\n\n<p><em>Nothing escapes him about the pitfalls of language: worn-out stereotypes and the new ones that denounce them, tics and fashions. The F\u00fchrer\u2019s surname gives rise to onomastic digressions: if he had borne the name of his progenitor, Schicklgruber, \u201che who digs a gutter to drain the manure\u201d, would he have had the same charismatic destiny? Even if, as the publisher suggests, it\u2019s not out of the question that we\u2019re simply being taken for a ride, it\u2019s all so delightful that we\u2019re delighted.\u201d<\/em><\/p>\n\n\n\n<p class=\"has-text-align-right\">\u2014 Le Temps<\/p>\n<\/blockquote>\n<\/div>\n<\/div>\n\n\n\n<div style=\"height:31px\" aria-hidden=\"true\" class=\"wp-block-spacer\"><\/div>\n\n\n\n<div class=\"wp-block-columns alignwide is-layout-flex wp-container-core-columns-is-layout-28f84493 wp-block-columns-is-layout-flex\">\n<div class=\"wp-block-column is-layout-flow wp-block-column-is-layout-flow\">\n<h2 class=\"wp-block-heading has-text-align-center\">Translations<\/h2>\n<\/div>\n<\/div>\n\n\n\n<div class=\"wp-block-columns alignwide has-theme-2-color has-theme-5-background-color has-text-color has-background has-link-color wp-elements-6c27e0643e654c8b9049eb16bcdbdf5c is-layout-flex wp-container-core-columns-is-layout-28f84493 wp-block-columns-is-layout-flex\">\n<div class=\"wp-block-column is-layout-flow wp-block-column-is-layout-flow\">\n<div class=\"wp-block-group alignfull has-global-padding is-content-justification-center is-layout-constrained wp-container-core-group-is-layout-df757ecc wp-block-group-is-layout-constrained\" style=\"margin-top:0;margin-bottom:0;padding-top:calc( 0.5 * var(--wp--style--root--padding-right, var(--wp--custom--gap--horizontal)));padding-right:var(--wp--style--root--padding-right, var(--wp--custom--gap--horizontal));padding-bottom:calc( 0.5 * var(--wp--style--root--padding-right, var(--wp--custom--gap--horizontal)));padding-left:var(--wp--style--root--padding-left, var(--wp--custom--gap--horizontal))\">\n<div class=\"wp-block-group alignwide has-global-padding is-layout-constrained wp-block-group-is-layout-constrained\">\n<div class=\"wp-block-group alignfull has-global-padding is-content-justification-center is-layout-constrained wp-container-core-group-is-layout-df757ecc wp-block-group-is-layout-constrained\" style=\"margin-top:0;margin-bottom:0;padding-top:calc( 0.5 * var(--wp--style--root--padding-right, var(--wp--custom--gap--horizontal)));padding-right:var(--wp--style--root--padding-right, var(--wp--custom--gap--horizontal));padding-bottom:calc( 0.5 * var(--wp--style--root--padding-right, var(--wp--custom--gap--horizontal)));padding-left:var(--wp--style--root--padding-left, var(--wp--custom--gap--horizontal))\">\n<div class=\"wp-block-columns alignwide is-layout-flex wp-container-core-columns-is-layout-4935966c wp-block-columns-is-layout-flex\" style=\"padding-right:0;padding-left:0\">\n<div class=\"wp-block-column is-layout-flow wp-container-core-column-is-layout-1a0eff7f wp-block-column-is-layout-flow\" style=\"flex-basis:25%\">\n<figure class=\"wp-block-image size-large\"><img decoding=\"async\" src=\"https:\/\/pluh2.wordpress.com\/wp-content\/uploads\/2024\/07\/cover-italy-fin-du-monde-edited.jpg\" alt=\"\" class=\"wp-image-640\"\/><\/figure>\n\n\n\n<figure class=\"wp-block-image size-large\"><img decoding=\"async\" src=\"https:\/\/pluh2.wordpress.com\/wp-content\/uploads\/2024\/07\/cover-greece-fin-du-monde-klein-edited.jpg\" alt=\"\" class=\"wp-image-1132\"\/><\/figure>\n<\/div>\n\n\n\n<div class=\"wp-block-column is-layout-flow wp-container-core-column-is-layout-1a0eff7f wp-block-column-is-layout-flow\" style=\"flex-basis:25%\">\n<figure class=\"wp-block-image size-large\"><img decoding=\"async\" src=\"https:\/\/pluh2.wordpress.com\/wp-content\/uploads\/2024\/07\/cover-english-fin-du-monde-edited.jpg\" alt=\"\" class=\"wp-image-1129\"\/><\/figure>\n\n\n\n<figure class=\"wp-block-image size-large\"><img decoding=\"async\" src=\"https:\/\/pluh2.wordpress.com\/wp-content\/uploads\/2024\/07\/cover-german-fin-de-monde-edited-1.jpg\" alt=\"\" class=\"wp-image-1133\"\/><\/figure>\n<\/div>\n\n\n\n<div class=\"wp-block-column is-layout-flow wp-container-core-column-is-layout-1a0eff7f wp-block-column-is-layout-flow\" style=\"flex-basis:25%\">\n<figure data-wp-context=\"{&quot;imageId&quot;:&quot;69e03e184a549&quot;}\" data-wp-interactive=\"core\/image\" data-wp-key=\"69e03e184a549\" class=\"wp-block-image size-large wp-lightbox-container\"><img decoding=\"async\" data-wp-class--hide=\"state.isContentHidden\" data-wp-class--show=\"state.isContentVisible\" data-wp-init=\"callbacks.setButtonStyles\" data-wp-on--click=\"actions.showLightbox\" data-wp-on--load=\"callbacks.setButtonStyles\" data-wp-on-window--resize=\"callbacks.setButtonStyles\" src=\"https:\/\/pluh2.wordpress.com\/wp-content\/uploads\/2024\/07\/cover-macedonia-fin-du-monde-edited.jpg\" alt=\"\" class=\"wp-image-1130\" style=\"aspect-ratio:2\/3;object-fit:cover\"\/><button\n\t\t\tclass=\"lightbox-trigger\"\n\t\t\ttype=\"button\"\n\t\t\taria-haspopup=\"dialog\"\n\t\t\taria-label=\"Vergroten\"\n\t\t\tdata-wp-init=\"callbacks.initTriggerButton\"\n\t\t\tdata-wp-on--click=\"actions.showLightbox\"\n\t\t\tdata-wp-style--right=\"state.imageButtonRight\"\n\t\t\tdata-wp-style--top=\"state.imageButtonTop\"\n\t\t>\n\t\t\t<svg xmlns=\"http:\/\/www.w3.org\/2000\/svg\" width=\"12\" height=\"12\" fill=\"none\" viewBox=\"0 0 12 12\">\n\t\t\t\t<path fill=\"#fff\" d=\"M2 0a2 2 0 0 0-2 2v2h1.5V2a.5.5 0 0 1 .5-.5h2V0H2Zm2 10.5H2a.5.5 0 0 1-.5-.5V8H0v2a2 2 0 0 0 2 2h2v-1.5ZM8 12v-1.5h2a.5.5 0 0 0 .5-.5V8H12v2a2 2 0 0 1-2 2H8Zm2-12a2 2 0 0 1 2 2v2h-1.5V2a.5.5 0 0 0-.5-.5H8V0h2Z\" \/>\n\t\t\t<\/svg>\n\t\t<\/button><\/figure>\n<\/div>\n\n\n\n<div class=\"wp-block-column is-layout-flow wp-container-core-column-is-layout-1a0eff7f wp-block-column-is-layout-flow\" style=\"flex-basis:25%\">\n<figure data-wp-context=\"{&quot;imageId&quot;:&quot;69e03e184b5e9&quot;}\" data-wp-interactive=\"core\/image\" data-wp-key=\"69e03e184b5e9\" class=\"wp-block-image size-large wp-lightbox-container\"><img decoding=\"async\" data-wp-class--hide=\"state.isContentHidden\" data-wp-class--show=\"state.isContentVisible\" data-wp-init=\"callbacks.setButtonStyles\" data-wp-on--click=\"actions.showLightbox\" data-wp-on--load=\"callbacks.setButtonStyles\" data-wp-on-window--resize=\"callbacks.setButtonStyles\" src=\"https:\/\/pluh2.wordpress.com\/wp-content\/uploads\/2024\/07\/cover-portugal-fin-du-monde-edited.jpg\" alt=\"\" class=\"wp-image-1131\" style=\"aspect-ratio:2\/3;object-fit:cover\"\/><button\n\t\t\tclass=\"lightbox-trigger\"\n\t\t\ttype=\"button\"\n\t\t\taria-haspopup=\"dialog\"\n\t\t\taria-label=\"Vergroten\"\n\t\t\tdata-wp-init=\"callbacks.initTriggerButton\"\n\t\t\tdata-wp-on--click=\"actions.showLightbox\"\n\t\t\tdata-wp-style--right=\"state.imageButtonRight\"\n\t\t\tdata-wp-style--top=\"state.imageButtonTop\"\n\t\t>\n\t\t\t<svg xmlns=\"http:\/\/www.w3.org\/2000\/svg\" width=\"12\" height=\"12\" fill=\"none\" viewBox=\"0 0 12 12\">\n\t\t\t\t<path fill=\"#fff\" d=\"M2 0a2 2 0 0 0-2 2v2h1.5V2a.5.5 0 0 1 .5-.5h2V0H2Zm2 10.5H2a.5.5 0 0 1-.5-.5V8H0v2a2 2 0 0 0 2 2h2v-1.5ZM8 12v-1.5h2a.5.5 0 0 0 .5-.5V8H12v2a2 2 0 0 1-2 2H8Zm2-12a2 2 0 0 1 2 2v2h-1.5V2a.5.5 0 0 0-.5-.5H8V0h2Z\" \/>\n\t\t\t<\/svg>\n\t\t<\/button><\/figure>\n<\/div>\n<\/div>\n<\/div>\n<\/div>\n<\/div>\n<\/div>\n\n\n\n<div class=\"wp-block-column is-layout-flow wp-block-column-is-layout-flow\">\n<div style=\"height:38px\" aria-hidden=\"true\" class=\"wp-block-spacer\"><\/div>\n\n\n\n<details class=\"wp-block-details is-layout-flow wp-block-details-is-layout-flow\"><summary>La fine del mondo sembra non sia arrivata<\/summary>\n<p>Quodlibet, Macerata, 2018.<\/p>\n\n\n\n<p>Translated by Andrea Libero Carbone<\/p>\n<\/details>\n\n\n\n<details class=\"wp-block-details is-layout-flow wp-block-details-is-layout-flow\"><summary>The End of the World Might Not Have Taken Place<\/summary>\n<p>Dalkey Archive, Chicago, 2020.<\/p>\n\n\n\n<p>Translated by Alexander Hertich<\/p>\n<\/details>\n\n\n\n<details class=\"wp-block-details is-layout-flow wp-block-details-is-layout-flow\"><summary>\u041a\u0420\u0410\u0408\u041e\u0422 \u041d\u0410 \u0421\u0412\u0415\u0422\u041e\u0422 \u041d\u0410\u0412\u041e\u0414\u041d\u041e \u041d\u0415 \u0421\u0415 \u0421\u041b\u0423\u0427\u0418\u041b<\/summary>\n<p>Slavika Libris, Skopje, 2020.<\/p>\n\n\n\n<p>Translated by Jasminka Delova-Siljanova<\/p>\n<\/details>\n\n\n\n<details class=\"wp-block-details is-layout-flow wp-block-details-is-layout-flow\"><summary>O fim do mundo n\u00e3o ter\u00e1 acontecido<\/summary>\n<p>Antigona, Lisbon, 2022.<\/p>\n\n\n\n<p>Translated by J\u00falio Henriques<\/p>\n<\/details>\n\n\n\n<details class=\"wp-block-details is-layout-flow wp-block-details-is-layout-flow\"><summary>\u03a4\u03bf \u03c4\u03ad\u03bb\u03bf\u03c2 \u03c4\u03bf\u03c5 \u03ba\u03cc\u03c3\u03bc\u03bf\u03c5 \u03b4\u03b5\u03bd \u03b8\u03b1 \u03b5\u03af\u03c7\u03b5 \u03c3\u03c5\u03bc\u03b2\u03b5\u03af<\/summary>\n<p>Wordbooks. Athens, 2023<\/p>\n\n\n\n<p>Translated by Andriana Chondrogiannis.<\/p>\n<\/details>\n\n\n\n<details class=\"wp-block-details is-layout-flow wp-block-details-is-layout-flow\"><summary>Das Ende der Welt d\u00fcrfte nicht stattgefunden haben<\/summary>\n<p>edition.fotoTAPETA , Berlin, 2023.<\/p>\n\n\n\n<p>Translated by Margret Millischer<\/p>\n<\/details>\n\n\n\n<div style=\"height:133px\" aria-hidden=\"true\" class=\"wp-block-spacer\"><\/div>\n<\/div>\n<\/div>\n","protected":false},"excerpt":{"rendered":"<p>Konec sv\u011bta se pr\u00fd nekonal (The End of the World Might Not Have Taken Place) \u201cA gritty anti-novel, a veritable comedy festival of incorrect thoughts.\u201d \u2014 Lire In 2017, Ou\u0159edn\u00edk&#8217;s seventh title was published by Parisian publishing house \u00c9ditions Allia, also his first book written directly in French: La fin du monde n&#8217;aurait pas eu [&hellip;]<\/p>\n","protected":false},"author":1,"featured_media":646,"parent":0,"menu_order":0,"comment_status":"closed","ping_status":"closed","template":"","meta":{"footnotes":""},"class_list":["post-637","page","type-page","status-publish","has-post-thumbnail","hentry"],"_links":{"self":[{"href":"https:\/\/pluh.org\/index.php\/wp-json\/wp\/v2\/pages\/637","targetHints":{"allow":["GET"]}}],"collection":[{"href":"https:\/\/pluh.org\/index.php\/wp-json\/wp\/v2\/pages"}],"about":[{"href":"https:\/\/pluh.org\/index.php\/wp-json\/wp\/v2\/types\/page"}],"author":[{"embeddable":true,"href":"https:\/\/pluh.org\/index.php\/wp-json\/wp\/v2\/users\/1"}],"replies":[{"embeddable":true,"href":"https:\/\/pluh.org\/index.php\/wp-json\/wp\/v2\/comments?post=637"}],"version-history":[{"count":2,"href":"https:\/\/pluh.org\/index.php\/wp-json\/wp\/v2\/pages\/637\/revisions"}],"predecessor-version":[{"id":1794,"href":"https:\/\/pluh.org\/index.php\/wp-json\/wp\/v2\/pages\/637\/revisions\/1794"}],"wp:featuredmedia":[{"embeddable":true,"href":"https:\/\/pluh.org\/index.php\/wp-json\/"}],"wp:attachment":[{"href":"https:\/\/pluh.org\/index.php\/wp-json\/wp\/v2\/media?parent=637"}],"curies":[{"name":"wp","href":"https:\/\/api.w.org\/{rel}","templated":true}]}}