{"id":758,"date":"2024-07-12T17:04:50","date_gmt":"2024-07-12T15:04:50","guid":{"rendered":"https:\/\/pluh2.wordpress.com\/?page_id=758"},"modified":"2024-07-12T17:04:50","modified_gmt":"2024-07-12T15:04:50","slug":"daleko-od-stromu","status":"publish","type":"page","link":"https:\/\/pluh.org\/index.php\/daleko-od-stromu\/","title":{"rendered":"Daleko od stromu"},"content":{"rendered":"\n<h2 class=\"wp-block-heading\">(Far From the Tree)<\/h2>\n\n\n\n<div class=\"wp-block-columns alignwide is-layout-flex wp-container-core-columns-is-layout-28f84493 wp-block-columns-is-layout-flex\">\n<div class=\"wp-block-column is-layout-flow wp-block-column-is-layout-flow\">\n<div class=\"wp-block-columns is-layout-flex wp-container-core-columns-is-layout-28f84493 wp-block-columns-is-layout-flex\">\n<div class=\"wp-block-column is-layout-flow wp-block-column-is-layout-flow\">\n<div class=\"wp-block-columns is-layout-flex wp-container-core-columns-is-layout-28f84493 wp-block-columns-is-layout-flex\">\n<div class=\"wp-block-column is-layout-flow wp-block-column-is-layout-flow\"><\/div>\n\n\n\n<div class=\"wp-block-column is-layout-flow wp-block-column-is-layout-flow\">\n<div style=\"height:2px\" aria-hidden=\"true\" class=\"wp-block-spacer\"><\/div>\n\n\n\n<h4 class=\"wp-block-heading has-text-align-center\">Ji\u0159\u00ed Orten Award 1987<\/h4>\n<\/div>\n\n\n\n<div class=\"wp-block-column is-layout-flow wp-block-column-is-layout-flow\">\n<figure class=\"wp-block-image aligncenter size-full is-resized\"><img decoding=\"async\" src=\"https:\/\/pluh2.wordpress.com\/wp-content\/uploads\/2024\/07\/cover-czech-daleko.jpg\" alt=\"\" class=\"wp-image-769\" style=\"width:267px;height:auto\" \/><\/figure>\n<\/div>\n<\/div>\n<\/div>\n\n\n\n<div class=\"wp-block-column is-layout-flow wp-block-column-is-layout-flow\">\n<div class=\"wp-block-columns is-layout-flex wp-container-core-columns-is-layout-28f84493 wp-block-columns-is-layout-flex\">\n<div class=\"wp-block-column is-layout-flow wp-block-column-is-layout-flow\" style=\"flex-basis:66.66%\">\n<div style=\"height:4px\" aria-hidden=\"true\" class=\"wp-block-spacer\"><\/div>\n\n\n\n<details class=\"wp-block-details is-layout-flow wp-block-details-is-layout-flow\"><summary>About the Book<\/summary>\n<figure class=\"wp-block-table is-style-stripes\"><table class=\"has-fixed-layout\"><tbody><tr><td class=\"has-text-align-center\" data-align=\"center\"><strong>Original Title<\/strong><\/td><td>Daleko od stromu<\/td><\/tr><tr><td class=\"has-text-align-center\" data-align=\"center\"><strong>First Published<\/strong><\/td><td>1984<\/td><\/tr><tr><td class=\"has-text-align-center\" data-align=\"center\"><strong>Publisher<\/strong><\/td><td>Index, Cologne<\/td><\/tr><tr><td class=\"has-text-align-center\" data-align=\"center\"><strong>Rerelease&nbsp;<\/strong><\/td><td>1991<\/td><\/tr><tr><td class=\"has-text-align-center\" data-align=\"center\"><strong>Publisher<\/strong><\/td><td>\u010ceskoslovensk\u00fd spisovatel, Prague<\/td><\/tr><tr><td class=\"has-text-align-center\" data-align=\"center\"><strong>Rerelease<\/strong><\/td><td>2017<\/td><\/tr><tr><td class=\"has-text-align-center\" data-align=\"center\"><strong>Publisher<\/strong><\/td><td>Druh\u00e9 m\u011bsto, Brno<\/td><\/tr><tr><td class=\"has-text-align-center\" data-align=\"center\"><strong>Pages<\/strong><\/td><td>148<\/td><\/tr><\/tbody><\/table><\/figure>\n<\/details>\n\n\n\n<details class=\"wp-block-details is-layout-flow wp-block-details-is-layout-flow\"><summary>Rights Sold<\/summary>\n<figure class=\"wp-block-table is-style-stripes\"><table class=\"has-fixed-layout\"><tbody><tr><td class=\"has-text-align-center\" data-align=\"center\"><strong>Germany<\/strong><\/td><td>Rowolht &#8211; Berlin<\/td><\/tr><tr><td class=\"has-text-align-center\" data-align=\"center\"><strong>The Netherlands<\/strong><\/td><td>Wereldbibliotheek &#8211; Amsterdam<\/td><\/tr><tr><td class=\"has-text-align-center\" data-align=\"center\"><strong>Norway<\/strong><\/td><td>Cappelen Damm &#8211; Oslo<\/td><\/tr><tr><td class=\"has-text-align-center\" data-align=\"center\"><strong>Denmark&nbsp;<\/strong><\/td><td>Rosinante &#8211; Kopenhagen<\/td><\/tr><tr><td class=\"has-text-align-center\" data-align=\"center\"><strong>Sweden<\/strong><\/td><td>Bonnier Alba &#8211; Stockholm<\/td><\/tr><tr><td class=\"has-text-align-center\" data-align=\"center\"><strong>United States&nbsp;<\/strong><\/td><td>Twisted Spoon &#8211; Prague<\/td><\/tr><\/tbody><\/table><\/figure>\n<\/details>\n<\/div>\n\n\n\n<div class=\"wp-block-column is-layout-flow wp-block-column-is-layout-flow\" style=\"flex-basis:33.33%\"><\/div>\n<\/div>\n<\/div>\n<\/div>\n<\/div>\n<\/div>\n\n\n\n<div class=\"wp-block-columns alignwide is-layout-flex wp-container-core-columns-is-layout-28f84493 wp-block-columns-is-layout-flex\">\n<div class=\"wp-block-column is-layout-flow wp-block-column-is-layout-flow\">\n<p id=\"yui_3_17_2_1_1720562313329_602\"><em>Far from the Tree<\/em> could not officially appear in communist Czechoslovakia, it was published as an underground so-called samizdat edition in 1984. Later, in 1987 it was published by the exil publisher Index in Cologne. Brabcov\u00e1 was the first laureate to receive the Ji\u0159\u00ed Orten Prize for this book.<\/p>\n\n\n\n<blockquote class=\"wp-block-quote is-layout-flow wp-block-quote-is-layout-flow\">\n<p><em>Finally, the heavens show some understanding. It opens the floodgates and lets the rain flow. The Flood is here, the cleansing, all-devouring water that sinks Bohemia &#8211; in an ocean like the one that last covered the land in the Palaeozoic era. The Flood, the end of mankind, the end of the world, the end of civilisation.<\/em><\/p>\n\n\n\n<p><em>For V\u011bra, the first-person narrator and protagonist in Zuzana Brabcov\u00e1&#8217;s novel &#8220;Far from the Tree&#8221;, this comes as no surprise. She has always known that this end is imminent, that her vision of the apocalyptic masses of water that will wash everything away was more than just the &#8220;Dada dream&#8221; of a mentally disturbed person. And now the time has come. The water has arrived. Faced with the rising tide, &#8220;with the water&#8217;s edge at her throat&#8221;, she closes her eyes and begins to write a long-planned novel: Memories of a Life in Bohemia in the Second Half of the 20th Century.<\/em><\/p>\n\n\n\n<p><em>Zuzana Brabcov\u00e1, born in Prague in 1959 and almost exactly the same age as her prophetess V\u011bra, has written the novel of her generation, a message in a bottle from the time of darkness called &#8220;normalisation&#8221; &#8211; and at the same time a bitter general reckoning with the world on the eve of the apocalypse. &#8220;Far from the Tree&#8221;, this revelation by V\u011bra T., has become a showpiece of Czech literature.<\/em><\/p>\n\n\n\n<p id=\"yui_3_17_2_1_1720795736432_647\"><em>&#8220;Our generation&#8221;, writes Zuzana Brabcov\u00e1 alias V\u011bra, is &#8220;autistic, addicted to alcohol, deeply in debt, melancholic in the East, lacking in ambition, objective and dynamic in the West&#8221;. It is a generation without hope and without prospects, imprisoned in an &#8220;airtight homeland with a replica of a sky&#8221;, in a country that has built itself a questionable legitimacy out of silence, lies and crooked legends. A generation &#8220;without an anchor, because without a sea&#8221;, whose only option is to settle down in the cemetery of disappointed hopes or to leave the country. Nothing new in Bohemia.<\/em><\/p>\n\n\n\n<p class=\"has-text-align-right\" id=\"yui_3_17_2_1_1720795736432_650\">\u2014 Die Zeit<\/p>\n<\/blockquote>\n<\/div>\n\n\n\n<div class=\"wp-block-column is-layout-flow wp-block-column-is-layout-flow\">\n<blockquote class=\"wp-block-quote is-layout-flow wp-block-quote-is-layout-flow\">\n<p><em>\u201cThe language of this novel is extraordinarily poetic. It beautifully incorporates the language of the Bible. But beyond this wildly clever and complex book, you feel very small as a reader.\u201d<\/em><\/p>\n\n\n\n<p class=\"has-text-align-right\">\u2014 Trouw<\/p>\n<\/blockquote>\n\n\n\n<blockquote class=\"wp-block-quote is-layout-flow wp-block-quote-is-layout-flow\">\n<p><em>\u201cThe poetics in the book are indispensable to describe the hopelessness of real-life socialism.\u201d<\/em><\/p>\n\n\n\n<p class=\"has-text-align-right\">\u2014 NRC<\/p>\n<\/blockquote>\n\n\n\n<blockquote class=\"wp-block-quote is-layout-flow wp-block-quote-is-layout-flow\">\n<p><em>\u201cThe book stands brightly next to the other inside views of actually existing socialism that we know from Czechoslovakia. While Hrabal and Kundera, Kliment and Kl\u00edma were witnesses to developments in their homeland (albeit powerless ones), Zuzana Brabcov\u00e1 belongs to a different generation: the generation of those born after, who were too young to consciously experience the dawn of the Prague Spring and its abrupt end.\u201d<\/em><\/p>\n\n\n\n<p class=\"has-text-align-right\">\u2014 Die Zeit<\/p>\n<\/blockquote>\n<\/div>\n<\/div>\n\n\n\n<div style=\"height:31px\" aria-hidden=\"true\" class=\"wp-block-spacer\"><\/div>\n\n\n\n<div class=\"wp-block-columns alignwide is-layout-flex wp-container-core-columns-is-layout-28f84493 wp-block-columns-is-layout-flex\">\n<div class=\"wp-block-column is-layout-flow wp-block-column-is-layout-flow\">\n<h2 class=\"wp-block-heading has-text-align-center\">Translations<\/h2>\n<\/div>\n<\/div>\n\n\n\n<div class=\"wp-block-columns alignwide has-theme-2-color has-theme-5-background-color has-text-color has-background has-link-color wp-elements-64c8afb35562376600f0e2d30ee41d80 is-layout-flex wp-container-core-columns-is-layout-28f84493 wp-block-columns-is-layout-flex\">\n<div class=\"wp-block-column is-layout-flow wp-block-column-is-layout-flow\">\n<div class=\"wp-block-group alignfull has-global-padding is-content-justification-center is-layout-constrained wp-container-core-group-is-layout-df757ecc wp-block-group-is-layout-constrained\" style=\"margin-top:0;margin-bottom:0;padding-top:calc( 0.5 * var(--wp--style--root--padding-right, var(--wp--custom--gap--horizontal)));padding-right:var(--wp--style--root--padding-right, var(--wp--custom--gap--horizontal));padding-bottom:calc( 0.5 * var(--wp--style--root--padding-right, var(--wp--custom--gap--horizontal)));padding-left:var(--wp--style--root--padding-left, var(--wp--custom--gap--horizontal))\">\n<div class=\"wp-block-group alignwide has-global-padding is-layout-constrained wp-block-group-is-layout-constrained\">\n<div class=\"wp-block-group alignfull has-global-padding is-content-justification-center is-layout-constrained wp-container-core-group-is-layout-df757ecc wp-block-group-is-layout-constrained\" style=\"margin-top:0;margin-bottom:0;padding-top:calc( 0.5 * var(--wp--style--root--padding-right, var(--wp--custom--gap--horizontal)));padding-right:var(--wp--style--root--padding-right, var(--wp--custom--gap--horizontal));padding-bottom:calc( 0.5 * var(--wp--style--root--padding-right, var(--wp--custom--gap--horizontal)));padding-left:var(--wp--style--root--padding-left, var(--wp--custom--gap--horizontal))\">\n<div class=\"wp-block-columns alignwide is-layout-flex wp-container-core-columns-is-layout-4935966c wp-block-columns-is-layout-flex\" style=\"padding-right:0;padding-left:0\">\n<div class=\"wp-block-column is-layout-flow wp-container-core-column-is-layout-1a0eff7f wp-block-column-is-layout-flow\" style=\"flex-basis:25%\">\n<figure class=\"wp-block-image size-large\"><img decoding=\"async\" src=\"https:\/\/pluh2.wordpress.com\/wp-content\/uploads\/2024\/07\/cover-german-daleko-edited.jpg\" alt=\"\" class=\"wp-image-760\" \/><\/figure>\n\n\n\n<figure class=\"wp-block-image size-large\"><img decoding=\"async\" src=\"https:\/\/pluh2.wordpress.com\/wp-content\/uploads\/2024\/07\/cover-sweden-daleko-edited.jpg\" alt=\"\" class=\"wp-image-768\" \/><\/figure>\n<\/div>\n\n\n\n<div class=\"wp-block-column is-layout-flow wp-container-core-column-is-layout-1a0eff7f wp-block-column-is-layout-flow\" style=\"flex-basis:25%\">\n<figure class=\"wp-block-image size-large\"><img decoding=\"async\" src=\"https:\/\/pluh2.wordpress.com\/wp-content\/uploads\/2024\/07\/cover-dutch-daleko-edited.jpg\" alt=\"\" class=\"wp-image-762\" \/><\/figure>\n<\/div>\n\n\n\n<div class=\"wp-block-column is-layout-flow wp-container-core-column-is-layout-1a0eff7f wp-block-column-is-layout-flow\" style=\"flex-basis:25%\">\n<figure data-wp-context=\"{&quot;imageId&quot;:&quot;69e025775bb98&quot;}\" data-wp-interactive=\"core\/image\" data-wp-key=\"69e025775bb98\" class=\"wp-block-image size-large wp-lightbox-container\"><img decoding=\"async\" data-wp-class--hide=\"state.isContentHidden\" data-wp-class--show=\"state.isContentVisible\" data-wp-init=\"callbacks.setButtonStyles\" data-wp-on--click=\"actions.showLightbox\" data-wp-on--load=\"callbacks.setButtonStyles\" data-wp-on-window--resize=\"callbacks.setButtonStyles\" src=\"https:\/\/pluh2.wordpress.com\/wp-content\/uploads\/2024\/07\/cover-norway-daleko-edited.jpg\" alt=\"\" class=\"wp-image-765\" style=\"aspect-ratio:2\/3;object-fit:cover\" \/><button\n\t\t\tclass=\"lightbox-trigger\"\n\t\t\ttype=\"button\"\n\t\t\taria-haspopup=\"dialog\"\n\t\t\taria-label=\"Vergroten\"\n\t\t\tdata-wp-init=\"callbacks.initTriggerButton\"\n\t\t\tdata-wp-on--click=\"actions.showLightbox\"\n\t\t\tdata-wp-style--right=\"state.imageButtonRight\"\n\t\t\tdata-wp-style--top=\"state.imageButtonTop\"\n\t\t>\n\t\t\t<svg xmlns=\"http:\/\/www.w3.org\/2000\/svg\" width=\"12\" height=\"12\" fill=\"none\" viewBox=\"0 0 12 12\">\n\t\t\t\t<path fill=\"#fff\" d=\"M2 0a2 2 0 0 0-2 2v2h1.5V2a.5.5 0 0 1 .5-.5h2V0H2Zm2 10.5H2a.5.5 0 0 1-.5-.5V8H0v2a2 2 0 0 0 2 2h2v-1.5ZM8 12v-1.5h2a.5.5 0 0 0 .5-.5V8H12v2a2 2 0 0 1-2 2H8Zm2-12a2 2 0 0 1 2 2v2h-1.5V2a.5.5 0 0 0-.5-.5H8V0h2Z\" \/>\n\t\t\t<\/svg>\n\t\t<\/button><\/figure>\n<\/div>\n\n\n\n<div class=\"wp-block-column is-layout-flow wp-container-core-column-is-layout-1a0eff7f wp-block-column-is-layout-flow\" style=\"flex-basis:25%\">\n<figure data-wp-context=\"{&quot;imageId&quot;:&quot;69e025775c4c9&quot;}\" data-wp-interactive=\"core\/image\" data-wp-key=\"69e025775c4c9\" class=\"wp-block-image size-large wp-lightbox-container\"><img decoding=\"async\" data-wp-class--hide=\"state.isContentHidden\" data-wp-class--show=\"state.isContentVisible\" data-wp-init=\"callbacks.setButtonStyles\" data-wp-on--click=\"actions.showLightbox\" data-wp-on--load=\"callbacks.setButtonStyles\" data-wp-on-window--resize=\"callbacks.setButtonStyles\" src=\"https:\/\/pluh2.wordpress.com\/wp-content\/uploads\/2024\/07\/cover-denmark-daleko-edited.jpg\" alt=\"\" class=\"wp-image-766\" style=\"aspect-ratio:2\/3;object-fit:cover\" \/><button\n\t\t\tclass=\"lightbox-trigger\"\n\t\t\ttype=\"button\"\n\t\t\taria-haspopup=\"dialog\"\n\t\t\taria-label=\"Vergroten\"\n\t\t\tdata-wp-init=\"callbacks.initTriggerButton\"\n\t\t\tdata-wp-on--click=\"actions.showLightbox\"\n\t\t\tdata-wp-style--right=\"state.imageButtonRight\"\n\t\t\tdata-wp-style--top=\"state.imageButtonTop\"\n\t\t>\n\t\t\t<svg xmlns=\"http:\/\/www.w3.org\/2000\/svg\" width=\"12\" height=\"12\" fill=\"none\" viewBox=\"0 0 12 12\">\n\t\t\t\t<path fill=\"#fff\" d=\"M2 0a2 2 0 0 0-2 2v2h1.5V2a.5.5 0 0 1 .5-.5h2V0H2Zm2 10.5H2a.5.5 0 0 1-.5-.5V8H0v2a2 2 0 0 0 2 2h2v-1.5ZM8 12v-1.5h2a.5.5 0 0 0 .5-.5V8H12v2a2 2 0 0 1-2 2H8Zm2-12a2 2 0 0 1 2 2v2h-1.5V2a.5.5 0 0 0-.5-.5H8V0h2Z\" \/>\n\t\t\t<\/svg>\n\t\t<\/button><\/figure>\n<\/div>\n<\/div>\n<\/div>\n<\/div>\n<\/div>\n<\/div>\n\n\n\n<div class=\"wp-block-column is-layout-flow wp-block-column-is-layout-flow\">\n<div style=\"height:33px\" aria-hidden=\"true\" class=\"wp-block-spacer\"><\/div>\n\n\n\n<details class=\"wp-block-details is-layout-flow wp-block-details-is-layout-flow\"><summary>Weit von Baum<\/summary>\n<p>Rowohlt, Berlin, 1991<\/p>\n\n\n\n<p>Translated by Lea Lustykov\u00e1<\/p>\n<\/details>\n\n\n\n<details class=\"wp-block-details is-layout-flow wp-block-details-is-layout-flow\"><summary>Ver van de boom<\/summary>\n<p>Wereldbibliotheek, Amsterdam, 1991<\/p>\n\n\n\n<p>Translated by Magda &amp; Edgar de Bruin<\/p>\n<\/details>\n\n\n\n<details class=\"wp-block-details is-layout-flow wp-block-details-is-layout-flow\"><summary>Langt fra stammen<\/summary>\n<p>Cappelen Damm, Oslo, 1992<\/p>\n\n\n\n<p>Translated by Terje B. Englund<\/p>\n<\/details>\n\n\n\n<details class=\"wp-block-details is-layout-flow wp-block-details-is-layout-flow\"><summary>Langt fra stammen<\/summary>\n<p>Rosinante, Kopenhagen, 1992<\/p>\n\n\n\n<p>Translated by Karen Gammelgaard<\/p>\n<\/details>\n\n\n\n<details class=\"wp-block-details is-layout-flow wp-block-details-is-layout-flow\"><summary>L\u00e5ngt fr\u00e5n tr\u00e4det<\/summary>\n<p>Bonnier Alba, Stockholm, 1993<\/p>\n\n\n\n<p>Translated by Karin Mossdal<\/p>\n<\/details>\n\n\n\n<div style=\"height:122px\" aria-hidden=\"true\" class=\"wp-block-spacer\"><\/div>\n<\/div>\n<\/div>\n","protected":false},"excerpt":{"rendered":"<p>(Far From the Tree) Ji\u0159\u00ed Orten Award 1987 Far from the Tree could not officially appear in communist Czechoslovakia, it was published as an underground so-called samizdat edition in 1984. Later, in 1987 it was published by the exil publisher Index in Cologne. Brabcov\u00e1 was the first laureate to receive the Ji\u0159\u00ed Orten Prize for [&hellip;]<\/p>\n","protected":false},"author":1,"featured_media":769,"parent":0,"menu_order":0,"comment_status":"closed","ping_status":"closed","template":"","meta":{"footnotes":""},"class_list":["post-758","page","type-page","status-publish","has-post-thumbnail","hentry"],"_links":{"self":[{"href":"https:\/\/pluh.org\/index.php\/wp-json\/wp\/v2\/pages\/758","targetHints":{"allow":["GET"]}}],"collection":[{"href":"https:\/\/pluh.org\/index.php\/wp-json\/wp\/v2\/pages"}],"about":[{"href":"https:\/\/pluh.org\/index.php\/wp-json\/wp\/v2\/types\/page"}],"author":[{"embeddable":true,"href":"https:\/\/pluh.org\/index.php\/wp-json\/wp\/v2\/users\/1"}],"replies":[{"embeddable":true,"href":"https:\/\/pluh.org\/index.php\/wp-json\/wp\/v2\/comments?post=758"}],"version-history":[{"count":0,"href":"https:\/\/pluh.org\/index.php\/wp-json\/wp\/v2\/pages\/758\/revisions"}],"wp:featuredmedia":[{"embeddable":true,"href":"https:\/\/pluh.org\/index.php\/wp-json\/"}],"wp:attachment":[{"href":"https:\/\/pluh.org\/index.php\/wp-json\/wp\/v2\/media?parent=758"}],"curies":[{"name":"wp","href":"https:\/\/api.w.org\/{rel}","templated":true}]}}