{"id":776,"date":"2024-07-12T17:15:37","date_gmt":"2024-07-12T15:15:37","guid":{"rendered":"https:\/\/pluh2.wordpress.com\/?page_id=776"},"modified":"2024-07-12T17:15:37","modified_gmt":"2024-07-12T15:15:37","slug":"stropy","status":"publish","type":"page","link":"https:\/\/pluh.org\/index.php\/stropy\/","title":{"rendered":"Stropy"},"content":{"rendered":"\n<h2 class=\"wp-block-heading\">(Ceilings)<\/h2>\n\n\n\n<div class=\"wp-block-columns alignwide is-layout-flex wp-container-core-columns-is-layout-28f84493 wp-block-columns-is-layout-flex\">\n<div class=\"wp-block-column is-layout-flow wp-block-column-is-layout-flow\">\n<div class=\"wp-block-columns is-layout-flex wp-container-core-columns-is-layout-28f84493 wp-block-columns-is-layout-flex\">\n<div class=\"wp-block-column is-layout-flow wp-block-column-is-layout-flow\">\n<div class=\"wp-block-columns is-layout-flex wp-container-core-columns-is-layout-28f84493 wp-block-columns-is-layout-flex\">\n<div class=\"wp-block-column is-layout-flow wp-block-column-is-layout-flow\"><\/div>\n\n\n\n<div class=\"wp-block-column is-layout-flow wp-block-column-is-layout-flow\">\n<div style=\"height:0px\" aria-hidden=\"true\" class=\"wp-block-spacer\"><\/div>\n\n\n\n<h4 class=\"wp-block-heading has-text-align-center\">Magnesia Litera 2013<br><\/h4>\n<\/div>\n\n\n\n<div class=\"wp-block-column is-layout-flow wp-block-column-is-layout-flow\">\n<figure class=\"wp-block-image aligncenter size-full is-resized\"><img decoding=\"async\" src=\"https:\/\/pluh2.wordpress.com\/wp-content\/uploads\/2024\/07\/cover-czech-stropy.jpg\" alt=\"\" class=\"wp-image-783\" style=\"width:267px;height:auto\" \/><\/figure>\n<\/div>\n<\/div>\n<\/div>\n\n\n\n<div class=\"wp-block-column is-layout-flow wp-block-column-is-layout-flow\">\n<div class=\"wp-block-columns is-layout-flex wp-container-core-columns-is-layout-28f84493 wp-block-columns-is-layout-flex\">\n<div class=\"wp-block-column is-layout-flow wp-block-column-is-layout-flow\" style=\"flex-basis:66.66%\">\n<div style=\"height:2px\" aria-hidden=\"true\" class=\"wp-block-spacer\"><\/div>\n\n\n\n<details class=\"wp-block-details is-layout-flow wp-block-details-is-layout-flow\"><summary>About the Book<\/summary>\n<figure class=\"wp-block-table is-style-stripes\"><table class=\"has-fixed-layout\"><tbody><tr><td class=\"has-text-align-center\" data-align=\"center\"><strong>Original Title<\/strong><\/td><td>Stropy<\/td><\/tr><tr><td class=\"has-text-align-center\" data-align=\"center\"><strong>First Published<\/strong><\/td><td>2012<\/td><\/tr><tr><td class=\"has-text-align-center\" data-align=\"center\"><strong>Publisher<\/strong><\/td><td>Druh\u00e9 M\u011bto, Brno<\/td><\/tr><tr><td class=\"has-text-align-center\" data-align=\"center\"><strong>Pages<\/strong><\/td><td>200<\/td><\/tr><\/tbody><\/table><\/figure>\n<\/details>\n\n\n\n<details class=\"wp-block-details is-layout-flow wp-block-details-is-layout-flow\"><summary>Rights Sold<\/summary>\n<figure class=\"wp-block-table is-style-stripes\"><table class=\"has-fixed-layout\"><tbody><tr><td class=\"has-text-align-center\" data-align=\"center\"><strong>Egypt<\/strong><\/td><td>Al Arabi &#8211; Cairo<\/td><\/tr><tr><td class=\"has-text-align-center\" data-align=\"center\"><strong>Bulgaria<\/strong><\/td><td>Perseus<strong>&nbsp;<\/strong>&#8211; Sofira<\/td><\/tr><tr><td class=\"has-text-align-center\" data-align=\"center\"><strong>Slovenia<\/strong><\/td><td>\u010cankarjeva<strong>&nbsp;<\/strong>&#8211; Ljubljana<\/td><\/tr><tr><td class=\"has-text-align-center\" data-align=\"center\"><strong>Serbia<\/strong><\/td><td>Strik &#8211; Belgrade<\/td><\/tr><tr><td class=\"has-text-align-center\" data-align=\"center\"><strong>United States<\/strong><\/td><td>Twisted Spoon &#8211; Prague<\/td><\/tr><\/tbody><\/table><\/figure>\n<\/details>\n<\/div>\n\n\n\n<div class=\"wp-block-column is-layout-flow wp-block-column-is-layout-flow\" style=\"flex-basis:33.33%\"><\/div>\n<\/div>\n<\/div>\n<\/div>\n<\/div>\n<\/div>\n\n\n\n<div class=\"wp-block-columns alignwide is-layout-flex wp-container-core-columns-is-layout-28f84493 wp-block-columns-is-layout-flex\">\n<div class=\"wp-block-column is-layout-flow wp-block-column-is-layout-flow\">\n<p id=\"yui_3_17_2_1_1720562313329_602\">The inner drama of takes place in a psychiatric hospital; the &#8220;detox&#8221; becomes a place of exposed interpersonal relationships, a place of agonizing questions and answers to life&#8217;s traumas, in which the outside world enters as a disturbing or soothing element. From the walls and ceilings, which seem to open up into another unknown space, also derives the author&#8217;s strong theme, which is the &#8220;examination&#8221; of our determination or inability to come out of ourselves and (in Levinasian terms) to acknowledge the superiority of the other; of equal weight is the critical look at the ability of the individual, required by society, to stand in an ambiguous dialogue with the multiplicity of the world.<\/p>\n\n\n\n<p id=\"yui_3_17_2_1_1720562313329_602\">The sometimes almost fantastical narrative blurs the distinction between the so-called real and dream worlds, between the inner experience of the characters and their apparently objective image. The sequence of often sarcastic scenes, in which the painful corners of the human desire for freedom are opened up, constrained, broken, limited again and again (see the title \u201cCeilings\u201d), is a kind of imaginative exploration of human possibilities and &#8220;impossibilities&#8221;.<\/p>\n<\/div>\n\n\n\n<div class=\"wp-block-column is-layout-flow wp-block-column-is-layout-flow\">\n<blockquote class=\"wp-block-quote is-layout-flow wp-block-quote-is-layout-flow\">\n<p><em>\u201cZuzana Brabcov\u00e1\u2019s novel is a literary event, an extreme work, exceptional in its condensation and poetry. It is &#8211; at least for me &#8211; a literary event not only of the past year.\u201d<\/em><\/p>\n\n\n\n<p class=\"has-text-align-right\">\u2014 Respekt<\/p>\n<\/blockquote>\n\n\n\n<blockquote class=\"wp-block-quote is-layout-flow wp-block-quote-is-layout-flow\">\n<p><em>\u201cZuzana Brabcov\u00e1 is brilliant at bringing the experience of a severely challenged mind to those who have never been affected. Perhaps her book could even serve as a practical guide for students of psychiatry. Personally, I have yet to encounter a literary work that consciously seeks to do this and succeeds in doing so so evocatively.\u201d<\/em><\/p>\n\n\n\n<p class=\"has-text-align-right\">\u2014 iLiteratura<\/p>\n<\/blockquote>\n\n\n\n<blockquote class=\"wp-block-quote is-layout-flow wp-block-quote-is-layout-flow\">\n<p><em>\u201cZuzana Brabcov\u00e1 wrote a powerful book from a psychiatric hospital.\u201d<\/em><\/p>\n\n\n\n<p class=\"has-text-align-right\">\u2014 Hospod\u00e1\u0159sk\u00e9 noviny<\/p>\n<\/blockquote>\n<\/div>\n<\/div>\n\n\n\n<div style=\"height:31px\" aria-hidden=\"true\" class=\"wp-block-spacer\"><\/div>\n\n\n\n<div class=\"wp-block-columns alignwide is-layout-flex wp-container-core-columns-is-layout-28f84493 wp-block-columns-is-layout-flex\">\n<div class=\"wp-block-column is-layout-flow wp-block-column-is-layout-flow\">\n<h2 class=\"wp-block-heading has-text-align-center\">Translations<\/h2>\n<\/div>\n<\/div>\n\n\n\n<div class=\"wp-block-columns alignwide has-theme-2-color has-theme-5-background-color has-text-color has-background has-link-color wp-elements-d236027d8a4fcd0e218d1543811df93b is-layout-flex wp-container-core-columns-is-layout-28f84493 wp-block-columns-is-layout-flex\">\n<div class=\"wp-block-column is-layout-flow wp-block-column-is-layout-flow\">\n<div class=\"wp-block-group alignfull has-global-padding is-content-justification-center is-layout-constrained wp-container-core-group-is-layout-df757ecc wp-block-group-is-layout-constrained\" style=\"margin-top:0;margin-bottom:0;padding-top:calc( 0.5 * var(--wp--style--root--padding-right, var(--wp--custom--gap--horizontal)));padding-right:var(--wp--style--root--padding-right, var(--wp--custom--gap--horizontal));padding-bottom:calc( 0.5 * var(--wp--style--root--padding-right, var(--wp--custom--gap--horizontal)));padding-left:var(--wp--style--root--padding-left, var(--wp--custom--gap--horizontal))\">\n<div class=\"wp-block-group alignwide has-global-padding is-layout-constrained wp-block-group-is-layout-constrained\">\n<div class=\"wp-block-group alignfull has-global-padding is-content-justification-center is-layout-constrained wp-container-core-group-is-layout-df757ecc wp-block-group-is-layout-constrained\" style=\"margin-top:0;margin-bottom:0;padding-top:calc( 0.5 * var(--wp--style--root--padding-right, var(--wp--custom--gap--horizontal)));padding-right:var(--wp--style--root--padding-right, var(--wp--custom--gap--horizontal));padding-bottom:calc( 0.5 * var(--wp--style--root--padding-right, var(--wp--custom--gap--horizontal)));padding-left:var(--wp--style--root--padding-left, var(--wp--custom--gap--horizontal))\">\n<div class=\"wp-block-columns alignwide is-layout-flex wp-container-core-columns-is-layout-4935966c wp-block-columns-is-layout-flex\" style=\"padding-right:0;padding-left:0\">\n<div class=\"wp-block-column is-layout-flow wp-container-core-column-is-layout-1a0eff7f wp-block-column-is-layout-flow\" style=\"flex-basis:25%\"><\/div>\n\n\n\n<div class=\"wp-block-column is-layout-flow wp-container-core-column-is-layout-1a0eff7f wp-block-column-is-layout-flow\" style=\"flex-basis:25%\">\n<figure class=\"wp-block-image size-large\"><img decoding=\"async\" src=\"https:\/\/pluh2.wordpress.com\/wp-content\/uploads\/2024\/07\/cover-slovenia-stropy-edited.jpg\" alt=\"\" class=\"wp-image-778\" \/><\/figure>\n<\/div>\n\n\n\n<div class=\"wp-block-column is-layout-flow wp-container-core-column-is-layout-1a0eff7f wp-block-column-is-layout-flow\" style=\"flex-basis:25%\">\n<figure data-wp-context=\"{&quot;imageId&quot;:&quot;69e02588706bc&quot;}\" data-wp-interactive=\"core\/image\" data-wp-key=\"69e02588706bc\" class=\"wp-block-image size-large wp-lightbox-container\"><img decoding=\"async\" data-wp-class--hide=\"state.isContentHidden\" data-wp-class--show=\"state.isContentVisible\" data-wp-init=\"callbacks.setButtonStyles\" data-wp-on--click=\"actions.showLightbox\" data-wp-on--load=\"callbacks.setButtonStyles\" data-wp-on-window--resize=\"callbacks.setButtonStyles\" src=\"https:\/\/pluh2.wordpress.com\/wp-content\/uploads\/2024\/07\/cover-arabic-stropy-edited.jpg\" alt=\"\" class=\"wp-image-780\" style=\"aspect-ratio:2\/3;object-fit:cover\" \/><button\n\t\t\tclass=\"lightbox-trigger\"\n\t\t\ttype=\"button\"\n\t\t\taria-haspopup=\"dialog\"\n\t\t\taria-label=\"Vergroten\"\n\t\t\tdata-wp-init=\"callbacks.initTriggerButton\"\n\t\t\tdata-wp-on--click=\"actions.showLightbox\"\n\t\t\tdata-wp-style--right=\"state.imageButtonRight\"\n\t\t\tdata-wp-style--top=\"state.imageButtonTop\"\n\t\t>\n\t\t\t<svg xmlns=\"http:\/\/www.w3.org\/2000\/svg\" width=\"12\" height=\"12\" fill=\"none\" viewBox=\"0 0 12 12\">\n\t\t\t\t<path fill=\"#fff\" d=\"M2 0a2 2 0 0 0-2 2v2h1.5V2a.5.5 0 0 1 .5-.5h2V0H2Zm2 10.5H2a.5.5 0 0 1-.5-.5V8H0v2a2 2 0 0 0 2 2h2v-1.5ZM8 12v-1.5h2a.5.5 0 0 0 .5-.5V8H12v2a2 2 0 0 1-2 2H8Zm2-12a2 2 0 0 1 2 2v2h-1.5V2a.5.5 0 0 0-.5-.5H8V0h2Z\" \/>\n\t\t\t<\/svg>\n\t\t<\/button><\/figure>\n<\/div>\n\n\n\n<div class=\"wp-block-column is-layout-flow wp-container-core-column-is-layout-1a0eff7f wp-block-column-is-layout-flow\" style=\"flex-basis:25%\">\n<figure data-wp-context=\"{&quot;imageId&quot;:&quot;69e025887122b&quot;}\" data-wp-interactive=\"core\/image\" data-wp-key=\"69e025887122b\" class=\"wp-block-image size-large wp-lightbox-container\"><img decoding=\"async\" data-wp-class--hide=\"state.isContentHidden\" data-wp-class--show=\"state.isContentVisible\" data-wp-init=\"callbacks.setButtonStyles\" data-wp-on--click=\"actions.showLightbox\" data-wp-on--load=\"callbacks.setButtonStyles\" data-wp-on-window--resize=\"callbacks.setButtonStyles\" src=\"https:\/\/pluh2.wordpress.com\/wp-content\/uploads\/2024\/07\/cover-bulgaria-stropy-edited.jpg\" alt=\"\" class=\"wp-image-782\" style=\"aspect-ratio:2\/3;object-fit:cover\" \/><button\n\t\t\tclass=\"lightbox-trigger\"\n\t\t\ttype=\"button\"\n\t\t\taria-haspopup=\"dialog\"\n\t\t\taria-label=\"Vergroten\"\n\t\t\tdata-wp-init=\"callbacks.initTriggerButton\"\n\t\t\tdata-wp-on--click=\"actions.showLightbox\"\n\t\t\tdata-wp-style--right=\"state.imageButtonRight\"\n\t\t\tdata-wp-style--top=\"state.imageButtonTop\"\n\t\t>\n\t\t\t<svg xmlns=\"http:\/\/www.w3.org\/2000\/svg\" width=\"12\" height=\"12\" fill=\"none\" viewBox=\"0 0 12 12\">\n\t\t\t\t<path fill=\"#fff\" d=\"M2 0a2 2 0 0 0-2 2v2h1.5V2a.5.5 0 0 1 .5-.5h2V0H2Zm2 10.5H2a.5.5 0 0 1-.5-.5V8H0v2a2 2 0 0 0 2 2h2v-1.5ZM8 12v-1.5h2a.5.5 0 0 0 .5-.5V8H12v2a2 2 0 0 1-2 2H8Zm2-12a2 2 0 0 1 2 2v2h-1.5V2a.5.5 0 0 0-.5-.5H8V0h2Z\" \/>\n\t\t\t<\/svg>\n\t\t<\/button><\/figure>\n<\/div>\n<\/div>\n<\/div>\n<\/div>\n<\/div>\n<\/div>\n\n\n\n<div class=\"wp-block-column is-layout-flow wp-block-column-is-layout-flow\">\n<div style=\"height:25px\" aria-hidden=\"true\" class=\"wp-block-spacer\"><\/div>\n\n\n\n<details class=\"wp-block-details is-layout-flow wp-block-details-is-layout-flow\"><summary>Stropi<\/summary>\n<p>\u010cankarjeva, Ljubjlana, 2014<\/p>\n\n\n\n<p>Translated by Nives Vidrh<\/p>\n<\/details>\n\n\n\n<details class=\"wp-block-details is-layout-flow wp-block-details-is-layout-flow\"><summary>\u062f\u064a\u062a\u0648\u0643\u0633<\/summary>\n<p>Al Arabi, Cairo, 2015<\/p>\n\n\n\n<p>Translated by Khalid el Biltagi<\/p>\n<\/details>\n\n\n\n<details class=\"wp-block-details is-layout-flow wp-block-details-is-layout-flow\"><summary>\u0422\u0430\u0432\u0430\u043d\u0438<\/summary>\n<p>Perseus, Sofia, 2019<\/p>\n\n\n\n<p>Translated by<\/p>\n<\/details>\n\n\n\n<div style=\"height:100px\" aria-hidden=\"true\" class=\"wp-block-spacer\"><\/div>\n<\/div>\n<\/div>\n","protected":false},"excerpt":{"rendered":"<p>(Ceilings) Magnesia Litera 2013 The inner drama of takes place in a psychiatric hospital; the &#8220;detox&#8221; becomes a place of exposed interpersonal relationships, a place of agonizing questions and answers to life&#8217;s traumas, in which the outside world enters as a disturbing or soothing element. From the walls and ceilings, which seem to open up [&hellip;]<\/p>\n","protected":false},"author":1,"featured_media":783,"parent":0,"menu_order":0,"comment_status":"closed","ping_status":"closed","template":"","meta":{"footnotes":""},"class_list":["post-776","page","type-page","status-publish","has-post-thumbnail","hentry"],"_links":{"self":[{"href":"https:\/\/pluh.org\/index.php\/wp-json\/wp\/v2\/pages\/776","targetHints":{"allow":["GET"]}}],"collection":[{"href":"https:\/\/pluh.org\/index.php\/wp-json\/wp\/v2\/pages"}],"about":[{"href":"https:\/\/pluh.org\/index.php\/wp-json\/wp\/v2\/types\/page"}],"author":[{"embeddable":true,"href":"https:\/\/pluh.org\/index.php\/wp-json\/wp\/v2\/users\/1"}],"replies":[{"embeddable":true,"href":"https:\/\/pluh.org\/index.php\/wp-json\/wp\/v2\/comments?post=776"}],"version-history":[{"count":0,"href":"https:\/\/pluh.org\/index.php\/wp-json\/wp\/v2\/pages\/776\/revisions"}],"wp:featuredmedia":[{"embeddable":true,"href":"https:\/\/pluh.org\/index.php\/wp-json\/"}],"wp:attachment":[{"href":"https:\/\/pluh.org\/index.php\/wp-json\/wp\/v2\/media?parent=776"}],"curies":[{"name":"wp","href":"https:\/\/api.w.org\/{rel}","templated":true}]}}