{"id":848,"date":"2024-07-12T20:21:52","date_gmt":"2024-07-12T18:21:52","guid":{"rendered":"https:\/\/pluh2.wordpress.com\/?page_id=848"},"modified":"2024-07-12T20:21:52","modified_gmt":"2024-07-12T18:21:52","slug":"karla-klenotnika-cesta-na-korsiku","status":"publish","type":"page","link":"https:\/\/pluh.org\/index.php\/karla-klenotnika-cesta-na-korsiku\/","title":{"rendered":"Karla Klenotn\u00edka cesta na Korsiku"},"content":{"rendered":"\n<h2 class=\"wp-block-heading\">(The Trip to Corsica)<\/h2>\n\n\n\n<div class=\"wp-block-columns alignwide is-layout-flex wp-container-core-columns-is-layout-28f84493 wp-block-columns-is-layout-flex\">\n<div class=\"wp-block-column is-layout-flow wp-block-column-is-layout-flow\">\n<div class=\"wp-block-columns is-layout-flex wp-container-core-columns-is-layout-28f84493 wp-block-columns-is-layout-flex\">\n<div class=\"wp-block-column is-layout-flow wp-block-column-is-layout-flow\">\n<div class=\"wp-block-columns is-layout-flex wp-container-core-columns-is-layout-28f84493 wp-block-columns-is-layout-flex\">\n<div class=\"wp-block-column is-layout-flow wp-block-column-is-layout-flow\"><\/div>\n\n\n\n<div class=\"wp-block-column is-layout-flow wp-block-column-is-layout-flow\">\n<div style=\"height:3px\" aria-hidden=\"true\" class=\"wp-block-spacer\"><\/div>\n\n\n\n<h4 class=\"wp-block-heading has-text-align-center\">Czech Literary Fund Award 1999<\/h4>\n<\/div>\n\n\n\n<div class=\"wp-block-column is-layout-flow wp-block-column-is-layout-flow\">\n<figure class=\"wp-block-image aligncenter size-full is-resized\"><img decoding=\"async\" src=\"https:\/\/pluh2.wordpress.com\/wp-content\/uploads\/2024\/07\/cover-czech-korsika.jpg\" alt=\"\" class=\"wp-image-853\" style=\"width:266px;height:auto\" \/><\/figure>\n<\/div>\n<\/div>\n<\/div>\n\n\n\n<div class=\"wp-block-column is-layout-flow wp-block-column-is-layout-flow\">\n<div class=\"wp-block-columns is-layout-flex wp-container-core-columns-is-layout-28f84493 wp-block-columns-is-layout-flex\">\n<div class=\"wp-block-column is-layout-flow wp-block-column-is-layout-flow\" style=\"flex-basis:66.66%\">\n<div style=\"height:0px\" aria-hidden=\"true\" class=\"wp-block-spacer\"><\/div>\n\n\n\n<details class=\"wp-block-details is-layout-flow wp-block-details-is-layout-flow\"><summary>About the Book<\/summary>\n<figure class=\"wp-block-table is-style-stripes\"><table class=\"has-fixed-layout\"><tbody><tr><td class=\"has-text-align-center\" data-align=\"center\"><strong>Original Title<\/strong><\/td><td>Karla Klenotn\u00edka cesta na Korsiku<\/td><\/tr><tr><td class=\"has-text-align-center\" data-align=\"center\"><strong>First Published<\/strong><\/td><td>1999<\/td><\/tr><tr><td class=\"has-text-align-center\" data-align=\"center\"><strong>Publisher<\/strong><\/td><td>&nbsp;Ma\u0165a Publishers, Prague<\/td><\/tr><tr><td class=\"has-text-align-center\" data-align=\"center\"><strong>Pages<\/strong><\/td><td>72<\/td><\/tr><\/tbody><\/table><\/figure>\n<\/details>\n\n\n\n<details class=\"wp-block-details is-layout-flow wp-block-details-is-layout-flow\"><summary>Rights Sold<\/summary>\n<figure class=\"wp-block-table is-style-stripes\"><table class=\"has-fixed-layout\"><tbody><tr><td class=\"has-text-align-center\" data-align=\"center\"><strong>The Netherlands<\/strong><\/td><td>Voetnoot &#8211; Antverp<\/td><\/tr><tr><td class=\"has-text-align-center\" data-align=\"center\"><strong>Hungary<\/strong><\/td><td>Korma Kiad\u00f3- Budapest<\/td><\/tr><tr><td class=\"has-text-align-center\" data-align=\"center\"><strong>Belarus<\/strong><\/td><td>Arche Magazine &#8211; Minsk<\/td><\/tr><\/tbody><\/table><\/figure>\n<\/details>\n<\/div>\n\n\n\n<div class=\"wp-block-column is-layout-flow wp-block-column-is-layout-flow\" style=\"flex-basis:33.33%\"><\/div>\n<\/div>\n<\/div>\n<\/div>\n<\/div>\n<\/div>\n\n\n\n<div class=\"wp-block-columns alignwide is-layout-flex wp-container-core-columns-is-layout-28f84493 wp-block-columns-is-layout-flex\">\n<div class=\"wp-block-column is-layout-flow wp-block-column-is-layout-flow\">\n<p id=\"yui_3_17_2_1_1720562313329_602\">The intensity with which Filip Topol performs and the poetry of his song lyrics are also reflected in his prose work, and this is especially true of the novella <em>The Trip to Corsica<\/em> (1999), for which he was awarded the prize for the best prose work of that year by the Czech Literature Fund.<\/p>\n\n\n\n<p id=\"yui_3_17_2_1_1720562313329_602\">He himself said: &#8216;<em>Am 13<\/em> is a diary, about that period. <em>The Trip to Corsica<\/em> cost me more, and if I may say it bluntly: I almost died then, I underwent an operation on my pancreas&#8230; That made me think about that trip. I also had a character in my head, from a song, which was my alter ego, an unhappy guy, self-destructive, who didn&#8217;t expect much more from the world. But as life took a turn, a new, constructive character was born, David Diamond, rather an explorer of life, a seeker&#8230; and from that followed a kind of contemplation&#8230; about life, ha ha (&#8230;) There are two expressions: being alone and loneliness. I see being alone as something very positive, in the sense of not being constantly exposed to the pressure of all that chatter around you. I think being alone is a good thing. And loneliness also has something, but then you find yourself already a lot deeper. Only real strong personalities can handle that, as it is a lot worse. I tried to define it so succinctly as that loneliness, or also that being alone, is a pretty miserable evening, but thank God for the morning after. It&#8217;s not tragic, it&#8217;s rather a reconciliation with yourself.&#8217;<\/p>\n<\/div>\n\n\n\n<div class=\"wp-block-column is-layout-flow wp-block-column-is-layout-flow\">\n<blockquote class=\"wp-block-quote is-layout-flow wp-block-quote-is-layout-flow\">\n<p><em>\u201cIn the case of \u2018Of Karel Klenotn\u00edk\u2019s trip to Corsica\u2019, we slowly emerge from the linguistic fog on the chairlift. Rays of metaphors or personifications flash at us from the breaking clouds. The story of Karel Klenotnik, who escapes to Corsica from his everyday worries and problems, is illuminated by metaphors, personifications or similes. The living fan that suddenly communicates with Karl, the creeping depression that comes at the protagonist from all sides. The reader immediately thinks of the fundamental question, is this prose or poetry?\u201d<\/em><\/p>\n\n\n\n<p class=\"has-text-align-right\">\u2014 iLiteratura<\/p>\n<\/blockquote>\n<\/div>\n<\/div>\n\n\n\n<div style=\"height:31px\" aria-hidden=\"true\" class=\"wp-block-spacer\"><\/div>\n\n\n\n<div class=\"wp-block-columns alignwide is-layout-flex wp-container-core-columns-is-layout-28f84493 wp-block-columns-is-layout-flex\">\n<div class=\"wp-block-column is-layout-flow wp-block-column-is-layout-flow\">\n<h2 class=\"wp-block-heading has-text-align-center\">Translations<\/h2>\n<\/div>\n<\/div>\n\n\n\n<div class=\"wp-block-columns alignwide has-theme-2-color has-theme-5-background-color has-text-color has-background has-link-color wp-elements-4ed7dc391c2f12748210c21caa1873e8 is-layout-flex wp-container-core-columns-is-layout-28f84493 wp-block-columns-is-layout-flex\">\n<div class=\"wp-block-column is-layout-flow wp-block-column-is-layout-flow\">\n<div class=\"wp-block-group alignfull has-global-padding is-content-justification-center is-layout-constrained wp-container-core-group-is-layout-df757ecc wp-block-group-is-layout-constrained\" style=\"margin-top:0;margin-bottom:0;padding-top:calc( 0.5 * var(--wp--style--root--padding-right, var(--wp--custom--gap--horizontal)));padding-right:var(--wp--style--root--padding-right, var(--wp--custom--gap--horizontal));padding-bottom:calc( 0.5 * var(--wp--style--root--padding-right, var(--wp--custom--gap--horizontal)));padding-left:var(--wp--style--root--padding-left, var(--wp--custom--gap--horizontal))\">\n<div class=\"wp-block-group alignwide has-global-padding is-layout-constrained wp-block-group-is-layout-constrained\">\n<div class=\"wp-block-group alignfull has-global-padding is-content-justification-center is-layout-constrained wp-container-core-group-is-layout-df757ecc wp-block-group-is-layout-constrained\" style=\"margin-top:0;margin-bottom:0;padding-top:calc( 0.5 * var(--wp--style--root--padding-right, var(--wp--custom--gap--horizontal)));padding-right:var(--wp--style--root--padding-right, var(--wp--custom--gap--horizontal));padding-bottom:calc( 0.5 * var(--wp--style--root--padding-right, var(--wp--custom--gap--horizontal)));padding-left:var(--wp--style--root--padding-left, var(--wp--custom--gap--horizontal))\">\n<div class=\"wp-block-columns alignwide is-layout-flex wp-container-core-columns-is-layout-4935966c wp-block-columns-is-layout-flex\" style=\"padding-right:0;padding-left:0\">\n<div class=\"wp-block-column is-layout-flow wp-container-core-column-is-layout-1a0eff7f wp-block-column-is-layout-flow\" style=\"flex-basis:25%\"><\/div>\n\n\n\n<div class=\"wp-block-column is-layout-flow wp-container-core-column-is-layout-1a0eff7f wp-block-column-is-layout-flow\" style=\"flex-basis:25%\"><\/div>\n\n\n\n<div class=\"wp-block-column is-layout-flow wp-container-core-column-is-layout-1a0eff7f wp-block-column-is-layout-flow\" style=\"flex-basis:25%\">\n<figure class=\"wp-block-image size-large\"><img decoding=\"async\" src=\"https:\/\/pluh2.wordpress.com\/wp-content\/uploads\/2024\/07\/cover-hungary-corsica-edited.jpg\" alt=\"\" class=\"wp-image-850\" \/><\/figure>\n<\/div>\n\n\n\n<div class=\"wp-block-column is-layout-flow wp-container-core-column-is-layout-1a0eff7f wp-block-column-is-layout-flow\" style=\"flex-basis:25%\">\n<figure data-wp-context=\"{&quot;imageId&quot;:&quot;69e025ff73d2b&quot;}\" data-wp-interactive=\"core\/image\" data-wp-key=\"69e025ff73d2b\" class=\"wp-block-image size-large wp-lightbox-container\"><img decoding=\"async\" data-wp-class--hide=\"state.isContentHidden\" data-wp-class--show=\"state.isContentVisible\" data-wp-init=\"callbacks.setButtonStyles\" data-wp-on--click=\"actions.showLightbox\" data-wp-on--load=\"callbacks.setButtonStyles\" data-wp-on-window--resize=\"callbacks.setButtonStyles\" src=\"https:\/\/pluh2.wordpress.com\/wp-content\/uploads\/2024\/07\/cover-dutch-corsica-edited.jpg\" alt=\"\" class=\"wp-image-852\" style=\"aspect-ratio:2\/3;object-fit:cover\" \/><button\n\t\t\tclass=\"lightbox-trigger\"\n\t\t\ttype=\"button\"\n\t\t\taria-haspopup=\"dialog\"\n\t\t\taria-label=\"Vergroten\"\n\t\t\tdata-wp-init=\"callbacks.initTriggerButton\"\n\t\t\tdata-wp-on--click=\"actions.showLightbox\"\n\t\t\tdata-wp-style--right=\"state.imageButtonRight\"\n\t\t\tdata-wp-style--top=\"state.imageButtonTop\"\n\t\t>\n\t\t\t<svg xmlns=\"http:\/\/www.w3.org\/2000\/svg\" width=\"12\" height=\"12\" fill=\"none\" viewBox=\"0 0 12 12\">\n\t\t\t\t<path fill=\"#fff\" d=\"M2 0a2 2 0 0 0-2 2v2h1.5V2a.5.5 0 0 1 .5-.5h2V0H2Zm2 10.5H2a.5.5 0 0 1-.5-.5V8H0v2a2 2 0 0 0 2 2h2v-1.5ZM8 12v-1.5h2a.5.5 0 0 0 .5-.5V8H12v2a2 2 0 0 1-2 2H8Zm2-12a2 2 0 0 1 2 2v2h-1.5V2a.5.5 0 0 0-.5-.5H8V0h2Z\" \/>\n\t\t\t<\/svg>\n\t\t<\/button><\/figure>\n<\/div>\n<\/div>\n<\/div>\n<\/div>\n<\/div>\n<\/div>\n\n\n\n<div class=\"wp-block-column is-layout-flow wp-block-column-is-layout-flow\">\n<div style=\"height:24px\" aria-hidden=\"true\" class=\"wp-block-spacer\"><\/div>\n\n\n\n<details class=\"wp-block-details is-layout-flow wp-block-details-is-layout-flow\"><summary>\u00c9kszer\u00e9sz K\u00e1roly \u00fatja Korzik\u00e1ra<\/summary>\n<p>Korma Ki\u00e1do, Budapest, 2002<\/p>\n\n\n\n<p>Translated by Ott\u00edlia Barna<\/p>\n<\/details>\n\n\n\n<details class=\"wp-block-details is-layout-flow wp-block-details-is-layout-flow\"><summary>\u041a\u0430\u0440\u043b\u0430 \u0417\u0430\u043b\u0430\u0442\u0430\u0440\u0430 \u043f\u0430\u0434\u0430\u0440\u043e\u0436\u0436\u0430 \u043d\u0430 \u041a\u043e\u0440\u0441i\u043a\u0443<\/summary>\n<p>Arche Magazine, Minsk, 2007<\/p>\n\n\n\n<p>Translated by Veranika Bialkovich<\/p>\n<\/details>\n\n\n\n<details class=\"wp-block-details is-layout-flow wp-block-details-is-layout-flow\"><summary>De reis naar Corsica<\/summary>\n<p>Voetnoot, Antverp, 2008<\/p>\n\n\n\n<p>Translated by Edgar de Bruin<\/p>\n<\/details>\n\n\n\n<div style=\"height:95px\" aria-hidden=\"true\" class=\"wp-block-spacer\"><\/div>\n<\/div>\n<\/div>\n","protected":false},"excerpt":{"rendered":"<p>(The Trip to Corsica) Czech Literary Fund Award 1999 The intensity with which Filip Topol performs and the poetry of his song lyrics are also reflected in his prose work, and this is especially true of the novella The Trip to Corsica (1999), for which he was awarded the prize for the best prose work [&hellip;]<\/p>\n","protected":false},"author":1,"featured_media":853,"parent":0,"menu_order":0,"comment_status":"closed","ping_status":"closed","template":"","meta":{"footnotes":""},"class_list":["post-848","page","type-page","status-publish","has-post-thumbnail","hentry"],"_links":{"self":[{"href":"https:\/\/pluh.org\/index.php\/wp-json\/wp\/v2\/pages\/848","targetHints":{"allow":["GET"]}}],"collection":[{"href":"https:\/\/pluh.org\/index.php\/wp-json\/wp\/v2\/pages"}],"about":[{"href":"https:\/\/pluh.org\/index.php\/wp-json\/wp\/v2\/types\/page"}],"author":[{"embeddable":true,"href":"https:\/\/pluh.org\/index.php\/wp-json\/wp\/v2\/users\/1"}],"replies":[{"embeddable":true,"href":"https:\/\/pluh.org\/index.php\/wp-json\/wp\/v2\/comments?post=848"}],"version-history":[{"count":0,"href":"https:\/\/pluh.org\/index.php\/wp-json\/wp\/v2\/pages\/848\/revisions"}],"wp:featuredmedia":[{"embeddable":true,"href":"https:\/\/pluh.org\/index.php\/wp-json\/"}],"wp:attachment":[{"href":"https:\/\/pluh.org\/index.php\/wp-json\/wp\/v2\/media?parent=848"}],"curies":[{"name":"wp","href":"https:\/\/api.w.org\/{rel}","templated":true}]}}